{"id":11,"date":"2025-09-17T12:08:46","date_gmt":"2025-09-17T15:08:46","guid":{"rendered":"https:\/\/dev.antudigital.cl\/sites\/aroma\/?page_id=11"},"modified":"2025-09-24T11:54:17","modified_gmt":"2025-09-24T14:54:17","slug":"holding","status":"publish","type":"page","link":"https:\/\/dev.antudigital.cl\/sites\/aroma\/holding\/","title":{"rendered":"Holding"},"content":{"rendered":"\t\t<div data-elementor-type=\"wp-page\" data-elementor-id=\"11\" class=\"elementor elementor-11\" data-elementor-post-type=\"page\">\n\t\t\t\t<div class=\"elementor-element elementor-element-f038219 e-flex e-con-boxed e-con e-parent\" data-id=\"f038219\" data-element_type=\"container\" data-settings=\"{&quot;background_background&quot;:&quot;classic&quot;}\">\n\t\t\t\t\t<div class=\"e-con-inner\">\n\t\t\t\t<div class=\"elementor-element elementor-element-7cab6e7 elementor-widget elementor-widget-heading\" data-id=\"7cab6e7\" data-element_type=\"widget\" data-widget_type=\"heading.default\">\n\t\t\t\t\t<h1 class=\"elementor-heading-title elementor-size-default\">Nuestro Holding<\/h1>\t\t\t\t<\/div>\n\t\t\t\t<div class=\"elementor-element elementor-element-cc37288 elementor-widget__width-initial elementor-widget elementor-widget-heading\" data-id=\"cc37288\" data-element_type=\"widget\" data-widget_type=\"heading.default\">\n\t\t\t\t\t<h3 class=\"elementor-heading-title elementor-size-default\">Impulsando la sostenibilidad \ncon tecnolog\u00edas de vanguardia<\/h3>\t\t\t\t<\/div>\n\t\t\t\t\t<\/div>\n\t\t\t\t<\/div>\n\t\t<div class=\"elementor-element elementor-element-b799a74 e-flex e-con-boxed e-con e-parent\" data-id=\"b799a74\" data-element_type=\"container\" data-settings=\"{&quot;background_background&quot;:&quot;classic&quot;}\">\n\t\t\t\t\t<div class=\"e-con-inner\">\n\t\t\t\t<div class=\"elementor-element elementor-element-a10bddd elementor-widget elementor-widget-heading\" data-id=\"a10bddd\" data-element_type=\"widget\" data-widget_type=\"heading.default\">\n\t\t\t\t\t<h4 class=\"elementor-heading-title elementor-size-default\">Nos complace anunciar que Aroma Global\u00ae (Aroma SpA), reconocida por desarrollar soluciones biotecnol\u00f3gicas en el \u00e1rea agr\u00edcola, industrial y ambiental, es ahora un integrante clave del holding ProCycla, que integra tambi\u00e9n a Modela CFD, Modela UK, ProCycla Chile y ProCycla Espa\u00f1a.<\/h4>\t\t\t\t<\/div>\n\t\t\t\t<div class=\"elementor-element elementor-element-598d749 elementor-widget elementor-widget-heading\" data-id=\"598d749\" data-element_type=\"widget\" data-widget_type=\"heading.default\">\n\t\t\t\t\t<h5 class=\"elementor-heading-title elementor-size-default\">Este grupo se dedica a impulsar la sostenibilidad y la econom\u00eda circular en los sectores agropecuarios e industriales, aprovechando la ingenier\u00eda avanzada, la microbiolog\u00eda y las energ\u00edas renovables para generar un menor impacto ambiental.<\/h5>\t\t\t\t<\/div>\n\t\t\t\t\t<\/div>\n\t\t\t\t<\/div>\n\t\t<div class=\"elementor-element elementor-element-64222d6 e-flex e-con-boxed e-con e-parent\" data-id=\"64222d6\" data-element_type=\"container\">\n\t\t\t\t\t<div class=\"e-con-inner\">\n\t\t<div class=\"elementor-element elementor-element-076423d e-con-full e-flex e-con e-child\" data-id=\"076423d\" data-element_type=\"container\">\n\t\t\t\t<div class=\"elementor-element elementor-element-e641f50 elementor-widget elementor-widget-image\" data-id=\"e641f50\" data-element_type=\"widget\" data-widget_type=\"image.default\">\n\t\t\t\t\t\t\t\t\t\t\t\t\t\t\t<img fetchpriority=\"high\" decoding=\"async\" width=\"490\" height=\"130\" src=\"https:\/\/dev.antudigital.cl\/sites\/aroma\/wp-content\/uploads\/2025\/09\/aroma490x130.jpg\" class=\"attachment-full size-full wp-image-109\" alt=\"\" srcset=\"https:\/\/dev.antudigital.cl\/sites\/aroma\/wp-content\/uploads\/2025\/09\/aroma490x130.jpg 490w, https:\/\/dev.antudigital.cl\/sites\/aroma\/wp-content\/uploads\/2025\/09\/aroma490x130-300x80.jpg 300w\" sizes=\"(max-width: 490px) 100vw, 490px\" \/>\t\t\t\t\t\t\t\t\t\t\t\t\t\t\t<\/div>\n\t\t\t\t<\/div>\n\t\t<div class=\"elementor-element elementor-element-5291236 e-con-full e-flex e-con e-child\" data-id=\"5291236\" data-element_type=\"container\">\n\t\t\t\t<div class=\"elementor-element elementor-element-234c8c9 elementor-widget elementor-widget-text-editor\" data-id=\"234c8c9\" data-element_type=\"widget\" data-widget_type=\"text-editor.default\">\n\t\t\t\t\t\t\t\t\t<p>Aroma Global\u00ae\u00a0(Aroma SpA), con sede en Chile (Santiago y Concepcio\u0301n), sobresale por su expertise en ciencias biolo\u0301gicas, especializa\u0301ndose en el estudio de fitopato\u0301genos, desarrollo de bioinsumos y el estudio de cepas microbianas y biopeli\u0301culas bacterianas aplicadas en industria y medioambiente.<\/p><p>Adema\u0301s, se diferencia por alto nivel de conocimiento para realizar proyectos y servicios de I+D, con ejecucio\u0301n de experimentos a nivel de laboratorio, invernadero y de campo, desarrollando soluciones innovadoras con el apoyo de un equipo cient\u00edfico-te\u0301cnico altamente calificado.<\/p><p>Aroma Global\u00ae ofrece servicios de asesori\u0301a y capacitacio\u0301n en dos a\u0301reas principales: Aroma Lab\u00ae, especializada en I+D agri\u0301cola, y Aroma Micro\u00ae, que ofrece servicios en I+D microbiolo\u0301gica, en el aislamiento, cultivo de bacterias y desarrollo de biopeli\u0301culas para biorremediacio\u0301n.<\/p>\t\t\t\t\t\t\t\t<\/div>\n\t\t\t\t<\/div>\n\t\t\t\t\t<\/div>\n\t\t\t\t<\/div>\n\t\t<div class=\"elementor-element elementor-element-256a5ce e-flex e-con-boxed e-con e-parent\" data-id=\"256a5ce\" data-element_type=\"container\" data-settings=\"{&quot;background_background&quot;:&quot;classic&quot;}\">\n\t\t\t\t\t<div class=\"e-con-inner\">\n\t\t<div class=\"elementor-element elementor-element-08f544d e-con-full e-flex e-con e-child\" data-id=\"08f544d\" data-element_type=\"container\">\n\t\t\t\t<div class=\"elementor-element elementor-element-bd06423 elementor-widget elementor-widget-text-editor\" data-id=\"bd06423\" data-element_type=\"widget\" data-widget_type=\"text-editor.default\">\n\t\t\t\t\t\t\t\t\t<p>ProCycla\u00ae\u00a0se destaca por su liderazgo en energi\u0301a renovable y gestio\u0301n sostenible de residuos, con presencia en Espan\u0303a y Chile. ProCycla SL, en Espan\u0303a (Barcelona), se enfoca en el desarrollo de energi\u0301as renovables, mientras que ProCycla SpA, en Chile (Santiago), se especializa en la gestio\u0301n avanzada de residuos. Ambas sedes comparten una so\u0301lida dedicacio\u0301n a la investigacio\u0301n y desarrollo (I+D) en el tratamiento de residuos.\u2028<\/p><p>Sus profesionales cuentan con vasta experiencia y capacidad innovadora en ingenieri\u0301a y biotecnologi\u0301a, lo que les permite integrar tecnologi\u0301as avanzadas y mantener un firme compromiso con la innovacio\u0301n. Este enfoque integral promueve soluciones eficientes y sostenibles que contribuyen al desarrollo de un entorno ma\u0301s ecolo\u0301gico y responsable.<\/p>\t\t\t\t\t\t\t\t<\/div>\n\t\t\t\t<\/div>\n\t\t<div class=\"elementor-element elementor-element-cac85e3 e-con-full e-flex e-con e-child\" data-id=\"cac85e3\" data-element_type=\"container\">\n\t\t\t\t<div class=\"elementor-element elementor-element-a837ee8 elementor-widget elementor-widget-image\" data-id=\"a837ee8\" data-element_type=\"widget\" data-widget_type=\"image.default\">\n\t\t\t\t\t\t\t\t\t\t\t\t\t\t\t<img decoding=\"async\" width=\"497\" height=\"105\" src=\"https:\/\/dev.antudigital.cl\/sites\/aroma\/wp-content\/uploads\/2025\/09\/procycla-logo.png\" class=\"attachment-full size-full wp-image-113\" alt=\"\" srcset=\"https:\/\/dev.antudigital.cl\/sites\/aroma\/wp-content\/uploads\/2025\/09\/procycla-logo.png 497w, https:\/\/dev.antudigital.cl\/sites\/aroma\/wp-content\/uploads\/2025\/09\/procycla-logo-300x63.png 300w\" sizes=\"(max-width: 497px) 100vw, 497px\" \/>\t\t\t\t\t\t\t\t\t\t\t\t\t\t\t<\/div>\n\t\t\t\t<\/div>\n\t\t\t\t\t<\/div>\n\t\t\t\t<\/div>\n\t\t<div class=\"elementor-element elementor-element-2dae9cf e-flex e-con-boxed e-con e-parent\" data-id=\"2dae9cf\" data-element_type=\"container\">\n\t\t\t\t\t<div class=\"e-con-inner\">\n\t\t<div class=\"elementor-element elementor-element-7fdeabb e-con-full e-flex e-con e-child\" data-id=\"7fdeabb\" data-element_type=\"container\">\n\t\t\t\t<div class=\"elementor-element elementor-element-59f76e1 elementor-widget elementor-widget-image\" data-id=\"59f76e1\" data-element_type=\"widget\" data-widget_type=\"image.default\">\n\t\t\t\t\t\t\t\t\t\t\t\t\t\t\t<img decoding=\"async\" width=\"490\" height=\"130\" src=\"https:\/\/dev.antudigital.cl\/sites\/aroma\/wp-content\/uploads\/2025\/09\/modela490x130.jpg\" class=\"attachment-full size-full wp-image-111\" alt=\"\" srcset=\"https:\/\/dev.antudigital.cl\/sites\/aroma\/wp-content\/uploads\/2025\/09\/modela490x130.jpg 490w, https:\/\/dev.antudigital.cl\/sites\/aroma\/wp-content\/uploads\/2025\/09\/modela490x130-300x80.jpg 300w\" sizes=\"(max-width: 490px) 100vw, 490px\" \/>\t\t\t\t\t\t\t\t\t\t\t\t\t\t\t<\/div>\n\t\t\t\t<\/div>\n\t\t<div class=\"elementor-element elementor-element-020b9c4 e-con-full e-flex e-con e-child\" data-id=\"020b9c4\" data-element_type=\"container\">\n\t\t\t\t<div class=\"elementor-element elementor-element-3723bed elementor-widget elementor-widget-text-editor\" data-id=\"3723bed\" data-element_type=\"widget\" data-widget_type=\"text-editor.default\">\n\t\t\t\t\t\t\t\t\t<p>Modela\u00a0se destaca por desarrollar soluciones avanzadas para las operaciones industriales a partir de modelacio\u0301n y simulacio\u0301n fluidodina\u0301mica. Con presencia en el Reino Unido (Glasgow) a trave\u0301s de Modela Ltd. y en Chile (Santiago) con Modela SpA, su equipo profesional cuenta con amplio dominio en biotecnologi\u0301a, f\u00edsica, modelacio\u0301n y simulacio\u0301n.<br \/><br \/>Comprometidos con la optimizacio\u0301n de la reutilizacio\u0301n de recursos y la reduccio\u0301n del impacto ambiental, Modela fomenta pra\u0301cticas sostenibles e innovadoras en cada proyecto. <br \/><br \/>Ofrecemos servicios de modelacio\u0301n que mejoran la sostenibilidad de los procesos industriales y facilitan la transicio\u0301n hacia una economi\u0301a circular.<\/p>\t\t\t\t\t\t\t\t<\/div>\n\t\t\t\t<\/div>\n\t\t\t\t\t<\/div>\n\t\t\t\t<\/div>\n\t\t<div class=\"elementor-element elementor-element-30b9eb7 e-flex e-con-boxed e-con e-parent\" data-id=\"30b9eb7\" data-element_type=\"container\" data-settings=\"{&quot;background_background&quot;:&quot;classic&quot;}\">\n\t\t\t\t\t<div class=\"e-con-inner\">\n\t\t<div class=\"elementor-element elementor-element-85770ea e-con-full e-flex e-con e-child\" data-id=\"85770ea\" data-element_type=\"container\">\n\t\t\t\t<div class=\"elementor-element elementor-element-eae2a08 elementor-widget elementor-widget-heading\" data-id=\"eae2a08\" data-element_type=\"widget\" data-widget_type=\"heading.default\">\n\t\t\t\t\t<h3 class=\"elementor-heading-title elementor-size-default\">Expansi\u00f3n de rol y estrategias de innovaci\u00f3n<\/h3>\t\t\t\t<\/div>\n\t\t\t\t<div class=\"elementor-element elementor-element-0eb9d17 elementor-widget elementor-widget-text-editor\" data-id=\"0eb9d17\" data-element_type=\"widget\" data-widget_type=\"text-editor.default\">\n\t\t\t\t\t\t\t\t\t<p>Aroma Global\u00ae expandir\u00e1 su papel en el tratamiento avanzado de residuos org\u00e1nicos y en la conversi\u00f3n de biomasa en energ\u00eda y productos valiosos. Este enfoque integrador no solo facilita la gesti\u00f3n de residuos, sino que tambi\u00e9n mejora la sostenibilidad de los sistemas agr\u00edcolas y energ\u00e9ticos.<br \/><br \/>Nuestros centros en Melipilla y Concepci\u00f3n se convertir\u00e1n en hubs de innovaci\u00f3n donde colaboraremos con Modela y ProCycla para desarrollar cepas microbianas que optimicen tanto el vermicompostaje como la digesti\u00f3n anaerobia, mejorando la salud del suelo y el crecimiento vegetal.<\/p>\t\t\t\t\t\t\t\t<\/div>\n\t\t\t\t<\/div>\n\t\t<div class=\"elementor-element elementor-element-1c1aed2 e-con-full e-flex e-con e-child\" data-id=\"1c1aed2\" data-element_type=\"container\">\n\t\t\t\t<div class=\"elementor-element elementor-element-010c322 elementor-widget elementor-widget-image\" data-id=\"010c322\" data-element_type=\"widget\" data-widget_type=\"image.default\">\n\t\t\t\t\t\t\t\t\t\t\t\t\t\t\t<img loading=\"lazy\" decoding=\"async\" width=\"608\" height=\"392\" src=\"https:\/\/dev.antudigital.cl\/sites\/aroma\/wp-content\/uploads\/2025\/09\/1-608x392-1.jpg\" class=\"attachment-full size-full wp-image-107\" alt=\"\" srcset=\"https:\/\/dev.antudigital.cl\/sites\/aroma\/wp-content\/uploads\/2025\/09\/1-608x392-1.jpg 608w, https:\/\/dev.antudigital.cl\/sites\/aroma\/wp-content\/uploads\/2025\/09\/1-608x392-1-300x193.jpg 300w\" sizes=\"(max-width: 608px) 100vw, 608px\" \/>\t\t\t\t\t\t\t\t\t\t\t\t\t\t\t<\/div>\n\t\t\t\t<\/div>\n\t\t\t\t\t<\/div>\n\t\t\t\t<\/div>\n\t\t<div class=\"elementor-element elementor-element-fb2fa4d e-flex e-con-boxed e-con e-parent\" data-id=\"fb2fa4d\" data-element_type=\"container\" data-settings=\"{&quot;background_background&quot;:&quot;classic&quot;}\">\n\t\t\t\t\t<div class=\"e-con-inner\">\n\t\t<div class=\"elementor-element elementor-element-dafb604 e-con-full e-flex e-con e-child\" data-id=\"dafb604\" data-element_type=\"container\">\n\t\t\t\t<div class=\"elementor-element elementor-element-aa42f45 elementor-widget elementor-widget-image\" data-id=\"aa42f45\" data-element_type=\"widget\" data-widget_type=\"image.default\">\n\t\t\t\t\t\t\t\t\t\t\t\t\t\t\t<img loading=\"lazy\" decoding=\"async\" width=\"608\" height=\"392\" src=\"https:\/\/dev.antudigital.cl\/sites\/aroma\/wp-content\/uploads\/2025\/09\/2-608x392-1.jpg\" class=\"attachment-full size-full wp-image-108\" alt=\"\" srcset=\"https:\/\/dev.antudigital.cl\/sites\/aroma\/wp-content\/uploads\/2025\/09\/2-608x392-1.jpg 608w, https:\/\/dev.antudigital.cl\/sites\/aroma\/wp-content\/uploads\/2025\/09\/2-608x392-1-300x193.jpg 300w\" sizes=\"(max-width: 608px) 100vw, 608px\" \/>\t\t\t\t\t\t\t\t\t\t\t\t\t\t\t<\/div>\n\t\t\t\t<\/div>\n\t\t<div class=\"elementor-element elementor-element-3f81d97 e-con-full e-flex e-con e-child\" data-id=\"3f81d97\" data-element_type=\"container\">\n\t\t\t\t<div class=\"elementor-element elementor-element-a49fa2c elementor-widget elementor-widget-heading\" data-id=\"a49fa2c\" data-element_type=\"widget\" data-widget_type=\"heading.default\">\n\t\t\t\t\t<h3 class=\"elementor-heading-title elementor-size-default\">Impacto y compromiso futuro<\/h3>\t\t\t\t<\/div>\n\t\t\t\t<div class=\"elementor-element elementor-element-5883038 elementor-widget elementor-widget-text-editor\" data-id=\"5883038\" data-element_type=\"widget\" data-widget_type=\"text-editor.default\">\n\t\t\t\t\t\t\t\t\t<p>La alianza estrate\u0301gica nos permite un significativo potencial para expandir nuestra presencia internacional y explorar nuevas oportunidades en industrias que se beneficien de nuestra avanzada capacidad de investigacio\u0301n y tecnologi\u0301a. <br \/><br \/>Este enfoque colaborativo ampli\u0301a nuestro impacto en los mercados tanto locales como internacionales y refuerza nuestro compromiso con los principios de la economi\u0301a circular, promoviendo un sistema productivo ma\u0301s regenerativo y sostenible.<\/p>\t\t\t\t\t\t\t\t<\/div>\n\t\t\t\t<\/div>\n\t\t\t\t\t<\/div>\n\t\t\t\t<\/div>\n\t\t\t\t<\/div>\n\t\t","protected":false},"excerpt":{"rendered":"<p>Nuestro Holding Impulsando la sostenibilidad con tecnolog\u00edas de vanguardia Nos complace anunciar que Aroma Global\u00ae (Aroma SpA), reconocida por desarrollar soluciones biotecnol\u00f3gicas en el \u00e1rea agr\u00edcola, industrial y ambiental, es ahora un integrante clave del holding ProCycla, que integra tambi\u00e9n a Modela CFD, Modela UK, ProCycla Chile y ProCycla Espa\u00f1a. Este grupo se dedica a [&hellip;]<\/p>\n","protected":false},"author":1,"featured_media":0,"parent":0,"menu_order":0,"comment_status":"closed","ping_status":"closed","template":"elementor_header_footer","meta":{"_acf_changed":false,"footnotes":""},"class_list":["post-11","page","type-page","status-publish","hentry"],"acf":[],"_links":{"self":[{"href":"https:\/\/dev.antudigital.cl\/sites\/aroma\/wp-json\/wp\/v2\/pages\/11","targetHints":{"allow":["GET"]}}],"collection":[{"href":"https:\/\/dev.antudigital.cl\/sites\/aroma\/wp-json\/wp\/v2\/pages"}],"about":[{"href":"https:\/\/dev.antudigital.cl\/sites\/aroma\/wp-json\/wp\/v2\/types\/page"}],"author":[{"embeddable":true,"href":"https:\/\/dev.antudigital.cl\/sites\/aroma\/wp-json\/wp\/v2\/users\/1"}],"replies":[{"embeddable":true,"href":"https:\/\/dev.antudigital.cl\/sites\/aroma\/wp-json\/wp\/v2\/comments?post=11"}],"version-history":[{"count":37,"href":"https:\/\/dev.antudigital.cl\/sites\/aroma\/wp-json\/wp\/v2\/pages\/11\/revisions"}],"predecessor-version":[{"id":557,"href":"https:\/\/dev.antudigital.cl\/sites\/aroma\/wp-json\/wp\/v2\/pages\/11\/revisions\/557"}],"wp:attachment":[{"href":"https:\/\/dev.antudigital.cl\/sites\/aroma\/wp-json\/wp\/v2\/media?parent=11"}],"curies":[{"name":"wp","href":"https:\/\/api.w.org\/{rel}","templated":true}]}}