{"id":16,"date":"2025-09-17T12:09:09","date_gmt":"2025-09-17T15:09:09","guid":{"rendered":"https:\/\/dev.antudigital.cl\/sites\/aroma\/?page_id=16"},"modified":"2025-09-30T19:06:22","modified_gmt":"2025-09-30T22:06:22","slug":"servicios","status":"publish","type":"page","link":"https:\/\/dev.antudigital.cl\/sites\/aroma\/servicios\/","title":{"rendered":"Servicios"},"content":{"rendered":"\t\t<div data-elementor-type=\"wp-page\" data-elementor-id=\"16\" class=\"elementor elementor-16\" data-elementor-post-type=\"page\">\n\t\t\t\t<div class=\"elementor-element elementor-element-30ef204 e-flex e-con-boxed e-con e-parent\" data-id=\"30ef204\" data-element_type=\"container\" data-settings=\"{&quot;background_background&quot;:&quot;classic&quot;}\">\n\t\t\t\t\t<div class=\"e-con-inner\">\n\t\t\t\t<div class=\"elementor-element elementor-element-c7b9d2c elementor-widget__width-initial elementor-widget elementor-widget-heading\" data-id=\"c7b9d2c\" data-element_type=\"widget\" data-widget_type=\"heading.default\">\n\t\t\t\t\t<h1 class=\"elementor-heading-title elementor-size-default\">Servicios<\/h1>\t\t\t\t<\/div>\n\t\t\t\t\t<\/div>\n\t\t\t\t<\/div>\n\t\t<div class=\"elementor-element elementor-element-ec27ab3 e-flex e-con-boxed e-con e-parent\" data-id=\"ec27ab3\" data-element_type=\"container\" data-settings=\"{&quot;background_background&quot;:&quot;classic&quot;}\">\n\t\t\t\t\t<div class=\"e-con-inner\">\n\t\t\t\t<div class=\"elementor-element elementor-element-f83e5f4 elementor-widget elementor-widget-text-editor\" data-id=\"f83e5f4\" data-element_type=\"widget\" data-widget_type=\"text-editor.default\">\n\t\t\t\t\t\t\t\t\t<p><b>Aroma Global\u00ae\u00a0 transforma tus desaf\u00edos en soluciones innovadoras.<br \/>Te ofrecemos productos y servicios con respaldo cient\u00edfico, dise\u00f1ados para garantizar resultados confiables.<\/b><\/p><p>Creamos juntos un plan de trabajo adaptado a tus necesidades y prioridades. Adem\u00e1s, te ayudamos a obtener financiamiento para proyectos de I+D.<\/p><p>Vive la experiencia de trabajar con un equipo consolidado para impulsar tu negocio.<\/p>\t\t\t\t\t\t\t\t<\/div>\n\t\t\t\t\t<\/div>\n\t\t\t\t<\/div>\n\t\t<div class=\"elementor-element elementor-element-f8a4780 e-flex e-con-boxed e-con e-parent\" data-id=\"f8a4780\" data-element_type=\"container\">\n\t\t\t\t\t<div class=\"e-con-inner\">\n\t\t<div class=\"elementor-element elementor-element-5921025 e-con-full e-flex e-con e-child\" data-id=\"5921025\" data-element_type=\"container\">\n\t\t\t\t<div class=\"elementor-element elementor-element-ee172e9 elementor-widget elementor-widget-image\" data-id=\"ee172e9\" data-element_type=\"widget\" data-widget_type=\"image.default\">\n\t\t\t\t\t\t\t\t\t\t\t\t\t\t\t<img fetchpriority=\"high\" decoding=\"async\" width=\"608\" height=\"392\" src=\"https:\/\/dev.antudigital.cl\/sites\/aroma\/wp-content\/uploads\/2025\/09\/aromamicro_608x392.jpg\" class=\"attachment-full size-full wp-image-33\" alt=\"\" srcset=\"https:\/\/dev.antudigital.cl\/sites\/aroma\/wp-content\/uploads\/2025\/09\/aromamicro_608x392.jpg 608w, https:\/\/dev.antudigital.cl\/sites\/aroma\/wp-content\/uploads\/2025\/09\/aromamicro_608x392-300x193.jpg 300w\" sizes=\"(max-width: 608px) 100vw, 608px\" \/>\t\t\t\t\t\t\t\t\t\t\t\t\t\t\t<\/div>\n\t\t\t\t<\/div>\n\t\t<div class=\"elementor-element elementor-element-b80b261 e-con-full e-flex e-con e-child\" data-id=\"b80b261\" data-element_type=\"container\">\n\t\t\t\t<div class=\"elementor-element elementor-element-6c2c09a elementor-position-left elementor-mobile-position-left elementor-view-default elementor-widget elementor-widget-icon-box\" data-id=\"6c2c09a\" data-element_type=\"widget\" data-widget_type=\"icon-box.default\">\n\t\t\t\t\t\t\t<div class=\"elementor-icon-box-wrapper\">\n\n\t\t\t\t\t\t<div class=\"elementor-icon-box-icon\">\n\t\t\t\t<span  class=\"elementor-icon\">\n\t\t\t\t<svg aria-hidden=\"true\" class=\"e-font-icon-svg e-fas-circle\" viewBox=\"0 0 512 512\" xmlns=\"http:\/\/www.w3.org\/2000\/svg\"><path d=\"M256 8C119 8 8 119 8 256s111 248 248 248 248-111 248-248S393 8 256 8z\"><\/path><\/svg>\t\t\t\t<\/span>\n\t\t\t<\/div>\n\t\t\t\n\t\t\t\t\t\t<div class=\"elementor-icon-box-content\">\n\n\t\t\t\t\t\t\t\t\t<span class=\"elementor-icon-box-title\">\n\t\t\t\t\t\t<span  >\n\t\t\t\t\t\t\tAsesor\u00edas en formulaci\u00f3n de proyectos:\t\t\t\t\t\t<\/span>\n\t\t\t\t\t<\/span>\n\t\t\t\t\n\t\t\t\t\t\t\t\t\t<p class=\"elementor-icon-box-description\">\n\t\t\t\t\t\tImpulsa tus ideas con proyectos de investigaci\u00f3n y desarrollo hechos a la medida. Te ayudamos a postular y adjudicar fondos concursables, dise\u00f1ando propuestas s\u00f3lidas y ejecutables que maximizan el \u00e9xito de tu inversi\u00f3n en innovaci\u00f3n.\t\t\t\t\t<\/p>\n\t\t\t\t\n\t\t\t<\/div>\n\t\t\t\n\t\t<\/div>\n\t\t\t\t\t\t<\/div>\n\t\t\t\t<div class=\"elementor-element elementor-element-ae781af elementor-position-left elementor-mobile-position-left elementor-view-default elementor-widget elementor-widget-icon-box\" data-id=\"ae781af\" data-element_type=\"widget\" data-widget_type=\"icon-box.default\">\n\t\t\t\t\t\t\t<div class=\"elementor-icon-box-wrapper\">\n\n\t\t\t\t\t\t<div class=\"elementor-icon-box-icon\">\n\t\t\t\t<span  class=\"elementor-icon\">\n\t\t\t\t<svg aria-hidden=\"true\" class=\"e-font-icon-svg e-fas-circle\" viewBox=\"0 0 512 512\" xmlns=\"http:\/\/www.w3.org\/2000\/svg\"><path d=\"M256 8C119 8 8 119 8 256s111 248 248 248 248-111 248-248S393 8 256 8z\"><\/path><\/svg>\t\t\t\t<\/span>\n\t\t\t<\/div>\n\t\t\t\n\t\t\t\t\t\t<div class=\"elementor-icon-box-content\">\n\n\t\t\t\t\t\t\t\t\t<span class=\"elementor-icon-box-title\">\n\t\t\t\t\t\t<span  >\n\t\t\t\t\t\t\tDesarrollo de actividades de I+D por contrato:\t\t\t\t\t\t<\/span>\n\t\t\t\t\t<\/span>\n\t\t\t\t\n\t\t\t\t\t\t\t\t\t<p class=\"elementor-icon-box-description\">\n\t\t\t\t\t\tTe ofrecemos un equipo cient\u00edfico especializado, laboratorios equipados y experiencia comprobada para llevar adelante tus iniciativas, desde la validaci\u00f3n inicial hasta la obtenci\u00f3n de resultados transferibles al mercado.\t\t\t\t\t<\/p>\n\t\t\t\t\n\t\t\t<\/div>\n\t\t\t\n\t\t<\/div>\n\t\t\t\t\t\t<\/div>\n\t\t\t\t<div class=\"elementor-element elementor-element-f3fe69f elementor-position-left elementor-mobile-position-left elementor-view-default elementor-widget elementor-widget-icon-box\" data-id=\"f3fe69f\" data-element_type=\"widget\" data-widget_type=\"icon-box.default\">\n\t\t\t\t\t\t\t<div class=\"elementor-icon-box-wrapper\">\n\n\t\t\t\t\t\t<div class=\"elementor-icon-box-icon\">\n\t\t\t\t<span  class=\"elementor-icon\">\n\t\t\t\t<svg aria-hidden=\"true\" class=\"e-font-icon-svg e-fas-circle\" viewBox=\"0 0 512 512\" xmlns=\"http:\/\/www.w3.org\/2000\/svg\"><path d=\"M256 8C119 8 8 119 8 256s111 248 248 248 248-111 248-248S393 8 256 8z\"><\/path><\/svg>\t\t\t\t<\/span>\n\t\t\t<\/div>\n\t\t\t\n\t\t\t\t\t\t<div class=\"elementor-icon-box-content\">\n\n\t\t\t\t\t\t\t\t\t<span class=\"elementor-icon-box-title\">\n\t\t\t\t\t\t<span  >\n\t\t\t\t\t\t\tAislamiento, caracterizaci\u00f3n e Identificaci\u00f3n de microorganismos de aplicaci\u00f3n agr\u00edcola, industrial y ambiental.\t\t\t\t\t\t<\/span>\n\t\t\t\t\t<\/span>\n\t\t\t\t\n\t\t\t\t\t\t\t\t\t<p class=\"elementor-icon-box-description\">\n\t\t\t\t\t\tTe entregamos informaci\u00f3n microbiol\u00f3gica precisa y aplicable a tus proyectos.\t\t\t\t\t<\/p>\n\t\t\t\t\n\t\t\t<\/div>\n\t\t\t\n\t\t<\/div>\n\t\t\t\t\t\t<\/div>\n\t\t\t\t<\/div>\n\t\t\t\t\t<\/div>\n\t\t\t\t<\/div>\n\t\t<div class=\"elementor-element elementor-element-93bfcdc elementor-hidden-desktop elementor-hidden-tablet elementor-hidden-mobile e-flex e-con-boxed e-con e-parent\" data-id=\"93bfcdc\" data-element_type=\"container\" data-settings=\"{&quot;background_background&quot;:&quot;classic&quot;}\">\n\t\t\t\t\t<div class=\"e-con-inner\">\n\t\t\t\t<div class=\"elementor-element elementor-element-1f99f6d elementor-widget elementor-widget-text-editor\" data-id=\"1f99f6d\" data-element_type=\"widget\" data-widget_type=\"text-editor.default\">\n\t\t\t\t\t\t\t\t\t<p><strong>Aroma Lab\u00ae<\/strong> (Melipilla) nace para responder la creciente demanda de servicios especializados en Bioinsumos y Fitopatolog\u00eda, entregando conocimiento cient\u00edfico de alto nivel para potenciar el crecimiento de cultivos vegetales y preservar su sanidad. Generando soluciones reales y competitivas a nuestros clientes.<\/p>\t\t\t\t\t\t\t\t<\/div>\n\t\t\t\t\t<\/div>\n\t\t\t\t<\/div>\n\t\t<div class=\"elementor-element elementor-element-df44c3e e-flex e-con-boxed e-con e-parent\" data-id=\"df44c3e\" data-element_type=\"container\">\n\t\t\t\t\t<div class=\"e-con-inner\">\n\t\t\t\t<div class=\"elementor-element elementor-element-c3885e9 elementor-widget elementor-widget-heading\" data-id=\"c3885e9\" data-element_type=\"widget\" data-widget_type=\"heading.default\">\n\t\t\t\t\t<h3 class=\"elementor-heading-title elementor-size-default\">Nuestros servicios de I+D<\/h3>\t\t\t\t<\/div>\n\t\t\t\t\t<\/div>\n\t\t\t\t<\/div>\n\t\t<div class=\"elementor-element elementor-element-2b620b0 e-grid e-con-boxed e-con e-parent\" data-id=\"2b620b0\" data-element_type=\"container\">\n\t\t\t\t\t<div class=\"e-con-inner\">\n\t\t<div class=\"elementor-element elementor-element-3f94b08 e-con-full e-flex e-con e-child\" data-id=\"3f94b08\" data-element_type=\"container\" data-settings=\"{&quot;background_background&quot;:&quot;classic&quot;}\">\n\t\t\t\t<div class=\"elementor-element elementor-element-d7a595d elementor-widget elementor-widget-heading\" data-id=\"d7a595d\" data-element_type=\"widget\" data-widget_type=\"heading.default\">\n\t\t\t\t\t<h6 class=\"elementor-heading-title elementor-size-default\">Validaci\u00f3n t\u00e9cnica \nde bioinsumos<\/h6>\t\t\t\t<\/div>\n\t\t\t\t<\/div>\n\t\t<div class=\"elementor-element elementor-element-c451710 e-con-full e-flex e-con e-child\" data-id=\"c451710\" data-element_type=\"container\" data-settings=\"{&quot;background_background&quot;:&quot;classic&quot;}\">\n\t\t\t\t<div class=\"elementor-element elementor-element-b39f4b5 elementor-widget elementor-widget-heading\" data-id=\"b39f4b5\" data-element_type=\"widget\" data-widget_type=\"heading.default\">\n\t\t\t\t\t<h6 class=\"elementor-heading-title elementor-size-default\">Asesor\u00edas y capacitaciones \nen fitopatolog\u00eda<\/h6>\t\t\t\t<\/div>\n\t\t\t\t<\/div>\n\t\t<div class=\"elementor-element elementor-element-a376db5 e-con-full e-flex e-con e-child\" data-id=\"a376db5\" data-element_type=\"container\" data-settings=\"{&quot;background_background&quot;:&quot;classic&quot;}\">\n\t\t\t\t<div class=\"elementor-element elementor-element-52b29a9 elementor-widget elementor-widget-heading\" data-id=\"52b29a9\" data-element_type=\"widget\" data-widget_type=\"heading.default\">\n\t\t\t\t\t<h6 class=\"elementor-heading-title elementor-size-default\">Diagn\u00f3stico <br>\nfitopatol\u00f3gico<\/h6>\t\t\t\t<\/div>\n\t\t\t\t<\/div>\n\t\t<div class=\"elementor-element elementor-element-c4f3182 e-con-full e-flex e-con e-child\" data-id=\"c4f3182\" data-element_type=\"container\" data-settings=\"{&quot;background_background&quot;:&quot;classic&quot;}\">\n\t\t\t\t<div class=\"elementor-element elementor-element-5ed6a03 elementor-widget elementor-widget-heading\" data-id=\"5ed6a03\" data-element_type=\"widget\" data-widget_type=\"heading.default\">\n\t\t\t\t\t<h6 class=\"elementor-heading-title elementor-size-default\">Revalorizaci\u00f3n de \nresiduos org\u00e1nicos<\/h6>\t\t\t\t<\/div>\n\t\t\t\t<\/div>\n\t\t<div class=\"elementor-element elementor-element-2643f32 e-con-full e-flex e-con e-child\" data-id=\"2643f32\" data-element_type=\"container\" data-settings=\"{&quot;background_background&quot;:&quot;classic&quot;}\">\n\t\t\t\t<div class=\"elementor-element elementor-element-335cc8b elementor-widget elementor-widget-heading\" data-id=\"335cc8b\" data-element_type=\"widget\" data-widget_type=\"heading.default\">\n\t\t\t\t\t<h6 class=\"elementor-heading-title elementor-size-default\">Optimizaci\u00f3n de procesos con microbiolog\u00eda<\/h6>\t\t\t\t<\/div>\n\t\t\t\t<\/div>\n\t\t<div class=\"elementor-element elementor-element-cc2bddb e-con-full e-flex e-con e-child\" data-id=\"cc2bddb\" data-element_type=\"container\" data-settings=\"{&quot;background_background&quot;:&quot;classic&quot;}\">\n\t\t\t\t<div class=\"elementor-element elementor-element-c1ca007 elementor-widget elementor-widget-heading\" data-id=\"c1ca007\" data-element_type=\"widget\" data-widget_type=\"heading.default\">\n\t\t\t\t\t<h6 class=\"elementor-heading-title elementor-size-default\">Validaci\u00f3n de soluciones biotecnol\u00f3gicas microbianas<\/h6>\t\t\t\t<\/div>\n\t\t\t\t<\/div>\n\t\t<div class=\"elementor-element elementor-element-555d5eb e-con-full e-flex e-con e-child\" data-id=\"555d5eb\" data-element_type=\"container\" data-settings=\"{&quot;background_background&quot;:&quot;classic&quot;}\">\n\t\t\t\t<div class=\"elementor-element elementor-element-cfd374b elementor-widget elementor-widget-heading\" data-id=\"cfd374b\" data-element_type=\"widget\" data-widget_type=\"heading.default\">\n\t\t\t\t\t<h6 class=\"elementor-heading-title elementor-size-default\">Cultivos microbianos de nuestra colecci\u00f3n de cepas<\/h6>\t\t\t\t<\/div>\n\t\t\t\t<\/div>\n\t\t<div class=\"elementor-element elementor-element-c3f9f0b e-con-full e-flex e-con e-child\" data-id=\"c3f9f0b\" data-element_type=\"container\" data-settings=\"{&quot;background_background&quot;:&quot;classic&quot;}\">\n\t\t\t\t<div class=\"elementor-element elementor-element-de3f83a elementor-widget elementor-widget-heading\" data-id=\"de3f83a\" data-element_type=\"widget\" data-widget_type=\"heading.default\">\n\t\t\t\t\t<h6 class=\"elementor-heading-title elementor-size-default\">Desarrollo de biopel\u00edculas\u00a0\nmicrobianas mediante biogranjas<\/h6>\t\t\t\t<\/div>\n\t\t\t\t<\/div>\n\t\t\t\t\t<\/div>\n\t\t\t\t<\/div>\n\t\t\t\t<\/div>\n\t\t","protected":false},"excerpt":{"rendered":"<p>Servicios Aroma Global\u00ae\u00a0 transforma tus desaf\u00edos en soluciones innovadoras.Te ofrecemos productos y servicios con respaldo cient\u00edfico, dise\u00f1ados para garantizar resultados confiables. Creamos juntos un plan de trabajo adaptado a tus necesidades y prioridades. Adem\u00e1s, te ayudamos a obtener financiamiento para proyectos de I+D. Vive la experiencia de trabajar con un equipo consolidado para impulsar tu [&hellip;]<\/p>\n","protected":false},"author":1,"featured_media":0,"parent":0,"menu_order":0,"comment_status":"closed","ping_status":"closed","template":"elementor_header_footer","meta":{"_acf_changed":false,"footnotes":""},"class_list":["post-16","page","type-page","status-publish","hentry"],"acf":[],"_links":{"self":[{"href":"https:\/\/dev.antudigital.cl\/sites\/aroma\/wp-json\/wp\/v2\/pages\/16","targetHints":{"allow":["GET"]}}],"collection":[{"href":"https:\/\/dev.antudigital.cl\/sites\/aroma\/wp-json\/wp\/v2\/pages"}],"about":[{"href":"https:\/\/dev.antudigital.cl\/sites\/aroma\/wp-json\/wp\/v2\/types\/page"}],"author":[{"embeddable":true,"href":"https:\/\/dev.antudigital.cl\/sites\/aroma\/wp-json\/wp\/v2\/users\/1"}],"replies":[{"embeddable":true,"href":"https:\/\/dev.antudigital.cl\/sites\/aroma\/wp-json\/wp\/v2\/comments?post=16"}],"version-history":[{"count":40,"href":"https:\/\/dev.antudigital.cl\/sites\/aroma\/wp-json\/wp\/v2\/pages\/16\/revisions"}],"predecessor-version":[{"id":667,"href":"https:\/\/dev.antudigital.cl\/sites\/aroma\/wp-json\/wp\/v2\/pages\/16\/revisions\/667"}],"wp:attachment":[{"href":"https:\/\/dev.antudigital.cl\/sites\/aroma\/wp-json\/wp\/v2\/media?parent=16"}],"curies":[{"name":"wp","href":"https:\/\/api.w.org\/{rel}","templated":true}]}}