{"id":18,"date":"2025-09-17T12:09:18","date_gmt":"2025-09-17T15:09:18","guid":{"rendered":"https:\/\/dev.antudigital.cl\/sites\/aroma\/?page_id=18"},"modified":"2025-09-25T13:50:40","modified_gmt":"2025-09-25T16:50:40","slug":"id","status":"publish","type":"page","link":"https:\/\/dev.antudigital.cl\/sites\/aroma\/id\/","title":{"rendered":"I+D"},"content":{"rendered":"\t\t<div data-elementor-type=\"wp-page\" data-elementor-id=\"18\" class=\"elementor elementor-18\" data-elementor-post-type=\"page\">\n\t\t\t\t<div class=\"elementor-element elementor-element-d0aa8ee e-flex e-con-boxed e-con e-parent\" data-id=\"d0aa8ee\" data-element_type=\"container\">\n\t\t\t\t\t<div class=\"e-con-inner\">\n\t\t\t\t<div class=\"elementor-element elementor-element-a1ff941 elementor-widget elementor-widget-heading\" data-id=\"a1ff941\" data-element_type=\"widget\" data-widget_type=\"heading.default\">\n\t\t\t\t\t<h3 class=\"elementor-heading-title elementor-size-default\">Proyectos<\/h3>\t\t\t\t<\/div>\n\t\t\t\t\t<\/div>\n\t\t\t\t<\/div>\n\t\t<div class=\"elementor-element elementor-element-fcf3a38 e-flex e-con-boxed e-con e-parent\" data-id=\"fcf3a38\" data-element_type=\"container\">\n\t\t\t\t\t<div class=\"e-con-inner\">\n\t\t\t\t<div class=\"elementor-element elementor-element-185b367 elementor-widget__width-inherit elementor-grid-3 elementor-grid-tablet-2 elementor-grid-mobile-1 elementor-widget elementor-widget-loop-grid\" data-id=\"185b367\" data-element_type=\"widget\" data-settings=\"{&quot;template_id&quot;:530,&quot;pagination_type&quot;:&quot;prev_next&quot;,&quot;_skin&quot;:&quot;post&quot;,&quot;columns&quot;:&quot;3&quot;,&quot;columns_tablet&quot;:&quot;2&quot;,&quot;columns_mobile&quot;:&quot;1&quot;,&quot;edit_handle_selector&quot;:&quot;[data-elementor-type=\\&quot;loop-item\\&quot;]&quot;,&quot;pagination_load_type&quot;:&quot;page_reload&quot;,&quot;row_gap&quot;:{&quot;unit&quot;:&quot;px&quot;,&quot;size&quot;:&quot;&quot;,&quot;sizes&quot;:[]},&quot;row_gap_tablet&quot;:{&quot;unit&quot;:&quot;px&quot;,&quot;size&quot;:&quot;&quot;,&quot;sizes&quot;:[]},&quot;row_gap_mobile&quot;:{&quot;unit&quot;:&quot;px&quot;,&quot;size&quot;:&quot;&quot;,&quot;sizes&quot;:[]}}\" data-widget_type=\"loop-grid.post\">\n\t\t\t\t<div class=\"elementor-widget-container\">\n\t\t\t\t\t\t\t<div class=\"elementor-loop-container elementor-grid\" role=\"list\">\n\t\t<style id=\"loop-dynamic-530\">.e-loop-item-526 .elementor-element.elementor-element-7ec8ebe:not(.elementor-motion-effects-element-type-background), .e-loop-item-526 .elementor-element.elementor-element-7ec8ebe > .elementor-motion-effects-container > .elementor-motion-effects-layer{background-image:url(\"https:\/\/dev.antudigital.cl\/sites\/aroma\/wp-content\/uploads\/2025\/09\/proyecto3-397x344-1.jpg\");}<\/style><style id=\"loop-530\">.elementor-530 .elementor-element.elementor-element-83875c8{--display:flex;--flex-direction:column;--container-widget-width:calc( ( 1 - var( --container-widget-flex-grow ) ) * 100% );--container-widget-height:initial;--container-widget-flex-grow:0;--container-widget-align-self:initial;--flex-wrap-mobile:wrap;--align-items:center;--gap:0px 0px;--row-gap:0px;--column-gap:0px;--border-radius:8px 8px 8px 8px;box-shadow:0px 1px 4px 2px rgba(0, 0, 0, 0.08);--padding-top:0px;--padding-bottom:0px;--padding-left:0px;--padding-right:0px;}.elementor-530 .elementor-element.elementor-element-7ec8ebe{--display:flex;--min-height:280px;border-style:solid;--border-style:solid;border-width:0px 0px 1px 0px;--border-top-width:0px;--border-right-width:0px;--border-bottom-width:1px;--border-left-width:0px;border-color:var( --e-global-color-92763a0 );--border-color:var( --e-global-color-92763a0 );--border-radius:8px 8px 0px 0px;}.elementor-530 .elementor-element.elementor-element-7ec8ebe:not(.elementor-motion-effects-element-type-background), .elementor-530 .elementor-element.elementor-element-7ec8ebe > .elementor-motion-effects-container > .elementor-motion-effects-layer{background-position:center center;background-repeat:no-repeat;background-size:cover;}.elementor-530 .elementor-element.elementor-element-94158ad{--display:flex;--flex-direction:column;--container-widget-width:100%;--container-widget-height:initial;--container-widget-flex-grow:0;--container-widget-align-self:initial;--flex-wrap-mobile:wrap;--justify-content:space-between;--padding-top:20px;--padding-bottom:20px;--padding-left:20px;--padding-right:20px;}.elementor-widget-heading .elementor-heading-title{font-family:var( --e-global-typography-primary-font-family ), Sans-serif;font-size:var( --e-global-typography-primary-font-size );font-weight:var( --e-global-typography-primary-font-weight );line-height:var( --e-global-typography-primary-line-height );color:var( --e-global-color-primary );}.elementor-530 .elementor-element.elementor-element-71b9554{width:initial;max-width:initial;background-color:var( --e-global-color-accent );padding:0px 10px 0px 10px;border-radius:35px 35px 35px 35px;}.elementor-530 .elementor-element.elementor-element-71b9554.elementor-element{--align-self:flex-start;--flex-grow:0;--flex-shrink:1;}.elementor-530 .elementor-element.elementor-element-71b9554 .elementor-heading-title{font-family:\"Open Sans\", Sans-serif;font-size:16px;font-weight:400;line-height:1.4em;}.elementor-widget-theme-post-title .elementor-heading-title{font-family:var( --e-global-typography-primary-font-family ), Sans-serif;font-size:var( --e-global-typography-primary-font-size );font-weight:var( --e-global-typography-primary-font-weight );line-height:var( --e-global-typography-primary-line-height );color:var( --e-global-color-primary );}.elementor-530 .elementor-element.elementor-element-a0270fa .elementor-heading-title{font-family:\"Open Sans\", Sans-serif;font-size:16px;font-weight:500;line-height:1.4em;}.elementor-widget-button .elementor-button{background-color:var( --e-global-color-accent );font-family:var( --e-global-typography-accent-font-family ), Sans-serif;font-weight:var( --e-global-typography-accent-font-weight );line-height:var( --e-global-typography-accent-line-height );}.elementor-530 .elementor-element.elementor-element-53f96bf .elementor-button{background-color:var( --e-global-color-090b847 );fill:var( --e-global-color-secondary );color:var( --e-global-color-secondary );border-style:solid;border-width:2px 2px 2px 2px;border-color:var( --e-global-color-secondary );border-radius:35px 35px 35px 35px;padding:5px 10px 5px 10px;}@media(min-width:768px){.elementor-530 .elementor-element.elementor-element-83875c8{--width:100%;}}@media(max-width:1024px){.elementor-widget-heading .elementor-heading-title{font-size:var( --e-global-typography-primary-font-size );line-height:var( --e-global-typography-primary-line-height );}.elementor-widget-theme-post-title .elementor-heading-title{font-size:var( --e-global-typography-primary-font-size );line-height:var( --e-global-typography-primary-line-height );}.elementor-widget-button .elementor-button{line-height:var( --e-global-typography-accent-line-height );}}@media(max-width:767px){.elementor-widget-heading .elementor-heading-title{font-size:var( --e-global-typography-primary-font-size );line-height:var( --e-global-typography-primary-line-height );}.elementor-widget-theme-post-title .elementor-heading-title{font-size:var( --e-global-typography-primary-font-size );line-height:var( --e-global-typography-primary-line-height );}.elementor-widget-button .elementor-button{line-height:var( --e-global-typography-accent-line-height );}}<\/style>\t\t<div data-elementor-type=\"loop-item\" data-elementor-id=\"530\" class=\"elementor elementor-530 e-loop-item e-loop-item-526 post-526 proyecto type-proyecto status-publish has-post-thumbnail hentry\" data-elementor-post-type=\"elementor_library\" data-custom-edit-handle=\"1\">\n\t\t\t<div class=\"elementor-element elementor-element-83875c8 e-con-full e-flex e-con e-parent\" data-id=\"83875c8\" data-element_type=\"container\">\n\t\t<a class=\"elementor-element elementor-element-7ec8ebe e-flex e-con-boxed e-con e-child\" data-id=\"7ec8ebe\" data-element_type=\"container\" data-settings=\"{&quot;background_background&quot;:&quot;classic&quot;}\" href=\"https:\/\/dev.antudigital.cl\/sites\/aroma\/proyecto\/desarrollo-y-validacion-de-un-biofertilizante-en-base-a-microalgas-cianobacterias-y-rizobacterias-potenciadoras-del-crecimiento-vegetal-pgpr-para-aumentar-la-tolerancia-al-estres-hidrico-y-salino-e\/\">\n\t\t\t\t\t<div class=\"e-con-inner\">\n\t\t\t\t\t<\/div>\n\t\t\t\t<\/a>\n\t\t<div class=\"elementor-element elementor-element-94158ad e-flex e-con-boxed e-con e-child\" data-id=\"94158ad\" data-element_type=\"container\">\n\t\t\t\t\t<div class=\"e-con-inner\">\n\t\t\t\t<div class=\"elementor-element elementor-element-71b9554 elementor-widget__width-initial elementor-widget elementor-widget-heading\" data-id=\"71b9554\" data-element_type=\"widget\" data-widget_type=\"heading.default\">\n\t\t\t\t\t<span class=\"elementor-heading-title elementor-size-default\">Empresa Ejecutora<\/span>\t\t\t\t<\/div>\n\t\t\t\t<div class=\"elementor-element elementor-element-a0270fa elementor-widget elementor-widget-theme-post-title elementor-page-title elementor-widget-heading\" data-id=\"a0270fa\" data-element_type=\"widget\" data-widget_type=\"theme-post-title.default\">\n\t\t\t\t\t<h3 class=\"elementor-heading-title elementor-size-default\">Desarrollo y validaci\u00f3n de un biofertilizante en base a microalgas, cianobacterias y rizobacterias potenciadoras del crecimiento vegetal (PGPR) para aumentar la tolerancia al estr\u00e9s h\u00eddrico y salino en cultivos hortofrut\u00edcolas en Chile. Corfo Crea y Valida 2023 23CI2-251453<\/h3>\t\t\t\t<\/div>\n\t\t\t\t<div class=\"elementor-element elementor-element-53f96bf elementor-widget elementor-widget-button\" data-id=\"53f96bf\" data-element_type=\"widget\" data-widget_type=\"button.default\">\n\t\t\t\t\t\t\t\t\t\t<a class=\"elementor-button elementor-button-link elementor-size-sm\" href=\"https:\/\/dev.antudigital.cl\/sites\/aroma\/proyecto\/desarrollo-y-validacion-de-un-biofertilizante-en-base-a-microalgas-cianobacterias-y-rizobacterias-potenciadoras-del-crecimiento-vegetal-pgpr-para-aumentar-la-tolerancia-al-estres-hidrico-y-salino-e\/\">\n\t\t\t\t\t\t<span class=\"elementor-button-content-wrapper\">\n\t\t\t\t\t\t\t\t\t<span class=\"elementor-button-text\">Leer m\u00e1s +<\/span>\n\t\t\t\t\t<\/span>\n\t\t\t\t\t<\/a>\n\t\t\t\t\t\t\t\t<\/div>\n\t\t\t\t\t<\/div>\n\t\t\t\t<\/div>\n\t\t\t\t<\/div>\n\t\t\t\t<\/div>\n\t\t<style id=\"loop-dynamic-530\">.e-loop-item-524 .elementor-element.elementor-element-7ec8ebe:not(.elementor-motion-effects-element-type-background), .e-loop-item-524 .elementor-element.elementor-element-7ec8ebe > .elementor-motion-effects-container > .elementor-motion-effects-layer{background-image:url(\"https:\/\/dev.antudigital.cl\/sites\/aroma\/wp-content\/uploads\/2025\/09\/proyecto2-397x344-1.jpg\");}<\/style>\t\t<div data-elementor-type=\"loop-item\" data-elementor-id=\"530\" class=\"elementor elementor-530 e-loop-item e-loop-item-524 post-524 proyecto type-proyecto status-publish has-post-thumbnail hentry\" data-elementor-post-type=\"elementor_library\" data-custom-edit-handle=\"1\">\n\t\t\t<div class=\"elementor-element elementor-element-83875c8 e-con-full e-flex e-con e-parent\" data-id=\"83875c8\" data-element_type=\"container\">\n\t\t<a class=\"elementor-element elementor-element-7ec8ebe e-flex e-con-boxed e-con e-child\" data-id=\"7ec8ebe\" data-element_type=\"container\" data-settings=\"{&quot;background_background&quot;:&quot;classic&quot;}\" href=\"https:\/\/dev.antudigital.cl\/sites\/aroma\/proyecto\/desarrollo-de-bipesticida-a-partir-de-macroalgas-chilenas-para-la-proteccion-de-cultivos-de-alto-valor-economico-en-la-agroindustria-fondef-idea-id-2024-id24i10433\/\">\n\t\t\t\t\t<div class=\"e-con-inner\">\n\t\t\t\t\t<\/div>\n\t\t\t\t<\/a>\n\t\t<div class=\"elementor-element elementor-element-94158ad e-flex e-con-boxed e-con e-child\" data-id=\"94158ad\" data-element_type=\"container\">\n\t\t\t\t\t<div class=\"e-con-inner\">\n\t\t\t\t<div class=\"elementor-element elementor-element-71b9554 elementor-widget__width-initial elementor-widget elementor-widget-heading\" data-id=\"71b9554\" data-element_type=\"widget\" data-widget_type=\"heading.default\">\n\t\t\t\t\t<span class=\"elementor-heading-title elementor-size-default\">Empresa Asociada<\/span>\t\t\t\t<\/div>\n\t\t\t\t<div class=\"elementor-element elementor-element-a0270fa elementor-widget elementor-widget-theme-post-title elementor-page-title elementor-widget-heading\" data-id=\"a0270fa\" data-element_type=\"widget\" data-widget_type=\"theme-post-title.default\">\n\t\t\t\t\t<h3 class=\"elementor-heading-title elementor-size-default\">Desarrollo de Bipesticida a partir de Macroalgas Chilenas para la Protecci\u00f3n de Cultivos de Alto Valor Econ\u00f3mico en la Agroindustria. Fondef IDeA I+D 2024 ID24I10433<\/h3>\t\t\t\t<\/div>\n\t\t\t\t<div class=\"elementor-element elementor-element-53f96bf elementor-widget elementor-widget-button\" data-id=\"53f96bf\" data-element_type=\"widget\" data-widget_type=\"button.default\">\n\t\t\t\t\t\t\t\t\t\t<a class=\"elementor-button elementor-button-link elementor-size-sm\" href=\"https:\/\/dev.antudigital.cl\/sites\/aroma\/proyecto\/desarrollo-de-bipesticida-a-partir-de-macroalgas-chilenas-para-la-proteccion-de-cultivos-de-alto-valor-economico-en-la-agroindustria-fondef-idea-id-2024-id24i10433\/\">\n\t\t\t\t\t\t<span class=\"elementor-button-content-wrapper\">\n\t\t\t\t\t\t\t\t\t<span class=\"elementor-button-text\">Leer m\u00e1s +<\/span>\n\t\t\t\t\t<\/span>\n\t\t\t\t\t<\/a>\n\t\t\t\t\t\t\t\t<\/div>\n\t\t\t\t\t<\/div>\n\t\t\t\t<\/div>\n\t\t\t\t<\/div>\n\t\t\t\t<\/div>\n\t\t<style id=\"loop-dynamic-530\">.e-loop-item-478 .elementor-element.elementor-element-7ec8ebe:not(.elementor-motion-effects-element-type-background), .e-loop-item-478 .elementor-element.elementor-element-7ec8ebe > .elementor-motion-effects-container > .elementor-motion-effects-layer{background-image:url(\"https:\/\/dev.antudigital.cl\/sites\/aroma\/wp-content\/uploads\/2025\/09\/proyectos1397x344.jpg\");}<\/style>\t\t<div data-elementor-type=\"loop-item\" data-elementor-id=\"530\" class=\"elementor elementor-530 e-loop-item e-loop-item-478 post-478 proyecto type-proyecto status-publish has-post-thumbnail hentry\" data-elementor-post-type=\"elementor_library\" data-custom-edit-handle=\"1\">\n\t\t\t<div class=\"elementor-element elementor-element-83875c8 e-con-full e-flex e-con e-parent\" data-id=\"83875c8\" data-element_type=\"container\">\n\t\t<a class=\"elementor-element elementor-element-7ec8ebe e-flex e-con-boxed e-con e-child\" data-id=\"7ec8ebe\" data-element_type=\"container\" data-settings=\"{&quot;background_background&quot;:&quot;classic&quot;}\" href=\"https:\/\/dev.antudigital.cl\/sites\/aroma\/proyecto\/coleccion-de-cepas-aromaglobal-bem-procycla2024-2025\/\">\n\t\t\t\t\t<div class=\"e-con-inner\">\n\t\t\t\t\t<\/div>\n\t\t\t\t<\/a>\n\t\t<div class=\"elementor-element elementor-element-94158ad e-flex e-con-boxed e-con e-child\" data-id=\"94158ad\" data-element_type=\"container\">\n\t\t\t\t\t<div class=\"e-con-inner\">\n\t\t\t\t<div class=\"elementor-element elementor-element-71b9554 elementor-widget__width-initial elementor-widget elementor-widget-heading\" data-id=\"71b9554\" data-element_type=\"widget\" data-widget_type=\"heading.default\">\n\t\t\t\t\t<span class=\"elementor-heading-title elementor-size-default\">Empresa Ejecutora<\/span>\t\t\t\t<\/div>\n\t\t\t\t<div class=\"elementor-element elementor-element-a0270fa elementor-widget elementor-widget-theme-post-title elementor-page-title elementor-widget-heading\" data-id=\"a0270fa\" data-element_type=\"widget\" data-widget_type=\"theme-post-title.default\">\n\t\t\t\t\t<h3 class=\"elementor-heading-title elementor-size-default\">Colecci\u00f3n de cepas AromaGlobal\u00ae\/BEM\/ProCycla\u00ae 2023 &#8211; 2025<\/h3>\t\t\t\t<\/div>\n\t\t\t\t<div class=\"elementor-element elementor-element-53f96bf elementor-widget elementor-widget-button\" data-id=\"53f96bf\" data-element_type=\"widget\" data-widget_type=\"button.default\">\n\t\t\t\t\t\t\t\t\t\t<a class=\"elementor-button elementor-button-link elementor-size-sm\" href=\"https:\/\/dev.antudigital.cl\/sites\/aroma\/proyecto\/coleccion-de-cepas-aromaglobal-bem-procycla2024-2025\/\">\n\t\t\t\t\t\t<span class=\"elementor-button-content-wrapper\">\n\t\t\t\t\t\t\t\t\t<span class=\"elementor-button-text\">Leer m\u00e1s +<\/span>\n\t\t\t\t\t<\/span>\n\t\t\t\t\t<\/a>\n\t\t\t\t\t\t\t\t<\/div>\n\t\t\t\t\t<\/div>\n\t\t\t\t<\/div>\n\t\t\t\t<\/div>\n\t\t\t\t<\/div>\n\t\t\t\t<\/div>\n\t\t\n\t\t\t\t\t\t<\/div>\n\t\t\t\t<\/div>\n\t\t\t\t\t<\/div>\n\t\t\t\t<\/div>\n\t\t<div class=\"elementor-element elementor-element-e0f510b e-flex e-con-boxed e-con e-parent\" data-id=\"e0f510b\" data-element_type=\"container\">\n\t\t\t\t\t<div class=\"e-con-inner\">\n\t\t\t\t<div class=\"elementor-element elementor-element-0092f48 elementor-widget elementor-widget-heading\" data-id=\"0092f48\" data-element_type=\"widget\" data-widget_type=\"heading.default\">\n\t\t\t\t\t<h3 class=\"elementor-heading-title elementor-size-default\">Publicaciones cient\u00edficas<\/h3>\t\t\t\t<\/div>\n\t\t\t\t\t<\/div>\n\t\t\t\t<\/div>\n\t\t<div class=\"elementor-element elementor-element-478157f e-grid e-con-boxed e-con e-parent\" data-id=\"478157f\" data-element_type=\"container\">\n\t\t\t\t\t<div class=\"e-con-inner\">\n\t\t<div class=\"elementor-element elementor-element-8c5d33e e-con-full e-flex e-con e-child\" data-id=\"8c5d33e\" data-element_type=\"container\">\n\t\t\t\t<div class=\"elementor-element elementor-element-4bfd269 elementor-widget elementor-widget-image\" data-id=\"4bfd269\" data-element_type=\"widget\" data-widget_type=\"image.default\">\n\t\t\t\t\t\t\t\t\t\t\t\t\t\t\t<img fetchpriority=\"high\" decoding=\"async\" width=\"300\" height=\"300\" src=\"https:\/\/dev.antudigital.cl\/sites\/aroma\/wp-content\/uploads\/2025\/09\/agronomy.jpg\" class=\"attachment-full size-full wp-image-482\" alt=\"\" srcset=\"https:\/\/dev.antudigital.cl\/sites\/aroma\/wp-content\/uploads\/2025\/09\/agronomy.jpg 300w, https:\/\/dev.antudigital.cl\/sites\/aroma\/wp-content\/uploads\/2025\/09\/agronomy-150x150.jpg 150w\" sizes=\"(max-width: 300px) 100vw, 300px\" \/>\t\t\t\t\t\t\t\t\t\t\t\t\t\t\t<\/div>\n\t\t<div class=\"elementor-element elementor-element-64a039c e-flex e-con-boxed e-con e-child\" data-id=\"64a039c\" data-element_type=\"container\">\n\t\t\t\t\t<div class=\"e-con-inner\">\n\t\t\t\t<div class=\"elementor-element elementor-element-8cd0b85 elementor-widget elementor-widget-heading\" data-id=\"8cd0b85\" data-element_type=\"widget\" data-widget_type=\"heading.default\">\n\t\t\t\t\t<h3 class=\"elementor-heading-title elementor-size-default\">Microbial Community in the Composting Process and Its Positive Impact on the Soil Biota in Sustainable Agriculture.&nbsp;\nAguilar-Paredes et al. 2023.<\/h3>\t\t\t\t<\/div>\n\t\t\t\t<div class=\"elementor-element elementor-element-0e189f2 elementor-widget elementor-widget-button\" data-id=\"0e189f2\" data-element_type=\"widget\" data-widget_type=\"button.default\">\n\t\t\t\t\t\t\t\t\t\t<a class=\"elementor-button elementor-button-link elementor-size-sm\" href=\"https:\/\/www.mdpi.com\/2073-4395\/13\/2\/542\" target=\"_blank\" rel=\"noopener\">\n\t\t\t\t\t\t<span class=\"elementor-button-content-wrapper\">\n\t\t\t\t\t\t\t\t\t<span class=\"elementor-button-text\">Descargar<\/span>\n\t\t\t\t\t<\/span>\n\t\t\t\t\t<\/a>\n\t\t\t\t\t\t\t\t<\/div>\n\t\t\t\t\t<\/div>\n\t\t\t\t<\/div>\n\t\t\t\t<\/div>\n\t\t<div class=\"elementor-element elementor-element-f1b5111 e-con-full e-flex e-con e-child\" data-id=\"f1b5111\" data-element_type=\"container\">\n\t\t\t\t<div class=\"elementor-element elementor-element-2972935 elementor-widget elementor-widget-image\" data-id=\"2972935\" data-element_type=\"widget\" data-widget_type=\"image.default\">\n\t\t\t\t\t\t\t\t\t\t\t\t\t\t\t<img decoding=\"async\" width=\"300\" height=\"300\" src=\"https:\/\/dev.antudigital.cl\/sites\/aroma\/wp-content\/uploads\/2025\/09\/chileanjar.jpg\" class=\"attachment-full size-full wp-image-483\" alt=\"\" srcset=\"https:\/\/dev.antudigital.cl\/sites\/aroma\/wp-content\/uploads\/2025\/09\/chileanjar.jpg 300w, https:\/\/dev.antudigital.cl\/sites\/aroma\/wp-content\/uploads\/2025\/09\/chileanjar-150x150.jpg 150w\" sizes=\"(max-width: 300px) 100vw, 300px\" \/>\t\t\t\t\t\t\t\t\t\t\t\t\t\t\t<\/div>\n\t\t<div class=\"elementor-element elementor-element-d5e8861 e-flex e-con-boxed e-con e-child\" data-id=\"d5e8861\" data-element_type=\"container\">\n\t\t\t\t\t<div class=\"e-con-inner\">\n\t\t\t\t<div class=\"elementor-element elementor-element-95d21cd elementor-widget elementor-widget-heading\" data-id=\"95d21cd\" data-element_type=\"widget\" data-widget_type=\"heading.default\">\n\t\t\t\t\t<h3 class=\"elementor-heading-title elementor-size-default\">Effects of microalgae and compost on the yield of cauliflower grown in low nutrient soil.\u00a0\nD\u00edaz-P\u00e9rez et al. 2022<\/h3>\t\t\t\t<\/div>\n\t\t\t\t<div class=\"elementor-element elementor-element-03a7da8 elementor-widget elementor-widget-button\" data-id=\"03a7da8\" data-element_type=\"widget\" data-widget_type=\"button.default\">\n\t\t\t\t\t\t\t\t\t\t<a class=\"elementor-button elementor-button-link elementor-size-sm\" href=\"https:\/\/oes.chileanjar.cl\/files\/CJAR220204-83-2-2023.pdf\" target=\"_blank\" rel=\"noopener\">\n\t\t\t\t\t\t<span class=\"elementor-button-content-wrapper\">\n\t\t\t\t\t\t\t\t\t<span class=\"elementor-button-text\">Descargar<\/span>\n\t\t\t\t\t<\/span>\n\t\t\t\t\t<\/a>\n\t\t\t\t\t\t\t\t<\/div>\n\t\t\t\t\t<\/div>\n\t\t\t\t<\/div>\n\t\t\t\t<\/div>\n\t\t<div class=\"elementor-element elementor-element-5e54628 e-con-full e-flex e-con e-child\" data-id=\"5e54628\" data-element_type=\"container\">\n\t\t\t\t<div class=\"elementor-element elementor-element-97589d5 elementor-widget elementor-widget-image\" data-id=\"97589d5\" data-element_type=\"widget\" data-widget_type=\"image.default\">\n\t\t\t\t\t\t\t\t\t\t\t\t\t\t\t<img decoding=\"async\" width=\"300\" height=\"300\" src=\"https:\/\/dev.antudigital.cl\/sites\/aroma\/wp-content\/uploads\/2025\/09\/microornanims.jpg\" class=\"attachment-full size-full wp-image-484\" alt=\"\" srcset=\"https:\/\/dev.antudigital.cl\/sites\/aroma\/wp-content\/uploads\/2025\/09\/microornanims.jpg 300w, https:\/\/dev.antudigital.cl\/sites\/aroma\/wp-content\/uploads\/2025\/09\/microornanims-150x150.jpg 150w\" sizes=\"(max-width: 300px) 100vw, 300px\" \/>\t\t\t\t\t\t\t\t\t\t\t\t\t\t\t<\/div>\n\t\t<div class=\"elementor-element elementor-element-1b4221a e-flex e-con-boxed e-con e-child\" data-id=\"1b4221a\" data-element_type=\"container\">\n\t\t\t\t\t<div class=\"e-con-inner\">\n\t\t\t\t<div class=\"elementor-element elementor-element-6667b7d elementor-widget elementor-widget-heading\" data-id=\"6667b7d\" data-element_type=\"widget\" data-widget_type=\"heading.default\">\n\t\t\t\t\t<h3 class=\"elementor-heading-title elementor-size-default\">Comprehensive ADM1 Extensions to Tackle Some Operational and Metabolic Aspects in Anaerobic Digestion.\u00a0\nDonoso-Bravo et al. 2022.\n\u2028<\/h3>\t\t\t\t<\/div>\n\t\t\t\t<div class=\"elementor-element elementor-element-e09bd73 elementor-widget elementor-widget-button\" data-id=\"e09bd73\" data-element_type=\"widget\" data-widget_type=\"button.default\">\n\t\t\t\t\t\t\t\t\t\t<a class=\"elementor-button elementor-button-link elementor-size-sm\" href=\"https:\/\/doi.org\/10.3390\/microorganisms10050948\" target=\"_blank\" rel=\"noopener\">\n\t\t\t\t\t\t<span class=\"elementor-button-content-wrapper\">\n\t\t\t\t\t\t\t\t\t<span class=\"elementor-button-text\">Descargar<\/span>\n\t\t\t\t\t<\/span>\n\t\t\t\t\t<\/a>\n\t\t\t\t\t\t\t\t<\/div>\n\t\t\t\t\t<\/div>\n\t\t\t\t<\/div>\n\t\t\t\t<\/div>\n\t\t<div class=\"elementor-element elementor-element-c986248 e-con-full e-flex e-con e-child\" data-id=\"c986248\" data-element_type=\"container\">\n\t\t\t\t<div class=\"elementor-element elementor-element-689629b elementor-widget elementor-widget-image\" data-id=\"689629b\" data-element_type=\"widget\" data-widget_type=\"image.default\">\n\t\t\t\t\t\t\t\t\t\t\t\t\t\t\t<img loading=\"lazy\" decoding=\"async\" width=\"300\" height=\"300\" src=\"https:\/\/dev.antudigital.cl\/sites\/aroma\/wp-content\/uploads\/2025\/09\/processes.jpg\" class=\"attachment-full size-full wp-image-485\" alt=\"\" srcset=\"https:\/\/dev.antudigital.cl\/sites\/aroma\/wp-content\/uploads\/2025\/09\/processes.jpg 300w, https:\/\/dev.antudigital.cl\/sites\/aroma\/wp-content\/uploads\/2025\/09\/processes-150x150.jpg 150w\" sizes=\"(max-width: 300px) 100vw, 300px\" \/>\t\t\t\t\t\t\t\t\t\t\t\t\t\t\t<\/div>\n\t\t<div class=\"elementor-element elementor-element-22d2a10 e-flex e-con-boxed e-con e-child\" data-id=\"22d2a10\" data-element_type=\"container\">\n\t\t\t\t\t<div class=\"e-con-inner\">\n\t\t\t\t<div class=\"elementor-element elementor-element-82b9ed9 elementor-widget elementor-widget-heading\" data-id=\"82b9ed9\" data-element_type=\"widget\" data-widget_type=\"heading.default\">\n\t\t\t\t\t<h3 class=\"elementor-heading-title elementor-size-default\">Markers for the Comparison of the Performances of Anoxic Biotrickling Filters in Biogas Desulphurisation: A Critical Review.&nbsp;\nValdebenito-Rolack et al. 2021.<\/h3>\t\t\t\t<\/div>\n\t\t\t\t<div class=\"elementor-element elementor-element-05bd3d4 elementor-widget elementor-widget-button\" data-id=\"05bd3d4\" data-element_type=\"widget\" data-widget_type=\"button.default\">\n\t\t\t\t\t\t\t\t\t\t<a class=\"elementor-button elementor-button-link elementor-size-sm\" href=\"https:\/\/doi.org\/10.3390\/pr9030567\" target=\"_blank\" rel=\"noopener\">\n\t\t\t\t\t\t<span class=\"elementor-button-content-wrapper\">\n\t\t\t\t\t\t\t\t\t<span class=\"elementor-button-text\">Descargar<\/span>\n\t\t\t\t\t<\/span>\n\t\t\t\t\t<\/a>\n\t\t\t\t\t\t\t\t<\/div>\n\t\t\t\t\t<\/div>\n\t\t\t\t<\/div>\n\t\t\t\t<\/div>\n\t\t\t\t\t<\/div>\n\t\t\t\t<\/div>\n\t\t\t\t<\/div>\n\t\t","protected":false},"excerpt":{"rendered":"<p>Proyectos Publicaciones cient\u00edficas Microbial Community in the Composting Process and Its Positive Impact on the Soil Biota in Sustainable Agriculture.&nbsp; Aguilar-Paredes et al. 2023. Descargar Effects of microalgae and compost on the yield of cauliflower grown in low nutrient soil.\u00a0 D\u00edaz-P\u00e9rez et al. 2022 Descargar Comprehensive ADM1 Extensions to Tackle Some Operational and Metabolic Aspects [&hellip;]<\/p>\n","protected":false},"author":1,"featured_media":0,"parent":0,"menu_order":0,"comment_status":"closed","ping_status":"closed","template":"elementor_header_footer","meta":{"_acf_changed":false,"footnotes":""},"class_list":["post-18","page","type-page","status-publish","hentry"],"acf":[],"_links":{"self":[{"href":"https:\/\/dev.antudigital.cl\/sites\/aroma\/wp-json\/wp\/v2\/pages\/18","targetHints":{"allow":["GET"]}}],"collection":[{"href":"https:\/\/dev.antudigital.cl\/sites\/aroma\/wp-json\/wp\/v2\/pages"}],"about":[{"href":"https:\/\/dev.antudigital.cl\/sites\/aroma\/wp-json\/wp\/v2\/types\/page"}],"author":[{"embeddable":true,"href":"https:\/\/dev.antudigital.cl\/sites\/aroma\/wp-json\/wp\/v2\/users\/1"}],"replies":[{"embeddable":true,"href":"https:\/\/dev.antudigital.cl\/sites\/aroma\/wp-json\/wp\/v2\/comments?post=18"}],"version-history":[{"count":37,"href":"https:\/\/dev.antudigital.cl\/sites\/aroma\/wp-json\/wp\/v2\/pages\/18\/revisions"}],"predecessor-version":[{"id":639,"href":"https:\/\/dev.antudigital.cl\/sites\/aroma\/wp-json\/wp\/v2\/pages\/18\/revisions\/639"}],"wp:attachment":[{"href":"https:\/\/dev.antudigital.cl\/sites\/aroma\/wp-json\/wp\/v2\/media?parent=18"}],"curies":[{"name":"wp","href":"https:\/\/api.w.org\/{rel}","templated":true}]}}