{"id":16,"date":"2025-06-24T16:54:59","date_gmt":"2025-06-24T20:54:59","guid":{"rendered":"https:\/\/dev.antudigital.cl\/sites\/cha\/?page_id=16"},"modified":"2025-07-21T09:59:17","modified_gmt":"2025-07-21T13:59:17","slug":"somos","status":"publish","type":"page","link":"https:\/\/dev.antudigital.cl\/sites\/cha\/somos\/","title":{"rendered":"Somos"},"content":{"rendered":"\t\t<div data-elementor-type=\"wp-page\" data-elementor-id=\"16\" class=\"elementor elementor-16\" data-elementor-post-type=\"page\">\n\t\t\t\t<div class=\"elementor-element elementor-element-7fa9070 e-flex e-con-boxed e-con e-parent\" data-id=\"7fa9070\" data-element_type=\"container\">\n\t\t\t\t\t<div class=\"e-con-inner\">\n\t\t\t\t<div class=\"elementor-element elementor-element-9a58223 elementor-widget elementor-widget-heading\" data-id=\"9a58223\" data-element_type=\"widget\" data-widget_type=\"heading.default\">\n\t\t\t\t<div class=\"elementor-widget-container\">\n\t\t\t\t\t<h1 class=\"elementor-heading-title elementor-size-default\">Nuestra Asociaci\u00f3n<\/h1>\t\t\t\t<\/div>\n\t\t\t\t<\/div>\n\t\t\t\t\t<\/div>\n\t\t\t\t<\/div>\n\t\t<div class=\"elementor-element elementor-element-5dd2b7f e-flex e-con-boxed e-con e-parent\" data-id=\"5dd2b7f\" data-element_type=\"container\">\n\t\t\t\t\t<div class=\"e-con-inner\">\n\t\t<div class=\"elementor-element elementor-element-208f4d5 e-con-full e-flex e-con e-child\" data-id=\"208f4d5\" data-element_type=\"container\">\n\t\t\t\t<div class=\"elementor-element elementor-element-532c285 elementor-widget elementor-widget-heading\" data-id=\"532c285\" data-element_type=\"widget\" data-widget_type=\"heading.default\">\n\t\t\t\t<div class=\"elementor-widget-container\">\n\t\t\t\t\t<h2 class=\"elementor-heading-title elementor-size-default\">Qui\u00e9nes somos<\/h2>\t\t\t\t<\/div>\n\t\t\t\t<\/div>\n\t\t\t\t<div class=\"elementor-element elementor-element-1108436 elementor-widget elementor-widget-text-editor\" data-id=\"1108436\" data-element_type=\"widget\" data-widget_type=\"text-editor.default\">\n\t\t\t\t<div class=\"elementor-widget-container\">\n\t\t\t\t\t\t\t\t\t<p><b>ANIMACHI es una Asociaci\u00f3n gremial sin fines de lucro, que re\u00fane a profesionales y productoras de animaci\u00f3n chilenas<\/b><\/p><p>Fundada en el a\u00f1o 2010 con el objetivo de generar y mejorar las condiciones para el desarrollo de nuestro sector. La asociaci\u00f3n ha empujado importantes avances para el fomento de la industria desde la pol\u00edtica p\u00fablica, las comunicaciones y la coordinaci\u00f3n de misiones en mercados estrat\u00e9gicos, generando alianzas y ampliando los horizontes de la industrias creativas, as\u00ed como la exportaci\u00f3n de servicios.<\/p><p>Como parte de las estrategias del gremio, el a\u00f1o 2017 creamos la marca internacional Chilean Animation con el fin de posicionar la Animaci\u00f3n Chilena a nivel internacional.<\/p>\t\t\t\t\t\t\t\t<\/div>\n\t\t\t\t<\/div>\n\t\t\t\t<\/div>\n\t\t<div class=\"elementor-element elementor-element-e7bf413 e-con-full e-flex e-con e-child\" data-id=\"e7bf413\" data-element_type=\"container\">\n\t\t\t\t<div class=\"elementor-element elementor-element-6ef8bee elementor-widget elementor-widget-image\" data-id=\"6ef8bee\" data-element_type=\"widget\" data-widget_type=\"image.default\">\n\t\t\t\t<div class=\"elementor-widget-container\">\n\t\t\t\t\t\t\t\t\t\t\t\t\t\t\t<img fetchpriority=\"high\" decoding=\"async\" width=\"628\" height=\"292\" src=\"https:\/\/dev.antudigital.cl\/sites\/cha\/wp-content\/uploads\/2025\/07\/animachi-v2.png\" class=\"attachment-full size-full wp-image-191\" alt=\"\" srcset=\"https:\/\/dev.antudigital.cl\/sites\/cha\/wp-content\/uploads\/2025\/07\/animachi-v2.png 628w, https:\/\/dev.antudigital.cl\/sites\/cha\/wp-content\/uploads\/2025\/07\/animachi-v2-300x139.png 300w\" sizes=\"(max-width: 628px) 100vw, 628px\" \/>\t\t\t\t\t\t\t\t\t\t\t\t\t\t\t<\/div>\n\t\t\t\t<\/div>\n\t\t\t\t<\/div>\n\t\t\t\t\t<\/div>\n\t\t\t\t<\/div>\n\t\t<div class=\"elementor-element elementor-element-32001b8 e-flex e-con-boxed e-con e-parent\" data-id=\"32001b8\" data-element_type=\"container\">\n\t\t\t\t\t<div class=\"e-con-inner\">\n\t\t<div class=\"elementor-element elementor-element-d57f522 e-con-full e-flex e-con e-child\" data-id=\"d57f522\" data-element_type=\"container\">\n\t\t\t\t<div class=\"elementor-element elementor-element-54f1301 elementor-widget elementor-widget-heading\" data-id=\"54f1301\" data-element_type=\"widget\" data-widget_type=\"heading.default\">\n\t\t\t\t<div class=\"elementor-widget-container\">\n\t\t\t\t\t<h4 class=\"elementor-heading-title elementor-size-default\">Conoce a<\/h4>\t\t\t\t<\/div>\n\t\t\t\t<\/div>\n\t\t\t\t<div class=\"elementor-element elementor-element-583dff8 elementor-widget elementor-widget-heading\" data-id=\"583dff8\" data-element_type=\"widget\" data-widget_type=\"heading.default\">\n\t\t\t\t<div class=\"elementor-widget-container\">\n\t\t\t\t\t<h2 class=\"elementor-heading-title elementor-size-default\">Nuestra directiva<\/h2>\t\t\t\t<\/div>\n\t\t\t\t<\/div>\n\t\t\t\t<\/div>\n\t\t<div class=\"elementor-element elementor-element-ca03b54 e-con-full profile-card e-flex e-con e-child\" data-id=\"ca03b54\" data-element_type=\"container\">\n\t\t\t\t<div class=\"elementor-element elementor-element-e63befb elementor-widget elementor-widget-image\" data-id=\"e63befb\" data-element_type=\"widget\" data-widget_type=\"image.default\">\n\t\t\t\t<div class=\"elementor-widget-container\">\n\t\t\t\t\t\t\t\t\t\t\t\t\t\t\t<img decoding=\"async\" width=\"276\" height=\"357\" src=\"https:\/\/dev.antudigital.cl\/sites\/cha\/wp-content\/uploads\/2025\/07\/Julian-Rosenblatt-Presidente.png\" class=\"attachment-full size-full wp-image-166\" alt=\"\" srcset=\"https:\/\/dev.antudigital.cl\/sites\/cha\/wp-content\/uploads\/2025\/07\/Julian-Rosenblatt-Presidente.png 276w, https:\/\/dev.antudigital.cl\/sites\/cha\/wp-content\/uploads\/2025\/07\/Julian-Rosenblatt-Presidente-232x300.png 232w\" sizes=\"(max-width: 276px) 100vw, 276px\" \/>\t\t\t\t\t\t\t\t\t\t\t\t\t\t\t<\/div>\n\t\t\t\t<\/div>\n\t\t<div class=\"elementor-element elementor-element-9a1dd36 e-con-full e-flex e-con e-child\" data-id=\"9a1dd36\" data-element_type=\"container\">\n\t\t\t\t<div class=\"elementor-element elementor-element-b700e99 elementor-widget elementor-widget-heading\" data-id=\"b700e99\" data-element_type=\"widget\" data-widget_type=\"heading.default\">\n\t\t\t\t<div class=\"elementor-widget-container\">\n\t\t\t\t\t<h4 class=\"elementor-heading-title elementor-size-default\">Juli\u00e1n Rosenblatt<\/h4>\t\t\t\t<\/div>\n\t\t\t\t<\/div>\n\t\t\t\t<div class=\"elementor-element elementor-element-d2b253f elementor-widget elementor-widget-heading\" data-id=\"d2b253f\" data-element_type=\"widget\" data-widget_type=\"heading.default\">\n\t\t\t\t<div class=\"elementor-widget-container\">\n\t\t\t\t\t<span class=\"elementor-heading-title elementor-size-default\">Presidente<\/span>\t\t\t\t<\/div>\n\t\t\t\t<\/div>\n\t\t\t\t<\/div>\n\t\t\t\t<\/div>\n\t\t<div class=\"elementor-element elementor-element-daec94e e-con-full profile-card e-flex e-con e-child\" data-id=\"daec94e\" data-element_type=\"container\">\n\t\t\t\t<div class=\"elementor-element elementor-element-39745e0 elementor-widget elementor-widget-image\" data-id=\"39745e0\" data-element_type=\"widget\" data-widget_type=\"image.default\">\n\t\t\t\t<div class=\"elementor-widget-container\">\n\t\t\t\t\t\t\t\t\t\t\t\t\t\t\t<img decoding=\"async\" width=\"276\" height=\"357\" src=\"https:\/\/dev.antudigital.cl\/sites\/cha\/wp-content\/uploads\/2025\/07\/Martin-Ferrer-Vice-presidente-ok.png\" class=\"attachment-full size-full wp-image-168\" alt=\"\" srcset=\"https:\/\/dev.antudigital.cl\/sites\/cha\/wp-content\/uploads\/2025\/07\/Martin-Ferrer-Vice-presidente-ok.png 276w, https:\/\/dev.antudigital.cl\/sites\/cha\/wp-content\/uploads\/2025\/07\/Martin-Ferrer-Vice-presidente-ok-232x300.png 232w\" sizes=\"(max-width: 276px) 100vw, 276px\" \/>\t\t\t\t\t\t\t\t\t\t\t\t\t\t\t<\/div>\n\t\t\t\t<\/div>\n\t\t<div class=\"elementor-element elementor-element-15d1dfe e-con-full e-flex e-con e-child\" data-id=\"15d1dfe\" data-element_type=\"container\">\n\t\t\t\t<div class=\"elementor-element elementor-element-c38111d elementor-widget elementor-widget-heading\" data-id=\"c38111d\" data-element_type=\"widget\" data-widget_type=\"heading.default\">\n\t\t\t\t<div class=\"elementor-widget-container\">\n\t\t\t\t\t<h4 class=\"elementor-heading-title elementor-size-default\">Mart\u00edn Ferrer<\/h4>\t\t\t\t<\/div>\n\t\t\t\t<\/div>\n\t\t\t\t<div class=\"elementor-element elementor-element-47162f2 elementor-widget elementor-widget-heading\" data-id=\"47162f2\" data-element_type=\"widget\" data-widget_type=\"heading.default\">\n\t\t\t\t<div class=\"elementor-widget-container\">\n\t\t\t\t\t<span class=\"elementor-heading-title elementor-size-default\">Vicepresidente<\/span>\t\t\t\t<\/div>\n\t\t\t\t<\/div>\n\t\t\t\t<\/div>\n\t\t\t\t<\/div>\n\t\t<div class=\"elementor-element elementor-element-7144481 e-con-full profile-card e-flex e-con e-child\" data-id=\"7144481\" data-element_type=\"container\">\n\t\t\t\t<div class=\"elementor-element elementor-element-0cd13a5 elementor-widget elementor-widget-image\" data-id=\"0cd13a5\" data-element_type=\"widget\" data-widget_type=\"image.default\">\n\t\t\t\t<div class=\"elementor-widget-container\">\n\t\t\t\t\t\t\t\t\t\t\t\t\t\t\t<img loading=\"lazy\" decoding=\"async\" width=\"276\" height=\"357\" src=\"https:\/\/dev.antudigital.cl\/sites\/cha\/wp-content\/uploads\/2025\/07\/Javiera-k.Ayacura-secretaria.png\" class=\"attachment-full size-full wp-image-164\" alt=\"\" srcset=\"https:\/\/dev.antudigital.cl\/sites\/cha\/wp-content\/uploads\/2025\/07\/Javiera-k.Ayacura-secretaria.png 276w, https:\/\/dev.antudigital.cl\/sites\/cha\/wp-content\/uploads\/2025\/07\/Javiera-k.Ayacura-secretaria-232x300.png 232w\" sizes=\"(max-width: 276px) 100vw, 276px\" \/>\t\t\t\t\t\t\t\t\t\t\t\t\t\t\t<\/div>\n\t\t\t\t<\/div>\n\t\t<div class=\"elementor-element elementor-element-50c9d25 e-con-full e-flex e-con e-child\" data-id=\"50c9d25\" data-element_type=\"container\">\n\t\t\t\t<div class=\"elementor-element elementor-element-8c2ca5a elementor-widget elementor-widget-heading\" data-id=\"8c2ca5a\" data-element_type=\"widget\" data-widget_type=\"heading.default\">\n\t\t\t\t<div class=\"elementor-widget-container\">\n\t\t\t\t\t<h4 class=\"elementor-heading-title elementor-size-default\">Javiera K. Ayacura<\/h4>\t\t\t\t<\/div>\n\t\t\t\t<\/div>\n\t\t\t\t<div class=\"elementor-element elementor-element-8f4f9aa elementor-widget elementor-widget-heading\" data-id=\"8f4f9aa\" data-element_type=\"widget\" data-widget_type=\"heading.default\">\n\t\t\t\t<div class=\"elementor-widget-container\">\n\t\t\t\t\t<span class=\"elementor-heading-title elementor-size-default\">Secretaria<\/span>\t\t\t\t<\/div>\n\t\t\t\t<\/div>\n\t\t\t\t<\/div>\n\t\t\t\t<\/div>\n\t\t<div class=\"elementor-element elementor-element-66ab1bc e-con-full profile-card e-flex e-con e-child\" data-id=\"66ab1bc\" data-element_type=\"container\">\n\t\t\t\t<div class=\"elementor-element elementor-element-0d157b5 elementor-widget elementor-widget-image\" data-id=\"0d157b5\" data-element_type=\"widget\" data-widget_type=\"image.default\">\n\t\t\t\t<div class=\"elementor-widget-container\">\n\t\t\t\t\t\t\t\t\t\t\t\t\t\t\t<img loading=\"lazy\" decoding=\"async\" width=\"276\" height=\"357\" src=\"https:\/\/dev.antudigital.cl\/sites\/cha\/wp-content\/uploads\/2025\/07\/Federico-Tesorero.png\" class=\"attachment-full size-full wp-image-163\" alt=\"\" srcset=\"https:\/\/dev.antudigital.cl\/sites\/cha\/wp-content\/uploads\/2025\/07\/Federico-Tesorero.png 276w, https:\/\/dev.antudigital.cl\/sites\/cha\/wp-content\/uploads\/2025\/07\/Federico-Tesorero-232x300.png 232w\" sizes=\"(max-width: 276px) 100vw, 276px\" \/>\t\t\t\t\t\t\t\t\t\t\t\t\t\t\t<\/div>\n\t\t\t\t<\/div>\n\t\t<div class=\"elementor-element elementor-element-3685acb e-con-full e-flex e-con e-child\" data-id=\"3685acb\" data-element_type=\"container\">\n\t\t\t\t<div class=\"elementor-element elementor-element-ac31232 elementor-widget elementor-widget-heading\" data-id=\"ac31232\" data-element_type=\"widget\" data-widget_type=\"heading.default\">\n\t\t\t\t<div class=\"elementor-widget-container\">\n\t\t\t\t\t<h4 class=\"elementor-heading-title elementor-size-default\">Federico Gallardo<\/h4>\t\t\t\t<\/div>\n\t\t\t\t<\/div>\n\t\t\t\t<div class=\"elementor-element elementor-element-2bb44f6 elementor-widget elementor-widget-heading\" data-id=\"2bb44f6\" data-element_type=\"widget\" data-widget_type=\"heading.default\">\n\t\t\t\t<div class=\"elementor-widget-container\">\n\t\t\t\t\t<span class=\"elementor-heading-title elementor-size-default\">Tesorero<\/span>\t\t\t\t<\/div>\n\t\t\t\t<\/div>\n\t\t\t\t<\/div>\n\t\t\t\t<\/div>\n\t\t<div class=\"elementor-element elementor-element-5e7e2f8 e-con-full profile-card e-flex e-con e-child\" data-id=\"5e7e2f8\" data-element_type=\"container\">\n\t\t\t\t<div class=\"elementor-element elementor-element-22c4d4d elementor-widget elementor-widget-image\" data-id=\"22c4d4d\" data-element_type=\"widget\" data-widget_type=\"image.default\">\n\t\t\t\t<div class=\"elementor-widget-container\">\n\t\t\t\t\t\t\t\t\t\t\t\t\t\t\t<img loading=\"lazy\" decoding=\"async\" width=\"276\" height=\"357\" src=\"https:\/\/dev.antudigital.cl\/sites\/cha\/wp-content\/uploads\/2025\/07\/Mabel-Carabelli-Profesional.png\" class=\"attachment-full size-full wp-image-167\" alt=\"\" srcset=\"https:\/\/dev.antudigital.cl\/sites\/cha\/wp-content\/uploads\/2025\/07\/Mabel-Carabelli-Profesional.png 276w, https:\/\/dev.antudigital.cl\/sites\/cha\/wp-content\/uploads\/2025\/07\/Mabel-Carabelli-Profesional-232x300.png 232w\" sizes=\"(max-width: 276px) 100vw, 276px\" \/>\t\t\t\t\t\t\t\t\t\t\t\t\t\t\t<\/div>\n\t\t\t\t<\/div>\n\t\t<div class=\"elementor-element elementor-element-17edbad e-con-full e-flex e-con e-child\" data-id=\"17edbad\" data-element_type=\"container\">\n\t\t\t\t<div class=\"elementor-element elementor-element-c2d24fe elementor-widget elementor-widget-heading\" data-id=\"c2d24fe\" data-element_type=\"widget\" data-widget_type=\"heading.default\">\n\t\t\t\t<div class=\"elementor-widget-container\">\n\t\t\t\t\t<h4 class=\"elementor-heading-title elementor-size-default\">Mabel Carabelli<\/h4>\t\t\t\t<\/div>\n\t\t\t\t<\/div>\n\t\t\t\t<div class=\"elementor-element elementor-element-739d774 elementor-widget elementor-widget-heading\" data-id=\"739d774\" data-element_type=\"widget\" data-widget_type=\"heading.default\">\n\t\t\t\t<div class=\"elementor-widget-container\">\n\t\t\t\t\t<span class=\"elementor-heading-title elementor-size-default\">Representante de los profesionales<\/span>\t\t\t\t<\/div>\n\t\t\t\t<\/div>\n\t\t\t\t<\/div>\n\t\t\t\t<\/div>\n\t\t<div class=\"elementor-element elementor-element-875fbfa e-con-full profile-card e-flex e-con e-child\" data-id=\"875fbfa\" data-element_type=\"container\">\n\t\t\t\t<div class=\"elementor-element elementor-element-9068a86 elementor-widget elementor-widget-image\" data-id=\"9068a86\" data-element_type=\"widget\" data-widget_type=\"image.default\">\n\t\t\t\t<div class=\"elementor-widget-container\">\n\t\t\t\t\t\t\t\t\t\t\t\t\t\t\t<img loading=\"lazy\" decoding=\"async\" width=\"276\" height=\"357\" src=\"https:\/\/dev.antudigital.cl\/sites\/cha\/wp-content\/uploads\/2025\/07\/Jose-Navarro_Productoras.png\" class=\"attachment-full size-full wp-image-165\" alt=\"\" srcset=\"https:\/\/dev.antudigital.cl\/sites\/cha\/wp-content\/uploads\/2025\/07\/Jose-Navarro_Productoras.png 276w, https:\/\/dev.antudigital.cl\/sites\/cha\/wp-content\/uploads\/2025\/07\/Jose-Navarro_Productoras-232x300.png 232w\" sizes=\"(max-width: 276px) 100vw, 276px\" \/>\t\t\t\t\t\t\t\t\t\t\t\t\t\t\t<\/div>\n\t\t\t\t<\/div>\n\t\t<div class=\"elementor-element elementor-element-1490720 e-con-full e-flex e-con e-child\" data-id=\"1490720\" data-element_type=\"container\">\n\t\t\t\t<div class=\"elementor-element elementor-element-2f92e35 elementor-widget elementor-widget-heading\" data-id=\"2f92e35\" data-element_type=\"widget\" data-widget_type=\"heading.default\">\n\t\t\t\t<div class=\"elementor-widget-container\">\n\t\t\t\t\t<h4 class=\"elementor-heading-title elementor-size-default\">Jos\u00e9 Navarro<\/h4>\t\t\t\t<\/div>\n\t\t\t\t<\/div>\n\t\t\t\t<div class=\"elementor-element elementor-element-9b7db34 elementor-widget elementor-widget-heading\" data-id=\"9b7db34\" data-element_type=\"widget\" data-widget_type=\"heading.default\">\n\t\t\t\t<div class=\"elementor-widget-container\">\n\t\t\t\t\t<span class=\"elementor-heading-title elementor-size-default\">Representante de las productoras<\/span>\t\t\t\t<\/div>\n\t\t\t\t<\/div>\n\t\t\t\t<\/div>\n\t\t\t\t<\/div>\n\t\t\t\t\t<\/div>\n\t\t\t\t<\/div>\n\t\t<div class=\"elementor-element elementor-element-6f67752 e-flex e-con-boxed e-con e-parent\" data-id=\"6f67752\" data-element_type=\"container\">\n\t\t\t\t\t<div class=\"e-con-inner\">\n\t\t<div class=\"elementor-element elementor-element-d9ffbde e-con-full e-flex e-con e-child\" data-id=\"d9ffbde\" data-element_type=\"container\">\n\t\t\t\t<div class=\"elementor-element elementor-element-766d540 elementor-widget elementor-widget-heading\" data-id=\"766d540\" data-element_type=\"widget\" data-widget_type=\"heading.default\">\n\t\t\t\t<div class=\"elementor-widget-container\">\n\t\t\t\t\t<h4 class=\"elementor-heading-title elementor-size-default\">Nuestros<\/h4>\t\t\t\t<\/div>\n\t\t\t\t<\/div>\n\t\t\t\t<div class=\"elementor-element elementor-element-bc9f101 elementor-widget elementor-widget-heading\" data-id=\"bc9f101\" data-element_type=\"widget\" data-widget_type=\"heading.default\">\n\t\t\t\t<div class=\"elementor-widget-container\">\n\t\t\t\t\t<h3 class=\"elementor-heading-title elementor-size-default\">Objetivos<\/h3>\t\t\t\t<\/div>\n\t\t\t\t<\/div>\n\t\t\t\t<div class=\"elementor-element elementor-element-63f8bc8 elementor-widget elementor-widget-heading\" data-id=\"63f8bc8\" data-element_type=\"widget\" data-widget_type=\"heading.default\">\n\t\t\t\t<div class=\"elementor-widget-container\">\n\t\t\t\t\t<h6 class=\"elementor-heading-title elementor-size-default\">Desde su fundaci\u00f3n el 25 de octubre de 2011, ANIMACHI ha trabajado con constancia y compromiso para fortalecer el gremio de la animaci\u00f3n en Chile, promoviendo el crecimiento sostenido de sus asociados y del sector en su conjunto.<\/h6>\t\t\t\t<\/div>\n\t\t\t\t<\/div>\n\t\t\t\t<div class=\"elementor-element elementor-element-19618c2 elementor-hidden-desktop elementor-hidden-tablet elementor-hidden-mobile elementor-widget elementor-widget-button\" data-id=\"19618c2\" data-element_type=\"widget\" data-widget_type=\"button.default\">\n\t\t\t\t<div class=\"elementor-widget-container\">\n\t\t\t\t\t\t\t\t\t<div class=\"elementor-button-wrapper\">\n\t\t\t\t\t<a class=\"elementor-button elementor-button-link elementor-size-sm\" href=\"#\">\n\t\t\t\t\t\t<span class=\"elementor-button-content-wrapper\">\n\t\t\t\t\t\t\t\t\t<span class=\"elementor-button-text\">M\u00e1s informaci\u00f3n<\/span>\n\t\t\t\t\t<\/span>\n\t\t\t\t\t<\/a>\n\t\t\t\t<\/div>\n\t\t\t\t\t\t\t\t<\/div>\n\t\t\t\t<\/div>\n\t\t\t\t<\/div>\n\t\t<div class=\"elementor-element elementor-element-2270f42 e-con-full e-flex e-con e-child\" data-id=\"2270f42\" data-element_type=\"container\">\n\t\t\t\t<div class=\"elementor-element elementor-element-a6ef93c elementor-widget elementor-widget-text-editor\" data-id=\"a6ef93c\" data-element_type=\"widget\" data-widget_type=\"text-editor.default\">\n\t\t\t\t<div class=\"elementor-widget-container\">\n\t\t\t\t\t\t\t\t\t<p>Nuestra misi\u00f3n se basa en representar, defender y promover los intereses sociales, profesionales y culturales de nuestros miembros, fomentando condiciones favorables para la producci\u00f3n de animaci\u00f3n tanto a nivel individual como colectivo. Buscamos dignificar y mejorar la actividad profesional, difundiendo las creaciones art\u00edsticas de nuestros asociados en Chile y el extranjero, editando contenidos informativos y participando en festivales, congresos y eventos internacionales. Adem\u00e1s, impulsamos la creaci\u00f3n de redes colaborativas entre profesionales, productoras y actores clave del sector, tanto locales como globales, para potenciar oportunidades y sinergias.<\/p><p>Si quieres conocer m\u00e1s a profundidad nuestros objetivos o si bien compartes nuestra visi\u00f3n y deseas ser parte de una comunidad activa que trabaja por el desarrollo de la animaci\u00f3n, \u00a1te invitamos a unirte a ANIMACHI! Juntos podemos seguir construyendo un futuro m\u00e1s s\u00f3lido y animado para este arte y oficio. Escribenos a <a href=\"mailto:info@animachi.cl\">info@animachi.cl<\/a><\/p>\t\t\t\t\t\t\t\t<\/div>\n\t\t\t\t<\/div>\n\t\t\t\t<\/div>\n\t\t\t\t\t<\/div>\n\t\t\t\t<\/div>\n\t\t\t\t<\/div>\n\t\t","protected":false},"excerpt":{"rendered":"<p>Nuestra Asociaci\u00f3n Qui\u00e9nes somos ANIMACHI es una Asociaci\u00f3n gremial sin fines de lucro, que re\u00fane a profesionales y productoras de animaci\u00f3n chilenas Fundada en el a\u00f1o 2010 con el objetivo de generar y mejorar las condiciones para el desarrollo de nuestro sector. La asociaci\u00f3n ha empujado importantes avances para el fomento de la industria desde [&hellip;]<\/p>\n","protected":false},"author":1,"featured_media":0,"parent":0,"menu_order":0,"comment_status":"closed","ping_status":"closed","template":"elementor_header_footer","meta":{"_acf_changed":false,"footnotes":""},"class_list":["post-16","page","type-page","status-publish","hentry"],"acf":[],"_links":{"self":[{"href":"https:\/\/dev.antudigital.cl\/sites\/cha\/wp-json\/wp\/v2\/pages\/16","targetHints":{"allow":["GET"]}}],"collection":[{"href":"https:\/\/dev.antudigital.cl\/sites\/cha\/wp-json\/wp\/v2\/pages"}],"about":[{"href":"https:\/\/dev.antudigital.cl\/sites\/cha\/wp-json\/wp\/v2\/types\/page"}],"author":[{"embeddable":true,"href":"https:\/\/dev.antudigital.cl\/sites\/cha\/wp-json\/wp\/v2\/users\/1"}],"replies":[{"embeddable":true,"href":"https:\/\/dev.antudigital.cl\/sites\/cha\/wp-json\/wp\/v2\/comments?post=16"}],"version-history":[{"count":47,"href":"https:\/\/dev.antudigital.cl\/sites\/cha\/wp-json\/wp\/v2\/pages\/16\/revisions"}],"predecessor-version":[{"id":813,"href":"https:\/\/dev.antudigital.cl\/sites\/cha\/wp-json\/wp\/v2\/pages\/16\/revisions\/813"}],"wp:attachment":[{"href":"https:\/\/dev.antudigital.cl\/sites\/cha\/wp-json\/wp\/v2\/media?parent=16"}],"curies":[{"name":"wp","href":"https:\/\/api.w.org\/{rel}","templated":true}]}}