{"id":3298,"date":"2025-02-03T13:19:18","date_gmt":"2025-02-03T16:19:18","guid":{"rendered":"https:\/\/hola.test\/?page_id=3298"},"modified":"2025-03-07T21:36:54","modified_gmt":"2025-03-08T00:36:54","slug":"andinos","status":"publish","type":"page","link":"https:\/\/dev.antudigital.cl\/sites\/fotografia\/archivos-de-referencia\/andinos\/","title":{"rendered":"Andinos"},"content":{"rendered":"\t\t<div data-elementor-type=\"wp-page\" data-elementor-id=\"3298\" class=\"elementor elementor-3298\" data-elementor-post-type=\"page\">\n\t\t\t\t<div class=\"elementor-element elementor-element-b35d2cc e-con-full e-flex e-con e-parent\" data-id=\"b35d2cc\" data-element_type=\"container\" data-settings=\"{&quot;background_background&quot;:&quot;classic&quot;}\">\n\t\t<div class=\"elementor-element elementor-element-90bdba2 e-con-full elementor-hidden-tablet elementor-hidden-mobile e-flex e-con e-child\" data-id=\"90bdba2\" data-element_type=\"container\">\n\t\t\t\t<div class=\"elementor-element elementor-element-7811756 elementor-widget elementor-widget-spacer\" data-id=\"7811756\" data-element_type=\"widget\" data-widget_type=\"spacer.default\">\n\t\t\t\t<div class=\"elementor-widget-container\">\n\t\t\t\t\t\t\t<div class=\"elementor-spacer\">\n\t\t\t<div class=\"elementor-spacer-inner\"><\/div>\n\t\t<\/div>\n\t\t\t\t\t\t<\/div>\n\t\t\t\t<\/div>\n\t\t\t\t<div class=\"elementor-element elementor-element-43bb08b elementor-widget elementor-widget-nav-menu\" data-id=\"43bb08b\" data-element_type=\"widget\" data-settings=\"{&quot;layout&quot;:&quot;dropdown&quot;,&quot;submenu_icon&quot;:{&quot;value&quot;:&quot;&lt;i class=\\&quot;\\&quot; aria-hidden=\\&quot;true\\&quot;&gt;&lt;\\\/i&gt;&quot;,&quot;library&quot;:&quot;&quot;}}\" data-widget_type=\"nav-menu.default\">\n\t\t\t\t<div class=\"elementor-widget-container\">\n\t\t\t\t\t\t\t\t<nav class=\"elementor-nav-menu--dropdown elementor-nav-menu__container\" aria-hidden=\"true\">\n\t\t\t\t<ul id=\"menu-2-43bb08b\" class=\"elementor-nav-menu\"><li class=\"menu-item menu-item-type-post_type menu-item-object-page menu-item-3307\"><a href=\"https:\/\/dev.antudigital.cl\/sites\/fotografia\/archivos-de-referencia\/andinos\/\" class=\"elementor-item\" tabindex=\"-1\">Andinos<\/a><\/li>\n<li class=\"menu-item menu-item-type-post_type menu-item-object-page menu-item-3308\"><a href=\"https:\/\/dev.antudigital.cl\/sites\/fotografia\/archivos-de-referencia\/fueguinos\/\" class=\"elementor-item\" tabindex=\"-1\">Fueguinos<\/a><\/li>\n<li class=\"menu-item menu-item-type-post_type menu-item-object-page menu-item-3309\"><a href=\"https:\/\/dev.antudigital.cl\/sites\/fotografia\/archivos-de-referencia\/mapuches\/\" class=\"elementor-item\" tabindex=\"-1\">Mapuches<\/a><\/li>\n<\/ul>\t\t\t<\/nav>\n\t\t\t\t\t\t<\/div>\n\t\t\t\t<\/div>\n\t\t\t\t<\/div>\n\t\t<div class=\"elementor-element elementor-element-4b1f8cd e-con-full e-flex e-con e-child\" data-id=\"4b1f8cd\" data-element_type=\"container\" data-settings=\"{&quot;background_background&quot;:&quot;classic&quot;}\">\n\t\t\t\t<div class=\"elementor-element elementor-element-3357b6e elementor-align-justify elementor-widget__width-inherit elementor-hidden-desktop elementor-widget elementor-widget-button\" data-id=\"3357b6e\" data-element_type=\"widget\" data-widget_type=\"button.default\">\n\t\t\t\t<div class=\"elementor-widget-container\">\n\t\t\t\t\t\t\t\t\t<div class=\"elementor-button-wrapper\">\n\t\t\t\t\t<a class=\"elementor-button elementor-button-link elementor-size-sm\" href=\"#elementor-action%3Aaction%3Dpopup%3Aopen%26settings%3DeyJpZCI6IjMyOTciLCJ0b2dnbGUiOmZhbHNlfQ%3D%3D\">\n\t\t\t\t\t\t<span class=\"elementor-button-content-wrapper\">\n\t\t\t\t\t\t<span class=\"elementor-button-icon\">\n\t\t\t\t<i aria-hidden=\"true\" class=\"fas fa-bars\"><\/i>\t\t\t<\/span>\n\t\t\t\t\t\t\t\t\t<span class=\"elementor-button-text\">ARCHIVOS DE REFERENCIA<\/span>\n\t\t\t\t\t<\/span>\n\t\t\t\t\t<\/a>\n\t\t\t\t<\/div>\n\t\t\t\t\t\t\t\t<\/div>\n\t\t\t\t<\/div>\n\t\t\t\t<div class=\"elementor-element elementor-element-b206837 elementor-widget elementor-widget-heading\" data-id=\"b206837\" data-element_type=\"widget\" data-widget_type=\"heading.default\">\n\t\t\t\t<div class=\"elementor-widget-container\">\n\t\t\t\t\t<h1 class=\"elementor-heading-title elementor-size-default\">Andinos<\/h1>\t\t\t\t<\/div>\n\t\t\t\t<\/div>\n\t\t\t\t<div class=\"elementor-element elementor-element-c3d831b elementor-widget elementor-widget-text-editor\" data-id=\"c3d831b\" data-element_type=\"widget\" data-widget_type=\"text-editor.default\">\n\t\t\t\t<div class=\"elementor-widget-container\">\n\t\t\t\t\t\t\t\t\t<ol><li>Archivo Central Andr\u00e9s Bello, Colecci\u00f3n Fotogr\u00e1fica, Sub Colecci\u00f3n Institucional, Universidad de Chile. Santiago, Chile.<\/li><li>Archivo Juan van Kessel, Instituto para el Estudio de la Cultura y Tecnolog\u00eda Andina, IECTA. Iquique, Chile.<\/li><li>Colecci\u00f3n Particular Andr\u00e9s Figueroa \/ Colecci\u00f3n Particular Tom\u00e1s Munita \/ Colecci\u00f3n Particular Claudio P\u00e9rez\/ Bancroft Library \/ Naprstek Museum.<\/li><li>Colecci\u00f3n particular de Carmen Capetillo. Iquique, Chile.<\/li><li>Colecci\u00f3n particular de Manuel Mamani, Arica, Chile.<\/li><li>Colecci\u00f3n particular Rodomiro Huanca, Arica, Chile.<\/li><li>Fondo Grebe, Archivo etnogr\u00e1fico y audiovisual del Departamento de Antropolog\u00eda, Universidad de Chile.<\/li><li>Colecciones de fotograf\u00eda Familia Oliver, Bancroft Library, University of California, Berkeley, Estados Unidos.<\/li><li>Museo Nacional de Historia Natural. Santiago, Chile.<\/li><li>Mus\u00e9e du quai Branly. Par\u00eds, Francia.<\/li><\/ol>\t\t\t\t\t\t\t\t<\/div>\n\t\t\t\t<\/div>\n\t\t\t\t<\/div>\n\t\t<div class=\"elementor-element elementor-element-4b5c143 e-con-full elementor-hidden-tablet elementor-hidden-mobile e-flex e-con e-child\" data-id=\"4b5c143\" data-element_type=\"container\" data-settings=\"{&quot;background_background&quot;:&quot;classic&quot;}\">\n\t\t\t\t<\/div>\n\t\t\t\t<\/div>\n\t\t\t\t<\/div>\n\t\t","protected":false},"excerpt":{"rendered":"<p>ARCHIVOS DE REFERENCIA Andinos Archivo Central Andr\u00e9s Bello, Colecci\u00f3n Fotogr\u00e1fica, Sub Colecci\u00f3n Institucional, Universidad de Chile. Santiago, Chile. Archivo Juan van Kessel, Instituto para el Estudio de la Cultura y Tecnolog\u00eda Andina, IECTA. Iquique, Chile. Colecci\u00f3n Particular Andr\u00e9s Figueroa \/ Colecci\u00f3n Particular Tom\u00e1s Munita \/ Colecci\u00f3n Particular Claudio P\u00e9rez\/ Bancroft Library \/ Naprstek Museum. Colecci\u00f3n [&hellip;]<\/p>\n","protected":false},"author":1,"featured_media":0,"parent":1851,"menu_order":0,"comment_status":"closed","ping_status":"closed","template":"elementor_header_footer","meta":{"footnotes":""},"class_list":["post-3298","page","type-page","status-publish","hentry"],"_links":{"self":[{"href":"https:\/\/dev.antudigital.cl\/sites\/fotografia\/wp-json\/wp\/v2\/pages\/3298","targetHints":{"allow":["GET"]}}],"collection":[{"href":"https:\/\/dev.antudigital.cl\/sites\/fotografia\/wp-json\/wp\/v2\/pages"}],"about":[{"href":"https:\/\/dev.antudigital.cl\/sites\/fotografia\/wp-json\/wp\/v2\/types\/page"}],"author":[{"embeddable":true,"href":"https:\/\/dev.antudigital.cl\/sites\/fotografia\/wp-json\/wp\/v2\/users\/1"}],"replies":[{"embeddable":true,"href":"https:\/\/dev.antudigital.cl\/sites\/fotografia\/wp-json\/wp\/v2\/comments?post=3298"}],"version-history":[{"count":61,"href":"https:\/\/dev.antudigital.cl\/sites\/fotografia\/wp-json\/wp\/v2\/pages\/3298\/revisions"}],"predecessor-version":[{"id":4689,"href":"https:\/\/dev.antudigital.cl\/sites\/fotografia\/wp-json\/wp\/v2\/pages\/3298\/revisions\/4689"}],"up":[{"embeddable":true,"href":"https:\/\/dev.antudigital.cl\/sites\/fotografia\/wp-json\/wp\/v2\/pages\/1851"}],"wp:attachment":[{"href":"https:\/\/dev.antudigital.cl\/sites\/fotografia\/wp-json\/wp\/v2\/media?parent=3298"}],"curies":[{"name":"wp","href":"https:\/\/api.w.org\/{rel}","templated":true}]}}