{"id":3301,"date":"2025-02-03T13:19:55","date_gmt":"2025-02-03T16:19:55","guid":{"rendered":"https:\/\/hola.test\/?page_id=3301"},"modified":"2025-03-07T21:35:22","modified_gmt":"2025-03-08T00:35:22","slug":"fueguinos","status":"publish","type":"page","link":"https:\/\/dev.antudigital.cl\/sites\/fotografia\/archivos-de-referencia\/fueguinos\/","title":{"rendered":"Fueguinos"},"content":{"rendered":"\t\t<div data-elementor-type=\"wp-page\" data-elementor-id=\"3301\" class=\"elementor elementor-3301\" data-elementor-post-type=\"page\">\n\t\t\t\t<div class=\"elementor-element elementor-element-b35d2cc e-con-full e-flex e-con e-parent\" data-id=\"b35d2cc\" data-element_type=\"container\" data-settings=\"{&quot;background_background&quot;:&quot;classic&quot;}\">\n\t\t<div class=\"elementor-element elementor-element-90bdba2 e-con-full elementor-hidden-tablet elementor-hidden-mobile e-flex e-con e-child\" data-id=\"90bdba2\" data-element_type=\"container\">\n\t\t\t\t<div class=\"elementor-element elementor-element-3f39d3d elementor-widget elementor-widget-spacer\" data-id=\"3f39d3d\" data-element_type=\"widget\" data-widget_type=\"spacer.default\">\n\t\t\t\t<div class=\"elementor-widget-container\">\n\t\t\t\t\t\t\t<div class=\"elementor-spacer\">\n\t\t\t<div class=\"elementor-spacer-inner\"><\/div>\n\t\t<\/div>\n\t\t\t\t\t\t<\/div>\n\t\t\t\t<\/div>\n\t\t\t\t<div class=\"elementor-element elementor-element-4d71f87 elementor-widget elementor-widget-nav-menu\" data-id=\"4d71f87\" data-element_type=\"widget\" data-settings=\"{&quot;layout&quot;:&quot;dropdown&quot;,&quot;submenu_icon&quot;:{&quot;value&quot;:&quot;&lt;i class=\\&quot;\\&quot; aria-hidden=\\&quot;true\\&quot;&gt;&lt;\\\/i&gt;&quot;,&quot;library&quot;:&quot;&quot;}}\" data-widget_type=\"nav-menu.default\">\n\t\t\t\t<div class=\"elementor-widget-container\">\n\t\t\t\t\t\t\t\t<nav class=\"elementor-nav-menu--dropdown elementor-nav-menu__container\" aria-hidden=\"true\">\n\t\t\t\t<ul id=\"menu-2-4d71f87\" class=\"elementor-nav-menu\"><li class=\"menu-item menu-item-type-post_type menu-item-object-page menu-item-3307\"><a href=\"https:\/\/dev.antudigital.cl\/sites\/fotografia\/archivos-de-referencia\/andinos\/\" class=\"elementor-item\" tabindex=\"-1\">Andinos<\/a><\/li>\n<li class=\"menu-item menu-item-type-post_type menu-item-object-page menu-item-3308\"><a href=\"https:\/\/dev.antudigital.cl\/sites\/fotografia\/archivos-de-referencia\/fueguinos\/\" class=\"elementor-item\" tabindex=\"-1\">Fueguinos<\/a><\/li>\n<li class=\"menu-item menu-item-type-post_type menu-item-object-page menu-item-3309\"><a href=\"https:\/\/dev.antudigital.cl\/sites\/fotografia\/archivos-de-referencia\/mapuches\/\" class=\"elementor-item\" tabindex=\"-1\">Mapuches<\/a><\/li>\n<\/ul>\t\t\t<\/nav>\n\t\t\t\t\t\t<\/div>\n\t\t\t\t<\/div>\n\t\t\t\t<\/div>\n\t\t<div class=\"elementor-element elementor-element-4b1f8cd e-con-full e-flex e-con e-child\" data-id=\"4b1f8cd\" data-element_type=\"container\" data-settings=\"{&quot;background_background&quot;:&quot;classic&quot;}\">\n\t\t\t\t<div class=\"elementor-element elementor-element-de5d64d elementor-align-justify elementor-widget__width-inherit elementor-hidden-desktop elementor-widget elementor-widget-button\" data-id=\"de5d64d\" data-element_type=\"widget\" data-widget_type=\"button.default\">\n\t\t\t\t<div class=\"elementor-widget-container\">\n\t\t\t\t\t\t\t\t\t<div class=\"elementor-button-wrapper\">\n\t\t\t\t\t<a class=\"elementor-button elementor-button-link elementor-size-sm\" href=\"#elementor-action%3Aaction%3Dpopup%3Aopen%26settings%3DeyJpZCI6IjMyOTciLCJ0b2dnbGUiOmZhbHNlfQ%3D%3D\">\n\t\t\t\t\t\t<span class=\"elementor-button-content-wrapper\">\n\t\t\t\t\t\t<span class=\"elementor-button-icon\">\n\t\t\t\t<i aria-hidden=\"true\" class=\"fas fa-bars\"><\/i>\t\t\t<\/span>\n\t\t\t\t\t\t\t\t\t<span class=\"elementor-button-text\">ARCHIVOS DE REFERENCIA<\/span>\n\t\t\t\t\t<\/span>\n\t\t\t\t\t<\/a>\n\t\t\t\t<\/div>\n\t\t\t\t\t\t\t\t<\/div>\n\t\t\t\t<\/div>\n\t\t\t\t<div class=\"elementor-element elementor-element-94cae94 elementor-widget elementor-widget-heading\" data-id=\"94cae94\" data-element_type=\"widget\" data-widget_type=\"heading.default\">\n\t\t\t\t<div class=\"elementor-widget-container\">\n\t\t\t\t\t<h1 class=\"elementor-heading-title elementor-size-default\">Fueguinos<\/h1>\t\t\t\t<\/div>\n\t\t\t\t<\/div>\n\t\t\t\t<div class=\"elementor-element elementor-element-90141aa elementor-widget elementor-widget-text-editor\" data-id=\"90141aa\" data-element_type=\"widget\" data-widget_type=\"text-editor.default\">\n\t\t\t\t<div class=\"elementor-widget-container\">\n\t\t\t\t\t\t\t\t\t<ol><li>Anthropos Institut. Sankt Agustin, Alemania.<\/li><li>Archivo Hist\u00f3rico de la Armada. Valpara\u00edso, Chile.<\/li><li>Dartmouth College Library. Hanover, New Hampshire, Estados Unidos.<\/li><li>Etnografiska Museet Stockholm. Estocolmo, Suecia.<\/li><li>Instituto de la Patagonia. Punta Arenas, Chile.<\/li><li>Mus\u00e9e du quai Branly. Par\u00eds, Francia.<\/li><li>Museo del Fin del Mundo. Ushuaia, Argentina.<\/li><li>Museo Hist\u00f3rico y Antropol\u00f3gico Mauricio van de Maele. Valdivia, Chile.<\/li><li>Museo Nazionale Della Montagna \u201c Duca degli Abruizzi\u201d Club Alpino Italiano-Sezione di Torino. Torino, Italia .<\/li><li>Museo Salesiano Maggiorino Borgatello. Punta Arenas, Chile.<\/li><li>Soci\u00e9t\u00e9 de G\u00e9ographie. Par\u00eds, Francia.<\/li><\/ol>\t\t\t\t\t\t\t\t<\/div>\n\t\t\t\t<\/div>\n\t\t\t\t<\/div>\n\t\t<div class=\"elementor-element elementor-element-4b5c143 e-con-full elementor-hidden-tablet elementor-hidden-mobile e-flex e-con e-child\" data-id=\"4b5c143\" data-element_type=\"container\" data-settings=\"{&quot;background_background&quot;:&quot;classic&quot;}\">\n\t\t\t\t<\/div>\n\t\t\t\t<\/div>\n\t\t\t\t<\/div>\n\t\t","protected":false},"excerpt":{"rendered":"<p>ARCHIVOS DE REFERENCIA Fueguinos Anthropos Institut. Sankt Agustin, Alemania. Archivo Hist\u00f3rico de la Armada. Valpara\u00edso, Chile. Dartmouth College Library. Hanover, New Hampshire, Estados Unidos. Etnografiska Museet Stockholm. Estocolmo, Suecia. Instituto de la Patagonia. Punta Arenas, Chile. Mus\u00e9e du quai Branly. Par\u00eds, Francia. Museo del Fin del Mundo. Ushuaia, Argentina. Museo Hist\u00f3rico y Antropol\u00f3gico Mauricio van [&hellip;]<\/p>\n","protected":false},"author":1,"featured_media":0,"parent":1851,"menu_order":0,"comment_status":"closed","ping_status":"closed","template":"elementor_header_footer","meta":{"footnotes":""},"class_list":["post-3301","page","type-page","status-publish","hentry"],"_links":{"self":[{"href":"https:\/\/dev.antudigital.cl\/sites\/fotografia\/wp-json\/wp\/v2\/pages\/3301","targetHints":{"allow":["GET"]}}],"collection":[{"href":"https:\/\/dev.antudigital.cl\/sites\/fotografia\/wp-json\/wp\/v2\/pages"}],"about":[{"href":"https:\/\/dev.antudigital.cl\/sites\/fotografia\/wp-json\/wp\/v2\/types\/page"}],"author":[{"embeddable":true,"href":"https:\/\/dev.antudigital.cl\/sites\/fotografia\/wp-json\/wp\/v2\/users\/1"}],"replies":[{"embeddable":true,"href":"https:\/\/dev.antudigital.cl\/sites\/fotografia\/wp-json\/wp\/v2\/comments?post=3301"}],"version-history":[{"count":25,"href":"https:\/\/dev.antudigital.cl\/sites\/fotografia\/wp-json\/wp\/v2\/pages\/3301\/revisions"}],"predecessor-version":[{"id":4683,"href":"https:\/\/dev.antudigital.cl\/sites\/fotografia\/wp-json\/wp\/v2\/pages\/3301\/revisions\/4683"}],"up":[{"embeddable":true,"href":"https:\/\/dev.antudigital.cl\/sites\/fotografia\/wp-json\/wp\/v2\/pages\/1851"}],"wp:attachment":[{"href":"https:\/\/dev.antudigital.cl\/sites\/fotografia\/wp-json\/wp\/v2\/media?parent=3301"}],"curies":[{"name":"wp","href":"https:\/\/api.w.org\/{rel}","templated":true}]}}