{"id":264,"date":"2026-03-24T16:17:37","date_gmt":"2026-03-24T19:17:37","guid":{"rendered":"https:\/\/dev.antudigital.cl\/sites\/lf\/?page_id=264"},"modified":"2026-04-16T09:01:26","modified_gmt":"2026-04-16T13:01:26","slug":"eventos","status":"publish","type":"page","link":"https:\/\/dev.antudigital.cl\/sites\/lf\/servicios\/eventos\/","title":{"rendered":"Eventos"},"content":{"rendered":"\t\t<div data-elementor-type=\"wp-page\" data-elementor-id=\"264\" class=\"elementor elementor-264\" data-elementor-post-type=\"page\">\n\t\t\t\t<div class=\"elementor-element elementor-element-13943c5f e-flex e-con-boxed e-con e-parent\" data-id=\"13943c5f\" data-element_type=\"container\" data-e-type=\"container\" data-settings=\"{&quot;background_background&quot;:&quot;classic&quot;}\">\n\t\t\t\t\t<div class=\"e-con-inner\">\n\t\t<div class=\"elementor-element elementor-element-2e76cf5 e-con-full e-flex e-con e-child\" data-id=\"2e76cf5\" data-element_type=\"container\" data-e-type=\"container\">\n\t\t\t\t<div class=\"elementor-element elementor-element-d310b1e elementor-widget elementor-widget-heading\" data-id=\"d310b1e\" data-element_type=\"widget\" data-e-type=\"widget\" data-widget_type=\"heading.default\">\n\t\t\t\t\t<h1 class=\"elementor-heading-title elementor-size-default\">Cine al Aire Libre<\/h1>\t\t\t\t<\/div>\n\t\t\t\t<div class=\"elementor-element elementor-element-d42cfe5 elementor-widget elementor-widget-heading\" data-id=\"d42cfe5\" data-element_type=\"widget\" data-e-type=\"widget\" data-widget_type=\"heading.default\">\n\t\t\t\t\t<h3 class=\"elementor-heading-title elementor-size-default\">Transformando Espacios\nP\u00fablicos en Comunidad y Cultura<\/h3>\t\t\t\t<\/div>\n\t\t\t\t<\/div>\n\t\t<div class=\"elementor-element elementor-element-4379d987 e-con-full e-flex e-con e-child\" data-id=\"4379d987\" data-element_type=\"container\" data-e-type=\"container\">\n\t\t\t\t<div class=\"elementor-element elementor-element-537240ee elementor-tablet-align-center elementor-mobile-align-justify elementor-widget elementor-widget-button\" data-id=\"537240ee\" data-element_type=\"widget\" data-e-type=\"widget\" data-widget_type=\"button.default\">\n\t\t\t\t\t\t\t\t\t\t<a class=\"elementor-button elementor-button-link elementor-size-sm\" href=\"https:\/\/dev.antudigital.cl\/sites\/lf\/contacto\/\">\n\t\t\t\t\t\t<span class=\"elementor-button-content-wrapper\">\n\t\t\t\t\t\t\t\t\t<span class=\"elementor-button-text\">Contactar<\/span>\n\t\t\t\t\t<\/span>\n\t\t\t\t\t<\/a>\n\t\t\t\t\t\t\t\t<\/div>\n\t\t\t\t<div class=\"elementor-element elementor-element-3941d8fd elementor-tablet-align-center elementor-mobile-align-left elementor-widget elementor-widget-button\" data-id=\"3941d8fd\" data-element_type=\"widget\" data-e-type=\"widget\" data-widget_type=\"button.default\">\n\t\t\t\t\t\t\t\t\t\t<a class=\"elementor-button elementor-button-link elementor-size-sm\" href=\"https:\/\/dev.antudigital.cl\/sites\/lf\/servicios\/\">\n\t\t\t\t\t\t<span class=\"elementor-button-content-wrapper\">\n\t\t\t\t\t\t\t\t\t<span class=\"elementor-button-text\">Ver servicios<\/span>\n\t\t\t\t\t<\/span>\n\t\t\t\t\t<\/a>\n\t\t\t\t\t\t\t\t<\/div>\n\t\t\t\t<\/div>\n\t\t\t\t\t<\/div>\n\t\t\t\t<\/div>\n\t\t<div class=\"elementor-element elementor-element-6e8a6974 e-flex e-con-boxed e-con e-parent\" data-id=\"6e8a6974\" data-element_type=\"container\" data-e-type=\"container\" data-settings=\"{&quot;background_background&quot;:&quot;classic&quot;}\">\n\t\t\t\t\t<div class=\"e-con-inner\">\n\t\t\t\t<div class=\"elementor-element elementor-element-544181bf elementor-widget elementor-widget-heading\" data-id=\"544181bf\" data-element_type=\"widget\" data-e-type=\"widget\" data-widget_type=\"heading.default\">\n\t\t\t\t\t<h3 class=\"elementor-heading-title elementor-size-default\">Llevamos la magia de la pantalla gigante a <b>parques, plazas, canchas<\/b> y <b>pasajes<\/b>, transformando el espacio p\u00fablico en un punto de encuentro donde <b>vecinos, amigos<\/b> y <b>familias<\/b> se re\u00fanen para <b>compartir historias<\/b> bajo las estrellas.<\/h3>\t\t\t\t<\/div>\n\t\t\t\t\t<\/div>\n\t\t\t\t<\/div>\n\t\t<div class=\"elementor-element elementor-element-5e24296b e-flex e-con-boxed e-con e-parent\" data-id=\"5e24296b\" data-element_type=\"container\" data-e-type=\"container\" data-settings=\"{&quot;background_background&quot;:&quot;classic&quot;}\">\n\t\t\t\t\t<div class=\"e-con-inner\">\n\t\t<div class=\"elementor-element elementor-element-5128bcbd e-con-full e-flex e-con e-child\" data-id=\"5128bcbd\" data-element_type=\"container\" data-e-type=\"container\">\n\t\t\t\t<div class=\"elementor-element elementor-element-1cfd160e elementor-widget elementor-widget-heading\" data-id=\"1cfd160e\" data-element_type=\"widget\" data-e-type=\"widget\" data-widget_type=\"heading.default\">\n\t\t\t\t\t<h3 class=\"elementor-heading-title elementor-size-default\">Cine Libre<\/h3>\t\t\t\t<\/div>\n\t\t\t\t<div class=\"elementor-element elementor-element-288b70e3 elementor-widget elementor-widget-heading\" data-id=\"288b70e3\" data-element_type=\"widget\" data-e-type=\"widget\" data-widget_type=\"heading.default\">\n\t\t\t\t\t<p class=\"elementor-heading-title elementor-size-default\">Aunque nuestra pasi\u00f3n es el cine chileno (ficci\u00f3n y documental), dise\u00f1amos la curator\u00eda de acuerdo a los objetivos de cada proyecto y los intereses espec\u00edficos de cada territorio. Creemos en una programaci\u00f3n con sentido que refleje las inquietudes y la identidad de las comunidades que nos reciben.<\/p>\t\t\t\t<\/div>\n\t\t\t\t<\/div>\n\t\t<div class=\"elementor-element elementor-element-4e7c8c90 e-con-full e-flex e-con e-child\" data-id=\"4e7c8c90\" data-element_type=\"container\" data-e-type=\"container\">\n\t\t\t\t<div class=\"elementor-element elementor-element-3f1beb3a elementor-widget elementor-widget-image\" data-id=\"3f1beb3a\" data-element_type=\"widget\" data-e-type=\"widget\" data-widget_type=\"image.default\">\n\t\t\t\t\t\t\t\t\t\t\t\t\t\t\t<img fetchpriority=\"high\" decoding=\"async\" width=\"700\" height=\"400\" src=\"https:\/\/dev.antudigital.cl\/sites\/lf\/wp-content\/uploads\/2026\/04\/cine-libre1-700x400-1.jpg\" class=\"attachment-full size-full wp-image-356\" alt=\"\" \/>\t\t\t\t\t\t\t\t\t\t\t\t\t\t\t<\/div>\n\t\t\t\t<\/div>\n\t\t\t\t\t<\/div>\n\t\t\t\t<\/div>\n\t\t<div class=\"elementor-element elementor-element-483e3d53 e-flex e-con-boxed e-con e-parent\" data-id=\"483e3d53\" data-element_type=\"container\" data-e-type=\"container\">\n\t\t\t\t\t<div class=\"e-con-inner\">\n\t\t<div class=\"elementor-element elementor-element-5398162e e-con-full e-flex e-con e-child\" data-id=\"5398162e\" data-element_type=\"container\" data-e-type=\"container\">\n\t\t\t\t<div class=\"elementor-element elementor-element-5ba58c5e elementor-widget elementor-widget-image\" data-id=\"5ba58c5e\" data-element_type=\"widget\" data-e-type=\"widget\" data-widget_type=\"image.default\">\n\t\t\t\t\t\t\t\t\t\t\t\t\t\t\t<img decoding=\"async\" width=\"700\" height=\"400\" src=\"https:\/\/dev.antudigital.cl\/sites\/lf\/wp-content\/uploads\/2026\/04\/cine-libre-2.jpg\" class=\"attachment-full size-full wp-image-357\" alt=\"\" \/>\t\t\t\t\t\t\t\t\t\t\t\t\t\t\t<\/div>\n\t\t\t\t<\/div>\n\t\t<div class=\"elementor-element elementor-element-38843d39 e-con-full e-flex e-con e-child\" data-id=\"38843d39\" data-element_type=\"container\" data-e-type=\"container\">\n\t\t\t\t<div class=\"elementor-element elementor-element-7c5a825c elementor-widget elementor-widget-heading\" data-id=\"7c5a825c\" data-element_type=\"widget\" data-e-type=\"widget\" data-widget_type=\"heading.default\">\n\t\t\t\t\t<p class=\"elementor-heading-title elementor-size-default\">Dependiendo del proyecto , es posible enriquecer la experiencia del cine al aire libre, a trav\u00e9s de actividades de mediaci\u00f3n, como foros de conversaci\u00f3n, di\u00e1logo con los realizadores, invitados especiales y charlas de reflexi\u00f3n colectiva para fomentar el pensamiento cr\u00edtico y la construcci\u00f3n de imaginarios comunes.<\/p>\t\t\t\t<\/div>\n\t\t\t\t<\/div>\n\t\t\t\t\t<\/div>\n\t\t\t\t<\/div>\n\t\t<div class=\"elementor-element elementor-element-12454bb2 e-flex e-con-boxed e-con e-parent\" data-id=\"12454bb2\" data-element_type=\"container\" data-e-type=\"container\" data-settings=\"{&quot;background_background&quot;:&quot;classic&quot;}\">\n\t\t\t\t\t<div class=\"e-con-inner\">\n\t\t<div class=\"elementor-element elementor-element-1ec27fbf e-con-full e-flex e-con e-child\" data-id=\"1ec27fbf\" data-element_type=\"container\" data-e-type=\"container\">\n\t\t\t\t<div class=\"elementor-element elementor-element-6827398f elementor-widget elementor-widget-heading\" data-id=\"6827398f\" data-element_type=\"widget\" data-e-type=\"widget\" data-widget_type=\"heading.default\">\n\t\t\t\t\t<p class=\"elementor-heading-title elementor-size-default\"><b>Cine Libre<\/b> es <b>arte, di\u00e1logo y comunidad<\/b>. Es utilizar el cine como una herramienta poderosa para generar encuentros inolvidables y fortalecer el tejido social a trav\u00e9s de la cultura.<\/p>\t\t\t\t<\/div>\n\t\t\t\t<\/div>\n\t\t<div class=\"elementor-element elementor-element-61035824 e-con-full e-flex e-con e-child\" data-id=\"61035824\" data-element_type=\"container\" data-e-type=\"container\">\n\t\t\t\t<div class=\"elementor-element elementor-element-24ec003d elementor-widget elementor-widget-image\" data-id=\"24ec003d\" data-element_type=\"widget\" data-e-type=\"widget\" data-widget_type=\"image.default\">\n\t\t\t\t\t\t\t\t\t\t\t\t\t\t\t<img decoding=\"async\" width=\"700\" height=\"400\" src=\"https:\/\/dev.antudigital.cl\/sites\/lf\/wp-content\/uploads\/2026\/04\/cine-libre-700x400-1.jpg\" class=\"attachment-full size-full wp-image-358\" alt=\"\" \/>\t\t\t\t\t\t\t\t\t\t\t\t\t\t\t<\/div>\n\t\t\t\t<\/div>\n\t\t\t\t\t<\/div>\n\t\t\t\t<\/div>\n\t\t<div class=\"elementor-element elementor-element-4943301f e-flex e-con-boxed e-con e-parent\" data-id=\"4943301f\" data-element_type=\"container\" data-e-type=\"container\" data-settings=\"{&quot;background_background&quot;:&quot;classic&quot;}\">\n\t\t\t\t\t<div class=\"e-con-inner\">\n\t\t\t\t<div class=\"elementor-element elementor-element-4f7e581c elementor-widget elementor-widget-heading\" data-id=\"4f7e581c\" data-element_type=\"widget\" data-e-type=\"widget\" data-widget_type=\"heading.default\">\n\t\t\t\t\t<h3 class=\"elementor-heading-title elementor-size-default\">Damos vida a visiones \u00fanicas que inspiran, conmueven y conectan.<\/h3>\t\t\t\t<\/div>\n\t\t\t\t<div class=\"elementor-element elementor-element-332b90dc elementor-tablet-align-center elementor-mobile-align-center elementor-widget elementor-widget-button\" data-id=\"332b90dc\" data-element_type=\"widget\" data-e-type=\"widget\" data-widget_type=\"button.default\">\n\t\t\t\t\t\t\t\t\t\t<a class=\"elementor-button elementor-button-link elementor-size-sm\" href=\"https:\/\/dev.antudigital.cl\/sites\/lf\/contacto\/\">\n\t\t\t\t\t\t<span class=\"elementor-button-content-wrapper\">\n\t\t\t\t\t\t\t\t\t<span class=\"elementor-button-text\">Comun\u00edcate con nosotros<\/span>\n\t\t\t\t\t<\/span>\n\t\t\t\t\t<\/a>\n\t\t\t\t\t\t\t\t<\/div>\n\t\t\t\t\t<\/div>\n\t\t\t\t<\/div>\n\t\t\t\t<\/div>\n\t\t","protected":false},"excerpt":{"rendered":"<p>Cine al Aire Libre Transformando Espacios P\u00fablicos en Comunidad y Cultura Contactar Ver servicios Llevamos la magia de la pantalla gigante a parques, plazas, canchas y pasajes, transformando el espacio p\u00fablico en un punto de encuentro donde vecinos, amigos y familias se re\u00fanen para compartir historias bajo las estrellas. Cine Libre Aunque nuestra pasi\u00f3n es [&hellip;]<\/p>\n","protected":false},"author":1,"featured_media":0,"parent":58,"menu_order":0,"comment_status":"closed","ping_status":"closed","template":"elementor_header_footer","meta":{"_acf_changed":false,"footnotes":""},"class_list":["post-264","page","type-page","status-publish","hentry"],"acf":[],"_links":{"self":[{"href":"https:\/\/dev.antudigital.cl\/sites\/lf\/wp-json\/wp\/v2\/pages\/264","targetHints":{"allow":["GET"]}}],"collection":[{"href":"https:\/\/dev.antudigital.cl\/sites\/lf\/wp-json\/wp\/v2\/pages"}],"about":[{"href":"https:\/\/dev.antudigital.cl\/sites\/lf\/wp-json\/wp\/v2\/types\/page"}],"author":[{"embeddable":true,"href":"https:\/\/dev.antudigital.cl\/sites\/lf\/wp-json\/wp\/v2\/users\/1"}],"replies":[{"embeddable":true,"href":"https:\/\/dev.antudigital.cl\/sites\/lf\/wp-json\/wp\/v2\/comments?post=264"}],"version-history":[{"count":17,"href":"https:\/\/dev.antudigital.cl\/sites\/lf\/wp-json\/wp\/v2\/pages\/264\/revisions"}],"predecessor-version":[{"id":987,"href":"https:\/\/dev.antudigital.cl\/sites\/lf\/wp-json\/wp\/v2\/pages\/264\/revisions\/987"}],"up":[{"embeddable":true,"href":"https:\/\/dev.antudigital.cl\/sites\/lf\/wp-json\/wp\/v2\/pages\/58"}],"wp:attachment":[{"href":"https:\/\/dev.antudigital.cl\/sites\/lf\/wp-json\/wp\/v2\/media?parent=264"}],"curies":[{"name":"wp","href":"https:\/\/api.w.org\/{rel}","templated":true}]}}