{"id":54,"date":"2026-03-17T12:07:50","date_gmt":"2026-03-17T15:07:50","guid":{"rendered":"https:\/\/dev.antudigital.cl\/sites\/lf\/?page_id=54"},"modified":"2026-04-16T12:24:53","modified_gmt":"2026-04-16T16:24:53","slug":"contacto","status":"publish","type":"page","link":"https:\/\/dev.antudigital.cl\/sites\/lf\/contacto\/","title":{"rendered":"Contacto"},"content":{"rendered":"\t\t<div data-elementor-type=\"wp-page\" data-elementor-id=\"54\" class=\"elementor elementor-54\" data-elementor-post-type=\"page\">\n\t\t\t\t<div class=\"elementor-element elementor-element-f60e6c7 e-flex e-con-boxed e-con e-parent\" data-id=\"f60e6c7\" data-element_type=\"container\" data-e-type=\"container\" data-settings=\"{&quot;background_background&quot;:&quot;classic&quot;}\">\n\t\t\t\t\t<div class=\"e-con-inner\">\n\t\t\t\t<div class=\"elementor-element elementor-element-e14492f elementor-widget elementor-widget-heading\" data-id=\"e14492f\" data-element_type=\"widget\" data-e-type=\"widget\" data-widget_type=\"heading.default\">\n\t\t\t\t\t<h1 class=\"elementor-heading-title elementor-size-default\">Cu\u00e9ntanos sobre tu proyecto. <\/h1>\t\t\t\t<\/div>\n\t\t\t\t<div class=\"elementor-element elementor-element-0037b7b elementor-widget__width-initial elementor-widget elementor-widget-heading\" data-id=\"0037b7b\" data-element_type=\"widget\" data-e-type=\"widget\" data-widget_type=\"heading.default\">\n\t\t\t\t\t<h2 class=\"elementor-heading-title elementor-size-default\">Ya sea un comercial para TV o contenido digital, nuestro equipo est\u00e1 listo para darle vida.<\/h2>\t\t\t\t<\/div>\n\t\t\t\t\t<\/div>\n\t\t\t\t<\/div>\n\t\t<div class=\"elementor-element elementor-element-347a484 e-flex e-con-boxed e-con e-parent\" data-id=\"347a484\" data-element_type=\"container\" data-e-type=\"container\" data-settings=\"{&quot;background_background&quot;:&quot;classic&quot;}\">\n\t\t\t\t\t<div class=\"e-con-inner\">\n\t\t\t\t<div class=\"elementor-element elementor-element-c458f8c elementor-widget elementor-widget-heading\" data-id=\"c458f8c\" data-element_type=\"widget\" data-e-type=\"widget\" data-widget_type=\"heading.default\">\n\t\t\t\t\t<h1 class=\"elementor-heading-title elementor-size-default\">Tienes una idea en mente?<\/h1>\t\t\t\t<\/div>\n\t\t\t\t<div class=\"elementor-element elementor-element-83c80a1 elementor-widget elementor-widget-heading\" data-id=\"83c80a1\" data-element_type=\"widget\" data-e-type=\"widget\" data-widget_type=\"heading.default\">\n\t\t\t\t\t<span class=\"elementor-heading-title elementor-size-default\">Cu\u00e9ntanos sobre tu proyecto<\/span>\t\t\t\t<\/div>\n\t\t\t\t\t<\/div>\n\t\t\t\t<\/div>\n\t\t<div class=\"elementor-element elementor-element-84e1195 e-flex e-con-boxed e-con e-parent\" data-id=\"84e1195\" data-element_type=\"container\" data-e-type=\"container\" data-settings=\"{&quot;background_background&quot;:&quot;classic&quot;}\">\n\t\t\t\t\t<div class=\"e-con-inner\">\n\t\t<div class=\"elementor-element elementor-element-37c85f7 e-con-full e-flex e-con e-child\" data-id=\"37c85f7\" data-element_type=\"container\" data-e-type=\"container\">\n\t\t\t\t<div class=\"elementor-element elementor-element-76280a0 elementor-widget elementor-widget-heading\" data-id=\"76280a0\" data-element_type=\"widget\" data-e-type=\"widget\" data-widget_type=\"heading.default\">\n\t\t\t\t\t<h6 class=\"elementor-heading-title elementor-size-default\">Email<\/h6>\t\t\t\t<\/div>\n\t\t\t\t<div class=\"elementor-element elementor-element-b461e8d elementor-icon-list--layout-traditional elementor-list-item-link-full_width elementor-widget elementor-widget-icon-list\" data-id=\"b461e8d\" data-element_type=\"widget\" data-e-type=\"widget\" data-widget_type=\"icon-list.default\">\n\t\t\t\t\t\t\t<ul class=\"elementor-icon-list-items\">\n\t\t\t\t\t\t\t<li class=\"elementor-icon-list-item\">\n\t\t\t\t\t\t\t\t\t\t\t<span class=\"elementor-icon-list-icon\">\n\t\t\t\t\t\t\t<svg xmlns=\"http:\/\/www.w3.org\/2000\/svg\" width=\"24\" height=\"24\" viewBox=\"0 0 24 24\" fill=\"none\"><path d=\"M0 6C0 5.20435 0.316071 4.44129 0.87868 3.87868C1.44129 3.31607 2.20435 3 3 3H21C21.7956 3 22.5587 3.31607 23.1213 3.87868C23.6839 4.44129 24 5.20435 24 6V18C24 18.7956 23.6839 19.5587 23.1213 20.1213C22.5587 20.6839 21.7956 21 21 21H3C2.20435 21 1.44129 20.6839 0.87868 20.1213C0.316071 19.5587 0 18.7956 0 18V6ZM3 4.5C2.60218 4.5 2.22064 4.65804 1.93934 4.93934C1.65804 5.22064 1.5 5.60218 1.5 6V6.3255L12 12.6255L22.5 6.3255V6C22.5 5.60218 22.342 5.22064 22.0607 4.93934C21.7794 4.65804 21.3978 4.5 21 4.5H3ZM22.5 8.0745L15.438 12.312L22.5 16.6575V8.0745ZM22.449 18.3885L13.989 13.182L12 14.3745L10.011 13.182L1.551 18.387C1.63624 18.7062 1.82447 18.9883 2.08648 19.1896C2.34849 19.3908 2.66962 19.5 3 19.5H21C21.3302 19.5 21.6512 19.3911 21.9131 19.1902C22.1751 18.9892 22.3635 18.7074 22.449 18.3885ZM1.5 16.6575L8.562 12.312L1.5 8.0745V16.6575Z\" fill=\"white\"><\/path><\/svg>\t\t\t\t\t\t<\/span>\n\t\t\t\t\t\t\t\t\t\t<span class=\"elementor-icon-list-text\">luis@luchofilms.cl<\/span>\n\t\t\t\t\t\t\t\t\t<\/li>\n\t\t\t\t\t\t\t\t<li class=\"elementor-icon-list-item\">\n\t\t\t\t\t\t\t\t\t\t\t<span class=\"elementor-icon-list-icon\">\n\t\t\t\t\t\t\t<svg xmlns=\"http:\/\/www.w3.org\/2000\/svg\" width=\"24\" height=\"24\" viewBox=\"0 0 24 24\" fill=\"none\"><path d=\"M0 6C0 5.20435 0.316071 4.44129 0.87868 3.87868C1.44129 3.31607 2.20435 3 3 3H21C21.7956 3 22.5587 3.31607 23.1213 3.87868C23.6839 4.44129 24 5.20435 24 6V18C24 18.7956 23.6839 19.5587 23.1213 20.1213C22.5587 20.6839 21.7956 21 21 21H3C2.20435 21 1.44129 20.6839 0.87868 20.1213C0.316071 19.5587 0 18.7956 0 18V6ZM3 4.5C2.60218 4.5 2.22064 4.65804 1.93934 4.93934C1.65804 5.22064 1.5 5.60218 1.5 6V6.3255L12 12.6255L22.5 6.3255V6C22.5 5.60218 22.342 5.22064 22.0607 4.93934C21.7794 4.65804 21.3978 4.5 21 4.5H3ZM22.5 8.0745L15.438 12.312L22.5 16.6575V8.0745ZM22.449 18.3885L13.989 13.182L12 14.3745L10.011 13.182L1.551 18.387C1.63624 18.7062 1.82447 18.9883 2.08648 19.1896C2.34849 19.3908 2.66962 19.5 3 19.5H21C21.3302 19.5 21.6512 19.3911 21.9131 19.1902C22.1751 18.9892 22.3635 18.7074 22.449 18.3885ZM1.5 16.6575L8.562 12.312L1.5 8.0745V16.6575Z\" fill=\"white\"><\/path><\/svg>\t\t\t\t\t\t<\/span>\n\t\t\t\t\t\t\t\t\t\t<span class=\"elementor-icon-list-text\">miguel@luchofilms.cl<\/span>\n\t\t\t\t\t\t\t\t\t<\/li>\n\t\t\t\t\t\t<\/ul>\n\t\t\t\t\t\t<\/div>\n\t\t\t\t<div class=\"elementor-element elementor-element-33e9c04 elementor-widget elementor-widget-heading\" data-id=\"33e9c04\" data-element_type=\"widget\" data-e-type=\"widget\" data-widget_type=\"heading.default\">\n\t\t\t\t\t<h6 class=\"elementor-heading-title elementor-size-default\">Fono<\/h6>\t\t\t\t<\/div>\n\t\t\t\t<div class=\"elementor-element elementor-element-e3406a4 elementor-icon-list--layout-traditional elementor-list-item-link-full_width elementor-widget elementor-widget-icon-list\" data-id=\"e3406a4\" data-element_type=\"widget\" data-e-type=\"widget\" data-widget_type=\"icon-list.default\">\n\t\t\t\t\t\t\t<ul class=\"elementor-icon-list-items\">\n\t\t\t\t\t\t\t<li class=\"elementor-icon-list-item\">\n\t\t\t\t\t\t\t\t\t\t\t<a href=\"tel:+56982599099\">\n\n\t\t\t\t\t\t\t\t\t\t\t\t<span class=\"elementor-icon-list-icon\">\n\t\t\t\t\t\t\t<svg xmlns=\"http:\/\/www.w3.org\/2000\/svg\" width=\"24\" height=\"24\" viewBox=\"0 0 24 24\" fill=\"none\"><g clip-path=\"url(#clip0_209_4333)\"><path d=\"M5.48122 1.99195C5.39267 1.87805 5.28089 1.78428 5.15332 1.71689C5.02575 1.6495 4.8853 1.61003 4.7413 1.60109C4.59729 1.59215 4.45304 1.61395 4.31811 1.66505C4.18319 1.71615 4.06067 1.79537 3.95872 1.89745L2.40772 3.44995C1.68322 4.17595 1.41622 5.20345 1.73272 6.10495C3.04781 9.83562 5.18445 13.2231 7.98472 16.017C10.7786 18.8172 14.1661 20.9539 17.8967 22.269C18.7982 22.5855 19.8257 22.3185 20.5517 21.594L22.1027 20.043C22.2048 19.941 22.284 19.8185 22.3351 19.6836C22.3862 19.5486 22.408 19.4044 22.3991 19.2604C22.3901 19.1164 22.3507 18.9759 22.2833 18.8484C22.2159 18.7208 22.1221 18.609 22.0082 18.5205L18.5477 15.8295C18.4259 15.7353 18.2844 15.6699 18.1337 15.6382C17.983 15.6065 17.8271 15.6093 17.6777 15.6465L14.3927 16.467C13.9542 16.5758 13.495 16.5696 13.0596 16.449C12.6242 16.3284 12.2272 16.0974 11.9072 15.7785L8.22322 12.093C7.90399 11.7731 7.67274 11.3762 7.55186 10.9408C7.43098 10.5054 7.42456 10.0461 7.53322 9.60745L8.35522 6.32245C8.39236 6.17303 8.39519 6.01714 8.36349 5.86647C8.3318 5.7158 8.26641 5.57425 8.17222 5.45245L5.48122 1.99195ZM2.82622 0.766454C3.08871 0.503878 3.40406 0.30015 3.75133 0.168796C4.09859 0.0374423 4.46983 -0.0185307 4.84039 0.00459377C5.21095 0.0277182 5.57235 0.129411 5.90059 0.302919C6.22883 0.476428 6.51641 0.717781 6.74422 1.01095L9.43522 4.46995C9.92872 5.10445 10.1027 5.93095 9.90772 6.71095L9.08722 9.99595C9.04509 10.1661 9.04753 10.3443 9.0943 10.5132C9.14107 10.6821 9.23059 10.8362 9.35422 10.9605L13.0397 14.646C13.1641 14.7698 13.3184 14.8595 13.4877 14.9063C13.6569 14.9531 13.8353 14.9554 14.0057 14.913L17.2892 14.0925C17.6742 13.9968 18.0758 13.9896 18.464 14.0714C18.8521 14.1533 19.2167 14.322 19.5302 14.565L22.9892 17.256C24.2327 18.2235 24.3467 20.061 23.2337 21.1725L21.6827 22.7235C20.5727 23.8335 18.9137 24.321 17.3672 23.7765C13.4082 22.3853 9.81403 20.1191 6.85222 17.1465C3.87978 14.1851 1.61355 10.5914 0.222218 6.63295C-0.320782 5.08795 0.166718 3.42745 1.27672 2.31745L2.82622 0.766454Z\" fill=\"white\"><\/path><\/g><defs><clipPath id=\"clip0_209_4333\"><rect width=\"24\" height=\"24\" fill=\"white\"><\/rect><\/clipPath><\/defs><\/svg>\t\t\t\t\t\t<\/span>\n\t\t\t\t\t\t\t\t\t\t<span class=\"elementor-icon-list-text\">+56982599099<\/span>\n\t\t\t\t\t\t\t\t\t\t\t<\/a>\n\t\t\t\t\t\t\t\t\t<\/li>\n\t\t\t\t\t\t\t\t<li class=\"elementor-icon-list-item\">\n\t\t\t\t\t\t\t\t\t\t\t<a href=\"tel:+56996063727\">\n\n\t\t\t\t\t\t\t\t\t\t\t\t<span class=\"elementor-icon-list-icon\">\n\t\t\t\t\t\t\t<svg xmlns=\"http:\/\/www.w3.org\/2000\/svg\" width=\"24\" height=\"24\" viewBox=\"0 0 24 24\" fill=\"none\"><g clip-path=\"url(#clip0_209_4333)\"><path d=\"M5.48122 1.99195C5.39267 1.87805 5.28089 1.78428 5.15332 1.71689C5.02575 1.6495 4.8853 1.61003 4.7413 1.60109C4.59729 1.59215 4.45304 1.61395 4.31811 1.66505C4.18319 1.71615 4.06067 1.79537 3.95872 1.89745L2.40772 3.44995C1.68322 4.17595 1.41622 5.20345 1.73272 6.10495C3.04781 9.83562 5.18445 13.2231 7.98472 16.017C10.7786 18.8172 14.1661 20.9539 17.8967 22.269C18.7982 22.5855 19.8257 22.3185 20.5517 21.594L22.1027 20.043C22.2048 19.941 22.284 19.8185 22.3351 19.6836C22.3862 19.5486 22.408 19.4044 22.3991 19.2604C22.3901 19.1164 22.3507 18.9759 22.2833 18.8484C22.2159 18.7208 22.1221 18.609 22.0082 18.5205L18.5477 15.8295C18.4259 15.7353 18.2844 15.6699 18.1337 15.6382C17.983 15.6065 17.8271 15.6093 17.6777 15.6465L14.3927 16.467C13.9542 16.5758 13.495 16.5696 13.0596 16.449C12.6242 16.3284 12.2272 16.0974 11.9072 15.7785L8.22322 12.093C7.90399 11.7731 7.67274 11.3762 7.55186 10.9408C7.43098 10.5054 7.42456 10.0461 7.53322 9.60745L8.35522 6.32245C8.39236 6.17303 8.39519 6.01714 8.36349 5.86647C8.3318 5.7158 8.26641 5.57425 8.17222 5.45245L5.48122 1.99195ZM2.82622 0.766454C3.08871 0.503878 3.40406 0.30015 3.75133 0.168796C4.09859 0.0374423 4.46983 -0.0185307 4.84039 0.00459377C5.21095 0.0277182 5.57235 0.129411 5.90059 0.302919C6.22883 0.476428 6.51641 0.717781 6.74422 1.01095L9.43522 4.46995C9.92872 5.10445 10.1027 5.93095 9.90772 6.71095L9.08722 9.99595C9.04509 10.1661 9.04753 10.3443 9.0943 10.5132C9.14107 10.6821 9.23059 10.8362 9.35422 10.9605L13.0397 14.646C13.1641 14.7698 13.3184 14.8595 13.4877 14.9063C13.6569 14.9531 13.8353 14.9554 14.0057 14.913L17.2892 14.0925C17.6742 13.9968 18.0758 13.9896 18.464 14.0714C18.8521 14.1533 19.2167 14.322 19.5302 14.565L22.9892 17.256C24.2327 18.2235 24.3467 20.061 23.2337 21.1725L21.6827 22.7235C20.5727 23.8335 18.9137 24.321 17.3672 23.7765C13.4082 22.3853 9.81403 20.1191 6.85222 17.1465C3.87978 14.1851 1.61355 10.5914 0.222218 6.63295C-0.320782 5.08795 0.166718 3.42745 1.27672 2.31745L2.82622 0.766454Z\" fill=\"white\"><\/path><\/g><defs><clipPath id=\"clip0_209_4333\"><rect width=\"24\" height=\"24\" fill=\"white\"><\/rect><\/clipPath><\/defs><\/svg>\t\t\t\t\t\t<\/span>\n\t\t\t\t\t\t\t\t\t\t<span class=\"elementor-icon-list-text\">+56976063727<\/span>\n\t\t\t\t\t\t\t\t\t\t\t<\/a>\n\t\t\t\t\t\t\t\t\t<\/li>\n\t\t\t\t\t\t<\/ul>\n\t\t\t\t\t\t<\/div>\n\t\t\t\t<div class=\"elementor-element elementor-element-04cfd40 elementor-widget elementor-widget-heading\" data-id=\"04cfd40\" data-element_type=\"widget\" data-e-type=\"widget\" data-widget_type=\"heading.default\">\n\t\t\t\t\t<h6 class=\"elementor-heading-title elementor-size-default\">Ubicaci\u00f3n<\/h6>\t\t\t\t<\/div>\n\t\t\t\t<div class=\"elementor-element elementor-element-9b683c1 elementor-icon-list--layout-traditional elementor-list-item-link-full_width elementor-widget elementor-widget-icon-list\" data-id=\"9b683c1\" data-element_type=\"widget\" data-e-type=\"widget\" data-widget_type=\"icon-list.default\">\n\t\t\t\t\t\t\t<ul class=\"elementor-icon-list-items\">\n\t\t\t\t\t\t\t<li class=\"elementor-icon-list-item\">\n\t\t\t\t\t\t\t\t\t\t\t<span class=\"elementor-icon-list-icon\">\n\t\t\t\t\t\t\t<svg xmlns=\"http:\/\/www.w3.org\/2000\/svg\" width=\"24\" height=\"24\" viewBox=\"0 0 24 24\" fill=\"none\"><path d=\"M16 12V4H17V2H7V4H8V12L6 14V16H11.2V22H12.8V16H18V14L16 12ZM8.8 14L10 12.8V4H14V12.8L15.2 14H8.8Z\" fill=\"white\"><\/path><\/svg>\t\t\t\t\t\t<\/span>\n\t\t\t\t\t\t\t\t\t\t<span class=\"elementor-icon-list-text\">Vi\u00f1a del mar, V Regi\u00f3n, Chile<\/span>\n\t\t\t\t\t\t\t\t\t<\/li>\n\t\t\t\t\t\t\t\t<li class=\"elementor-icon-list-item\">\n\t\t\t\t\t\t\t\t\t\t\t<span class=\"elementor-icon-list-icon\">\n\t\t\t\t\t\t\t<svg xmlns=\"http:\/\/www.w3.org\/2000\/svg\" width=\"24\" height=\"24\" viewBox=\"0 0 24 24\" fill=\"none\"><path d=\"M16 12V4H17V2H7V4H8V12L6 14V16H11.2V22H12.8V16H18V14L16 12ZM8.8 14L10 12.8V4H14V12.8L15.2 14H8.8Z\" fill=\"white\"><\/path><\/svg>\t\t\t\t\t\t<\/span>\n\t\t\t\t\t\t\t\t\t\t<span class=\"elementor-icon-list-text\">La Reina, Regi\u00f3n Metropolitana, Chile<\/span>\n\t\t\t\t\t\t\t\t\t<\/li>\n\t\t\t\t\t\t<\/ul>\n\t\t\t\t\t\t<\/div>\n\t\t\t\t<div class=\"elementor-element elementor-element-3a51916 elementor-widget elementor-widget-heading\" data-id=\"3a51916\" data-element_type=\"widget\" data-e-type=\"widget\" data-widget_type=\"heading.default\">\n\t\t\t\t\t<h6 class=\"elementor-heading-title elementor-size-default\">Sigue nuestro contenido<\/h6>\t\t\t\t<\/div>\n\t\t\t\t<div class=\"elementor-element elementor-element-692ab1b e-grid-align-tablet-left elementor-grid-mobile-5 e-grid-align-left elementor-shape-rounded elementor-grid-0 elementor-widget elementor-widget-social-icons\" data-id=\"692ab1b\" data-element_type=\"widget\" data-e-type=\"widget\" data-widget_type=\"social-icons.default\">\n\t\t\t\t\t\t\t<div class=\"elementor-social-icons-wrapper elementor-grid\" role=\"list\">\n\t\t\t\t\t\t\t<span class=\"elementor-grid-item\" role=\"listitem\">\n\t\t\t\t\t<a class=\"elementor-icon elementor-social-icon elementor-social-icon- elementor-repeater-item-c78e85a\" href=\"https:\/\/vimeo.com\/user90908974\" target=\"_blank\">\n\t\t\t\t\t\t<span class=\"elementor-screen-only\"><\/span>\n\t\t\t\t\t\t<svg xmlns=\"http:\/\/www.w3.org\/2000\/svg\" width=\"24\" height=\"24\" viewBox=\"0 0 24 24\" fill=\"none\"><path d=\"M22 7.41991C21.91 9.36991 20.55 12.0399 17.92 15.4399C15.2 18.9999 12.9 20.7499 11 20.7499C9.85 20.7499 8.86 19.6699 8.05 17.4999C7.5 15.5399 7 13.5599 6.44 11.5799C5.84 9.41991 5.2 8.33991 4.5 8.33991C4.36 8.33991 3.84 8.65991 2.94 9.28991L2 8.06991C3 7.19991 3.96 6.32991 4.92 5.45991C6.24 4.31991 7.23 3.71991 7.88 3.65991C9.44 3.49991 10.4 4.57991 10.76 6.85991C11.15 9.32991 11.42 10.8599 11.57 11.4599C12 13.4999 12.5 14.4999 13.05 14.4999C13.47 14.4999 14.1 13.8599 14.94 12.5299C15.78 11.2099 16.23 10.1999 16.29 9.49991C16.41 8.35991 15.96 7.78991 14.94 7.78991C14.46 7.78991 13.97 7.89991 13.46 8.11991C14.44 4.88991 16.32 3.31991 19.09 3.40991C21.15 3.46991 22.12 4.80991 22 7.41991Z\" fill=\"white\"><\/path><\/svg>\t\t\t\t\t<\/a>\n\t\t\t\t<\/span>\n\t\t\t\t\t\t\t<span class=\"elementor-grid-item\" role=\"listitem\">\n\t\t\t\t\t<a class=\"elementor-icon elementor-social-icon elementor-social-icon-youtube elementor-repeater-item-c9badf0\" href=\"https:\/\/www.youtube.com\/channel\/UCqid_iix7h22v9MN0e-zLLA\" target=\"_blank\">\n\t\t\t\t\t\t<span class=\"elementor-screen-only\">Youtube<\/span>\n\t\t\t\t\t\t<svg aria-hidden=\"true\" class=\"e-font-icon-svg e-fab-youtube\" viewBox=\"0 0 576 512\" xmlns=\"http:\/\/www.w3.org\/2000\/svg\"><path d=\"M549.655 124.083c-6.281-23.65-24.787-42.276-48.284-48.597C458.781 64 288 64 288 64S117.22 64 74.629 75.486c-23.497 6.322-42.003 24.947-48.284 48.597-11.412 42.867-11.412 132.305-11.412 132.305s0 89.438 11.412 132.305c6.281 23.65 24.787 41.5 48.284 47.821C117.22 448 288 448 288 448s170.78 0 213.371-11.486c23.497-6.321 42.003-24.171 48.284-47.821 11.412-42.867 11.412-132.305 11.412-132.305s0-89.438-11.412-132.305zm-317.51 213.508V175.185l142.739 81.205-142.739 81.201z\"><\/path><\/svg>\t\t\t\t\t<\/a>\n\t\t\t\t<\/span>\n\t\t\t\t\t\t\t<span class=\"elementor-grid-item\" role=\"listitem\">\n\t\t\t\t\t<a class=\"elementor-icon elementor-social-icon elementor-social-icon-linkedin elementor-repeater-item-400dadb\" href=\"https:\/\/cl.linkedin.com\/company\/lucho-films\" target=\"_blank\">\n\t\t\t\t\t\t<span class=\"elementor-screen-only\">Linkedin<\/span>\n\t\t\t\t\t\t<svg aria-hidden=\"true\" class=\"e-font-icon-svg e-fab-linkedin\" viewBox=\"0 0 448 512\" xmlns=\"http:\/\/www.w3.org\/2000\/svg\"><path d=\"M416 32H31.9C14.3 32 0 46.5 0 64.3v383.4C0 465.5 14.3 480 31.9 480H416c17.6 0 32-14.5 32-32.3V64.3c0-17.8-14.4-32.3-32-32.3zM135.4 416H69V202.2h66.5V416zm-33.2-243c-21.3 0-38.5-17.3-38.5-38.5S80.9 96 102.2 96c21.2 0 38.5 17.3 38.5 38.5 0 21.3-17.2 38.5-38.5 38.5zm282.1 243h-66.4V312c0-24.8-.5-56.7-34.5-56.7-34.6 0-39.9 27-39.9 54.9V416h-66.4V202.2h63.7v29.2h.9c8.9-16.8 30.6-34.5 62.9-34.5 67.2 0 79.7 44.3 79.7 101.9V416z\"><\/path><\/svg>\t\t\t\t\t<\/a>\n\t\t\t\t<\/span>\n\t\t\t\t\t\t\t<span class=\"elementor-grid-item\" role=\"listitem\">\n\t\t\t\t\t<a class=\"elementor-icon elementor-social-icon elementor-social-icon-facebook elementor-repeater-item-5d5c044\" href=\"https:\/\/www.facebook.com\/LuchoFilms\/\" target=\"_blank\">\n\t\t\t\t\t\t<span class=\"elementor-screen-only\">Facebook<\/span>\n\t\t\t\t\t\t<svg aria-hidden=\"true\" class=\"e-font-icon-svg e-fab-facebook\" viewBox=\"0 0 512 512\" xmlns=\"http:\/\/www.w3.org\/2000\/svg\"><path d=\"M504 256C504 119 393 8 256 8S8 119 8 256c0 123.78 90.69 226.38 209.25 245V327.69h-63V256h63v-54.64c0-62.15 37-96.48 93.67-96.48 27.14 0 55.52 4.84 55.52 4.84v61h-31.28c-30.8 0-40.41 19.12-40.41 38.73V256h68.78l-11 71.69h-57.78V501C413.31 482.38 504 379.78 504 256z\"><\/path><\/svg>\t\t\t\t\t<\/a>\n\t\t\t\t<\/span>\n\t\t\t\t\t\t\t<span class=\"elementor-grid-item\" role=\"listitem\">\n\t\t\t\t\t<a class=\"elementor-icon elementor-social-icon elementor-social-icon-instagram elementor-repeater-item-e338bf8\" href=\"https:\/\/www.instagram.com\/luchofilmscl\" target=\"_blank\">\n\t\t\t\t\t\t<span class=\"elementor-screen-only\">Instagram<\/span>\n\t\t\t\t\t\t<svg aria-hidden=\"true\" class=\"e-font-icon-svg e-fab-instagram\" viewBox=\"0 0 448 512\" xmlns=\"http:\/\/www.w3.org\/2000\/svg\"><path d=\"M224.1 141c-63.6 0-114.9 51.3-114.9 114.9s51.3 114.9 114.9 114.9S339 319.5 339 255.9 287.7 141 224.1 141zm0 189.6c-41.1 0-74.7-33.5-74.7-74.7s33.5-74.7 74.7-74.7 74.7 33.5 74.7 74.7-33.6 74.7-74.7 74.7zm146.4-194.3c0 14.9-12 26.8-26.8 26.8-14.9 0-26.8-12-26.8-26.8s12-26.8 26.8-26.8 26.8 12 26.8 26.8zm76.1 27.2c-1.7-35.9-9.9-67.7-36.2-93.9-26.2-26.2-58-34.4-93.9-36.2-37-2.1-147.9-2.1-184.9 0-35.8 1.7-67.6 9.9-93.9 36.1s-34.4 58-36.2 93.9c-2.1 37-2.1 147.9 0 184.9 1.7 35.9 9.9 67.7 36.2 93.9s58 34.4 93.9 36.2c37 2.1 147.9 2.1 184.9 0 35.9-1.7 67.7-9.9 93.9-36.2 26.2-26.2 34.4-58 36.2-93.9 2.1-37 2.1-147.8 0-184.8zM398.8 388c-7.8 19.6-22.9 34.7-42.6 42.6-29.5 11.7-99.5 9-132.1 9s-102.7 2.6-132.1-9c-19.6-7.8-34.7-22.9-42.6-42.6-11.7-29.5-9-99.5-9-132.1s-2.6-102.7 9-132.1c7.8-19.6 22.9-34.7 42.6-42.6 29.5-11.7 99.5-9 132.1-9s102.7-2.6 132.1 9c19.6 7.8 34.7 22.9 42.6 42.6 11.7 29.5 9 99.5 9 132.1s2.7 102.7-9 132.1z\"><\/path><\/svg>\t\t\t\t\t<\/a>\n\t\t\t\t<\/span>\n\t\t\t\t\t<\/div>\n\t\t\t\t\t\t<\/div>\n\t\t\t\t<\/div>\n\t\t<div class=\"elementor-element elementor-element-c12b540 e-con-full e-flex e-con e-child\" data-id=\"c12b540\" data-element_type=\"container\" data-e-type=\"container\">\n\t\t\t\t<div class=\"elementor-element elementor-element-51213de elementor-button-align-start elementor-widget elementor-widget-form\" data-id=\"51213de\" data-element_type=\"widget\" data-e-type=\"widget\" data-settings=\"{&quot;step_next_label&quot;:&quot;Next&quot;,&quot;step_previous_label&quot;:&quot;Previous&quot;,&quot;button_width&quot;:&quot;100&quot;,&quot;step_type&quot;:&quot;number_text&quot;,&quot;step_icon_shape&quot;:&quot;circle&quot;}\" data-widget_type=\"form.default\">\n\t\t\t\t\t\t\t<form class=\"elementor-form\" method=\"post\" name=\"New Form\" aria-label=\"New Form\">\n\t\t\t<input type=\"hidden\" name=\"post_id\" value=\"54\"\/>\n\t\t\t<input type=\"hidden\" name=\"form_id\" value=\"51213de\"\/>\n\t\t\t<input type=\"hidden\" name=\"referer_title\" value=\"Contacto\" \/>\n\n\t\t\t\t\t\t\t<input type=\"hidden\" name=\"queried_id\" value=\"54\"\/>\n\t\t\t\n\t\t\t<div class=\"elementor-form-fields-wrapper elementor-labels-above\">\n\t\t\t\t\t\t\t\t<div class=\"elementor-field-type-text elementor-field-group elementor-column elementor-field-group-name elementor-col-50 elementor-field-required\">\n\t\t\t\t\t\t\t\t\t\t\t\t<label for=\"form-field-name\" class=\"elementor-field-label\">\n\t\t\t\t\t\t\t\tNombre\t\t\t\t\t\t\t<\/label>\n\t\t\t\t\t\t\t\t\t\t\t\t\t\t<input size=\"1\" type=\"text\" name=\"form_fields[name]\" id=\"form-field-name\" class=\"elementor-field elementor-size-sm  elementor-field-textual\" placeholder=\"Ingresa tu nombre completo\" required=\"required\">\n\t\t\t\t\t\t\t\t\t\t\t<\/div>\n\t\t\t\t\t\t\t\t<div class=\"elementor-field-type-email elementor-field-group elementor-column elementor-field-group-email elementor-col-50 elementor-field-required\">\n\t\t\t\t\t\t\t\t\t\t\t\t<label for=\"form-field-email\" class=\"elementor-field-label\">\n\t\t\t\t\t\t\t\tEmail\t\t\t\t\t\t\t<\/label>\n\t\t\t\t\t\t\t\t\t\t\t\t\t\t<input size=\"1\" type=\"email\" name=\"form_fields[email]\" id=\"form-field-email\" class=\"elementor-field elementor-size-sm  elementor-field-textual\" placeholder=\"Ingresa tu email\" required=\"required\">\n\t\t\t\t\t\t\t\t\t\t\t<\/div>\n\t\t\t\t\t\t\t\t<div class=\"elementor-field-type-tel elementor-field-group elementor-column elementor-field-group-field_fb2866b elementor-col-50 elementor-field-required\">\n\t\t\t\t\t\t\t\t\t\t\t\t<label for=\"form-field-field_fb2866b\" class=\"elementor-field-label\">\n\t\t\t\t\t\t\t\tTel\u00e9fono\t\t\t\t\t\t\t<\/label>\n\t\t\t\t\t\t\t\t<input size=\"1\" type=\"tel\" name=\"form_fields[field_fb2866b]\" id=\"form-field-field_fb2866b\" class=\"elementor-field elementor-size-sm  elementor-field-textual\" placeholder=\"Ingresa tu tel\u00e9fono\" required=\"required\" pattern=\"[0-9()#&amp;+*-=.]+\" title=\"Only numbers and phone characters (#, -, *, etc) are accepted.\">\n\n\t\t\t\t\t\t<\/div>\n\t\t\t\t\t\t\t\t<div class=\"elementor-field-type-select elementor-field-group elementor-column elementor-field-group-field_39c677e elementor-col-50 elementor-field-required\">\n\t\t\t\t\t\t\t\t\t\t\t\t<label for=\"form-field-field_39c677e\" class=\"elementor-field-label\">\n\t\t\t\t\t\t\t\tTipo de proyecto\t\t\t\t\t\t\t<\/label>\n\t\t\t\t\t\t\t\t<div class=\"elementor-field elementor-select-wrapper remove-before \">\n\t\t\t<div class=\"select-caret-down-wrapper\">\n\t\t\t\t<svg aria-hidden=\"true\" class=\"e-font-icon-svg e-eicon-caret-down\" viewBox=\"0 0 571.4 571.4\" xmlns=\"http:\/\/www.w3.org\/2000\/svg\"><path d=\"M571 393Q571 407 561 418L311 668Q300 679 286 679T261 668L11 418Q0 407 0 393T11 368 36 357H536Q550 357 561 368T571 393Z\"><\/path><\/svg>\t\t\t<\/div>\n\t\t\t<select name=\"form_fields[field_39c677e]\" id=\"form-field-field_39c677e\" class=\"elementor-field-textual elementor-size-sm\" required=\"required\">\n\t\t\t\t\t\t\t\t\t<option value=\"Asesoria\">Asesoria<\/option>\n\t\t\t\t\t\t\t\t\t<option value=\"Producci\u00f3n\">Producci\u00f3n<\/option>\n\t\t\t\t\t\t\t\t\t<option value=\"Filmaci\u00f3n con Dron\">Filmaci\u00f3n con Dron<\/option>\n\t\t\t\t\t\t\t\t\t<option value=\"Fotograf\u00eda\">Fotograf\u00eda<\/option>\n\t\t\t\t\t\t\t\t\t<option value=\"Otro\">Otro<\/option>\n\t\t\t\t\t\t\t<\/select>\n\t\t<\/div>\n\t\t\t\t\t\t<\/div>\n\t\t\t\t\t\t\t\t<div class=\"elementor-field-type-textarea elementor-field-group elementor-column elementor-field-group-message elementor-col-100 elementor-field-required\">\n\t\t\t\t\t\t\t\t\t\t\t\t<label for=\"form-field-message\" class=\"elementor-field-label\">\n\t\t\t\t\t\t\t\tMensaje\t\t\t\t\t\t\t<\/label>\n\t\t\t\t\t\t<textarea class=\"elementor-field-textual elementor-field  elementor-size-sm\" name=\"form_fields[message]\" id=\"form-field-message\" rows=\"4\" placeholder=\"Cuentamos sobre tu idea o proyecto\" required=\"required\"><\/textarea>\t\t\t\t<\/div>\n\t\t\t\t\t\t\t\t<div class=\"elementor-field-type-recaptcha_v3 elementor-field-group elementor-column elementor-field-group-field_504fffb elementor-col-100 recaptcha_v3-inline\">\n\t\t\t\t\t<div class=\"elementor-field\" id=\"form-field-field_504fffb\"><\/div>\t\t\t\t<\/div>\n\t\t\t\t\t\t\t\t<div class=\"elementor-field-group elementor-column elementor-field-type-submit elementor-col-100 e-form__buttons\">\n\t\t\t\t\t<button class=\"elementor-button elementor-size-sm\" type=\"submit\">\n\t\t\t\t\t\t<span class=\"elementor-button-content-wrapper\">\n\t\t\t\t\t\t\t\t\t\t\t\t\t\t\t\t\t\t\t\t\t\t<span class=\"elementor-button-text\">Enviar mensaje<\/span>\n\t\t\t\t\t\t\t\t\t\t\t\t\t<\/span>\n\t\t\t\t\t<\/button>\n\t\t\t\t<\/div>\n\t\t\t<\/div>\n\t\t<\/form>\n\t\t\t\t\t\t<\/div>\n\t\t\t\t<\/div>\n\t\t\t\t\t<\/div>\n\t\t\t\t<\/div>\n\t\t\t\t<\/div>\n\t\t","protected":false},"excerpt":{"rendered":"<p>Cu\u00e9ntanos sobre tu proyecto. Ya sea un comercial para TV o contenido digital, nuestro equipo est\u00e1 listo para darle vida. Tienes una idea en mente? Cu\u00e9ntanos sobre tu proyecto Email Fono Ubicaci\u00f3n Sigue nuestro contenido Youtube Linkedin Facebook Instagram<\/p>\n","protected":false},"author":1,"featured_media":0,"parent":0,"menu_order":0,"comment_status":"closed","ping_status":"closed","template":"elementor_header_footer","meta":{"_acf_changed":false,"footnotes":""},"class_list":["post-54","page","type-page","status-publish","hentry"],"acf":[],"_links":{"self":[{"href":"https:\/\/dev.antudigital.cl\/sites\/lf\/wp-json\/wp\/v2\/pages\/54","targetHints":{"allow":["GET"]}}],"collection":[{"href":"https:\/\/dev.antudigital.cl\/sites\/lf\/wp-json\/wp\/v2\/pages"}],"about":[{"href":"https:\/\/dev.antudigital.cl\/sites\/lf\/wp-json\/wp\/v2\/types\/page"}],"author":[{"embeddable":true,"href":"https:\/\/dev.antudigital.cl\/sites\/lf\/wp-json\/wp\/v2\/users\/1"}],"replies":[{"embeddable":true,"href":"https:\/\/dev.antudigital.cl\/sites\/lf\/wp-json\/wp\/v2\/comments?post=54"}],"version-history":[{"count":34,"href":"https:\/\/dev.antudigital.cl\/sites\/lf\/wp-json\/wp\/v2\/pages\/54\/revisions"}],"predecessor-version":[{"id":1052,"href":"https:\/\/dev.antudigital.cl\/sites\/lf\/wp-json\/wp\/v2\/pages\/54\/revisions\/1052"}],"wp:attachment":[{"href":"https:\/\/dev.antudigital.cl\/sites\/lf\/wp-json\/wp\/v2\/media?parent=54"}],"curies":[{"name":"wp","href":"https:\/\/api.w.org\/{rel}","templated":true}]}}