{"id":112,"date":"2025-03-18T21:26:11","date_gmt":"2025-03-19T00:26:11","guid":{"rendered":"https:\/\/dev.antudigital.cl\/sites\/pucv\/magister\/?page_id=112"},"modified":"2025-05-22T19:24:16","modified_gmt":"2025-05-22T23:24:16","slug":"academicos","status":"publish","type":"page","link":"https:\/\/dev.antudigital.cl\/sites\/pucv\/magister\/academicos\/","title":{"rendered":"Acad\u00e9micos"},"content":{"rendered":"\t\t<div data-elementor-type=\"wp-page\" data-elementor-id=\"112\" class=\"elementor elementor-112\" data-elementor-post-type=\"page\">\n\t\t\t\t<div class=\"elementor-element elementor-element-2bc9197 e-flex e-con-boxed e-con e-parent\" data-id=\"2bc9197\" data-element_type=\"container\">\n\t\t\t\t\t<div class=\"e-con-inner\">\n\t\t\t\t<div class=\"elementor-element elementor-element-649d65b elementor-widget elementor-widget-heading\" data-id=\"649d65b\" data-element_type=\"widget\" data-widget_type=\"heading.default\">\n\t\t\t\t<div class=\"elementor-widget-container\">\n\t\t\t\t\t<h3 class=\"elementor-heading-title elementor-size-default\">Cuerpo <span style=\"font-weight: 700\">Acad\u00e9mico<\/span><\/h3>\t\t\t\t<\/div>\n\t\t\t\t<\/div>\n\t\t\t\t<div class=\"elementor-element elementor-element-06a4576 elementor-widget elementor-widget-text-editor\" data-id=\"06a4576\" data-element_type=\"widget\" data-widget_type=\"text-editor.default\">\n\t\t\t\t<div class=\"elementor-widget-container\">\n\t\t\t\t\t\t\t\t\t<p>Acad\u00e9micos de Excelencia para una Formaci\u00f3n de Calidad<\/p>\t\t\t\t\t\t\t\t<\/div>\n\t\t\t\t<\/div>\n\t\t\t\t\t<\/div>\n\t\t\t\t<\/div>\n\t\t<div class=\"elementor-element elementor-element-f154ea8 e-grid e-con-boxed e-con e-parent\" data-id=\"f154ea8\" data-element_type=\"container\">\n\t\t\t\t\t<div class=\"e-con-inner\">\n\t\t<a class=\"elementor-element elementor-element-fd9939c e-con-full e-flex e-con e-child\" data-id=\"fd9939c\" data-element_type=\"container\" href=\"#elementor-action%3Aaction%3Dpopup%3Aopen%26settings%3DeyJpZCI6IjQyMiIsInRvZ2dsZSI6ZmFsc2V9\">\n\t\t<div class=\"elementor-element elementor-element-01601c2 e-con-full e-flex e-con e-child\" data-id=\"01601c2\" data-element_type=\"container\" data-settings=\"{&quot;background_background&quot;:&quot;classic&quot;}\">\n\t\t\t\t<\/div>\n\t\t<div class=\"elementor-element elementor-element-008d8ff e-flex e-con-boxed e-con e-child\" data-id=\"008d8ff\" data-element_type=\"container\" data-settings=\"{&quot;background_background&quot;:&quot;classic&quot;}\">\n\t\t\t\t\t<div class=\"e-con-inner\">\n\t\t\t\t<div class=\"elementor-element elementor-element-49d8431 elementor-widget elementor-widget-heading\" data-id=\"49d8431\" data-element_type=\"widget\" data-widget_type=\"heading.default\">\n\t\t\t\t<div class=\"elementor-widget-container\">\n\t\t\t\t\t<h3 class=\"elementor-heading-title elementor-size-default\">Carolina Y\u00e1\u00f1ez Prieto<\/h3>\t\t\t\t<\/div>\n\t\t\t\t<\/div>\n\t\t\t\t\t<\/div>\n\t\t\t\t<\/div>\n\t\t\t\t<\/a>\n\t\t<div class=\"elementor-element elementor-element-8d2abbf e-con-full e-flex e-con e-child\" data-id=\"8d2abbf\" data-element_type=\"container\">\n\t\t<div class=\"elementor-element elementor-element-d175cdc e-con-full e-flex e-con e-child\" data-id=\"d175cdc\" data-element_type=\"container\" data-settings=\"{&quot;background_background&quot;:&quot;classic&quot;}\">\n\t\t\t\t<\/div>\n\t\t<div class=\"elementor-element elementor-element-5105781 e-flex e-con-boxed e-con e-child\" data-id=\"5105781\" data-element_type=\"container\" data-settings=\"{&quot;background_background&quot;:&quot;classic&quot;}\">\n\t\t\t\t\t<div class=\"e-con-inner\">\n\t\t\t\t<div class=\"elementor-element elementor-element-c9ade49 elementor-widget elementor-widget-heading\" data-id=\"c9ade49\" data-element_type=\"widget\" data-widget_type=\"heading.default\">\n\t\t\t\t<div class=\"elementor-widget-container\">\n\t\t\t\t\t<h3 class=\"elementor-heading-title elementor-size-default\">Luis Mercado Vianco<\/h3>\t\t\t\t<\/div>\n\t\t\t\t<\/div>\n\t\t\t\t\t<\/div>\n\t\t\t\t<\/div>\n\t\t\t\t<\/div>\n\t\t<div class=\"elementor-element elementor-element-bdde273 e-con-full e-flex e-con e-child\" data-id=\"bdde273\" data-element_type=\"container\">\n\t\t<div class=\"elementor-element elementor-element-a04813e e-con-full e-flex e-con e-child\" data-id=\"a04813e\" data-element_type=\"container\" data-settings=\"{&quot;background_background&quot;:&quot;classic&quot;}\">\n\t\t\t\t<\/div>\n\t\t<div class=\"elementor-element elementor-element-8c16b92 e-flex e-con-boxed e-con e-child\" data-id=\"8c16b92\" data-element_type=\"container\" data-settings=\"{&quot;background_background&quot;:&quot;classic&quot;}\">\n\t\t\t\t\t<div class=\"e-con-inner\">\n\t\t\t\t<div class=\"elementor-element elementor-element-048291a elementor-widget elementor-widget-heading\" data-id=\"048291a\" data-element_type=\"widget\" data-widget_type=\"heading.default\">\n\t\t\t\t<div class=\"elementor-widget-container\">\n\t\t\t\t\t<h3 class=\"elementor-heading-title elementor-size-default\">Sergio Marshall Gonz\u00e1lez<\/h3>\t\t\t\t<\/div>\n\t\t\t\t<\/div>\n\t\t\t\t\t<\/div>\n\t\t\t\t<\/div>\n\t\t\t\t<\/div>\n\t\t<div class=\"elementor-element elementor-element-0345c93 e-con-full e-flex e-con e-child\" data-id=\"0345c93\" data-element_type=\"container\">\n\t\t<div class=\"elementor-element elementor-element-137d64f e-con-full e-flex e-con e-child\" data-id=\"137d64f\" data-element_type=\"container\" data-settings=\"{&quot;background_background&quot;:&quot;classic&quot;}\">\n\t\t\t\t<\/div>\n\t\t<div class=\"elementor-element elementor-element-1ad13e1 e-flex e-con-boxed e-con e-child\" data-id=\"1ad13e1\" data-element_type=\"container\" data-settings=\"{&quot;background_background&quot;:&quot;classic&quot;}\">\n\t\t\t\t\t<div class=\"e-con-inner\">\n\t\t\t\t<div class=\"elementor-element elementor-element-0f0e180 elementor-widget elementor-widget-heading\" data-id=\"0f0e180\" data-element_type=\"widget\" data-widget_type=\"heading.default\">\n\t\t\t\t<div class=\"elementor-widget-container\">\n\t\t\t\t\t<h3 class=\"elementor-heading-title elementor-size-default\">Ver\u00f3nica Rojas Dur\u00e1n<\/h3>\t\t\t\t<\/div>\n\t\t\t\t<\/div>\n\t\t\t\t\t<\/div>\n\t\t\t\t<\/div>\n\t\t\t\t<\/div>\n\t\t<div class=\"elementor-element elementor-element-4b3de23 e-con-full e-flex e-con e-child\" data-id=\"4b3de23\" data-element_type=\"container\">\n\t\t<div class=\"elementor-element elementor-element-44298f8 e-con-full e-flex e-con e-child\" data-id=\"44298f8\" data-element_type=\"container\" data-settings=\"{&quot;background_background&quot;:&quot;classic&quot;}\">\n\t\t\t\t<\/div>\n\t\t<div class=\"elementor-element elementor-element-f27713f e-flex e-con-boxed e-con e-child\" data-id=\"f27713f\" data-element_type=\"container\" data-settings=\"{&quot;background_background&quot;:&quot;classic&quot;}\">\n\t\t\t\t\t<div class=\"e-con-inner\">\n\t\t\t\t<div class=\"elementor-element elementor-element-a320e42 elementor-widget elementor-widget-heading\" data-id=\"a320e42\" data-element_type=\"widget\" data-widget_type=\"heading.default\">\n\t\t\t\t<div class=\"elementor-widget-container\">\n\t\t\t\t\t<h3 class=\"elementor-heading-title elementor-size-default\">Arturo Levic\u00e1n Asenjo\u200b<\/h3>\t\t\t\t<\/div>\n\t\t\t\t<\/div>\n\t\t\t\t\t<\/div>\n\t\t\t\t<\/div>\n\t\t\t\t<\/div>\n\t\t<div class=\"elementor-element elementor-element-ec1ae79 e-con-full e-flex e-con e-child\" data-id=\"ec1ae79\" data-element_type=\"container\">\n\t\t<div class=\"elementor-element elementor-element-3c9f80b e-flex e-con-boxed e-con e-child\" data-id=\"3c9f80b\" data-element_type=\"container\" data-settings=\"{&quot;background_background&quot;:&quot;classic&quot;}\">\n\t\t\t\t\t<div class=\"e-con-inner\">\n\t\t\t\t\t<\/div>\n\t\t\t\t<\/div>\n\t\t<div class=\"elementor-element elementor-element-7271814 e-flex e-con-boxed e-con e-child\" data-id=\"7271814\" data-element_type=\"container\" data-settings=\"{&quot;background_background&quot;:&quot;classic&quot;}\">\n\t\t\t\t\t<div class=\"e-con-inner\">\n\t\t\t\t<div class=\"elementor-element elementor-element-e3d17b5 elementor-widget elementor-widget-heading\" data-id=\"e3d17b5\" data-element_type=\"widget\" data-widget_type=\"heading.default\">\n\t\t\t\t<div class=\"elementor-widget-container\">\n\t\t\t\t\t<h3 class=\"elementor-heading-title elementor-size-default\">Fernando G\u00f3mez Carmona<\/h3>\t\t\t\t<\/div>\n\t\t\t\t<\/div>\n\t\t\t\t\t<\/div>\n\t\t\t\t<\/div>\n\t\t\t\t<\/div>\n\t\t<div class=\"elementor-element elementor-element-9558367 e-con-full e-flex e-con e-child\" data-id=\"9558367\" data-element_type=\"container\">\n\t\t<div class=\"elementor-element elementor-element-6e5dab6 e-con-full e-flex e-con e-child\" data-id=\"6e5dab6\" data-element_type=\"container\" data-settings=\"{&quot;background_background&quot;:&quot;classic&quot;}\">\n\t\t\t\t<\/div>\n\t\t<div class=\"elementor-element elementor-element-e3a1de3 e-flex e-con-boxed e-con e-child\" data-id=\"e3a1de3\" data-element_type=\"container\" data-settings=\"{&quot;background_background&quot;:&quot;classic&quot;}\">\n\t\t\t\t\t<div class=\"e-con-inner\">\n\t\t\t\t<div class=\"elementor-element elementor-element-d97fd2a elementor-widget elementor-widget-heading\" data-id=\"d97fd2a\" data-element_type=\"widget\" data-widget_type=\"heading.default\">\n\t\t\t\t<div class=\"elementor-widget-container\">\n\t\t\t\t\t<h3 class=\"elementor-heading-title elementor-size-default\">Paulina Schmitt Rivera<\/h3>\t\t\t\t<\/div>\n\t\t\t\t<\/div>\n\t\t\t\t\t<\/div>\n\t\t\t\t<\/div>\n\t\t\t\t<\/div>\n\t\t<div class=\"elementor-element elementor-element-f429f87 e-con-full e-flex e-con e-child\" data-id=\"f429f87\" data-element_type=\"container\">\n\t\t<div class=\"elementor-element elementor-element-87ef50c e-flex e-con-boxed e-con e-child\" data-id=\"87ef50c\" data-element_type=\"container\" data-settings=\"{&quot;background_background&quot;:&quot;classic&quot;}\">\n\t\t\t\t\t<div class=\"e-con-inner\">\n\t\t\t\t\t<\/div>\n\t\t\t\t<\/div>\n\t\t<div class=\"elementor-element elementor-element-4d8eb07 e-flex e-con-boxed e-con e-child\" data-id=\"4d8eb07\" data-element_type=\"container\" data-settings=\"{&quot;background_background&quot;:&quot;classic&quot;}\">\n\t\t\t\t\t<div class=\"e-con-inner\">\n\t\t\t\t<div class=\"elementor-element elementor-element-f74c0a7 elementor-widget elementor-widget-heading\" data-id=\"f74c0a7\" data-element_type=\"widget\" data-widget_type=\"heading.default\">\n\t\t\t\t<div class=\"elementor-widget-container\">\n\t\t\t\t\t<h3 class=\"elementor-heading-title elementor-size-default\">Jorge Olivares Pacheco<\/h3>\t\t\t\t<\/div>\n\t\t\t\t<\/div>\n\t\t\t\t\t<\/div>\n\t\t\t\t<\/div>\n\t\t\t\t<\/div>\n\t\t<div class=\"elementor-element elementor-element-6feaec2 e-con-full e-flex e-con e-child\" data-id=\"6feaec2\" data-element_type=\"container\">\n\t\t<div class=\"elementor-element elementor-element-f410cc2 e-flex e-con-boxed e-con e-child\" data-id=\"f410cc2\" data-element_type=\"container\" data-settings=\"{&quot;background_background&quot;:&quot;classic&quot;}\">\n\t\t\t\t\t<div class=\"e-con-inner\">\n\t\t\t\t\t<\/div>\n\t\t\t\t<\/div>\n\t\t<div class=\"elementor-element elementor-element-7418cfd e-flex e-con-boxed e-con e-child\" data-id=\"7418cfd\" data-element_type=\"container\" data-settings=\"{&quot;background_background&quot;:&quot;classic&quot;}\">\n\t\t\t\t\t<div class=\"e-con-inner\">\n\t\t\t\t<div class=\"elementor-element elementor-element-65d80dc elementor-widget elementor-widget-heading\" data-id=\"65d80dc\" data-element_type=\"widget\" data-widget_type=\"heading.default\">\n\t\t\t\t<div class=\"elementor-widget-container\">\n\t\t\t\t\t<h3 class=\"elementor-heading-title elementor-size-default\">Roberto Bast\u00edas Romo<\/h3>\t\t\t\t<\/div>\n\t\t\t\t<\/div>\n\t\t\t\t\t<\/div>\n\t\t\t\t<\/div>\n\t\t\t\t<\/div>\n\t\t\t\t\t<\/div>\n\t\t\t\t<\/div>\n\t\t<div class=\"elementor-element elementor-element-f31830b e-flex e-con-boxed e-con e-parent\" data-id=\"f31830b\" data-element_type=\"container\">\n\t\t\t\t\t<div class=\"e-con-inner\">\n\t\t\t\t<div class=\"elementor-element elementor-element-ba61d1e elementor-widget elementor-widget-image\" data-id=\"ba61d1e\" data-element_type=\"widget\" data-widget_type=\"image.default\">\n\t\t\t\t<div class=\"elementor-widget-container\">\n\t\t\t\t\t\t\t\t\t\t\t\t\t\t\t<img decoding=\"async\" width=\"245\" height=\"103\" src=\"https:\/\/dev.antudigital.cl\/sites\/pucv\/magister\/wp-content\/uploads\/2025\/03\/CNA-logo.jpg\" class=\"attachment-full size-full wp-image-232\" alt=\"\" \/>\t\t\t\t\t\t\t\t\t\t\t\t\t\t\t<\/div>\n\t\t\t\t<\/div>\n\t\t\t\t<div class=\"elementor-element elementor-element-221f9ed elementor-widget elementor-widget-image\" data-id=\"221f9ed\" data-element_type=\"widget\" data-widget_type=\"image.default\">\n\t\t\t\t<div class=\"elementor-widget-container\">\n\t\t\t\t\t\t\t\t\t\t\t\t\t\t\t<img fetchpriority=\"high\" decoding=\"async\" width=\"418\" height=\"148\" src=\"https:\/\/dev.antudigital.cl\/sites\/pucv\/magister\/wp-content\/uploads\/2025\/03\/postgrados_logo.jpg\" class=\"attachment-full size-full wp-image-233\" alt=\"\" srcset=\"https:\/\/dev.antudigital.cl\/sites\/pucv\/magister\/wp-content\/uploads\/2025\/03\/postgrados_logo.jpg 418w, https:\/\/dev.antudigital.cl\/sites\/pucv\/magister\/wp-content\/uploads\/2025\/03\/postgrados_logo-300x106.jpg 300w\" sizes=\"(max-width: 418px) 100vw, 418px\" \/>\t\t\t\t\t\t\t\t\t\t\t\t\t\t\t<\/div>\n\t\t\t\t<\/div>\n\t\t\t\t\t<\/div>\n\t\t\t\t<\/div>\n\t\t\t\t<\/div>\n\t\t","protected":false},"excerpt":{"rendered":"<p>Cuerpo Acad\u00e9mico Acad\u00e9micos de Excelencia para una Formaci\u00f3n de Calidad Carolina Y\u00e1\u00f1ez Prieto Luis Mercado Vianco Sergio Marshall Gonz\u00e1lez Ver\u00f3nica Rojas Dur\u00e1n Arturo Levic\u00e1n Asenjo\u200b Fernando G\u00f3mez Carmona Paulina Schmitt Rivera Jorge Olivares Pacheco Roberto Bast\u00edas Romo<\/p>\n","protected":false},"author":1,"featured_media":0,"parent":0,"menu_order":0,"comment_status":"closed","ping_status":"closed","template":"elementor_header_footer","meta":{"_acf_changed":false,"footnotes":""},"class_list":["post-112","page","type-page","status-publish","hentry"],"acf":[],"_links":{"self":[{"href":"https:\/\/dev.antudigital.cl\/sites\/pucv\/magister\/wp-json\/wp\/v2\/pages\/112","targetHints":{"allow":["GET"]}}],"collection":[{"href":"https:\/\/dev.antudigital.cl\/sites\/pucv\/magister\/wp-json\/wp\/v2\/pages"}],"about":[{"href":"https:\/\/dev.antudigital.cl\/sites\/pucv\/magister\/wp-json\/wp\/v2\/types\/page"}],"author":[{"embeddable":true,"href":"https:\/\/dev.antudigital.cl\/sites\/pucv\/magister\/wp-json\/wp\/v2\/users\/1"}],"replies":[{"embeddable":true,"href":"https:\/\/dev.antudigital.cl\/sites\/pucv\/magister\/wp-json\/wp\/v2\/comments?post=112"}],"version-history":[{"count":124,"href":"https:\/\/dev.antudigital.cl\/sites\/pucv\/magister\/wp-json\/wp\/v2\/pages\/112\/revisions"}],"predecessor-version":[{"id":1079,"href":"https:\/\/dev.antudigital.cl\/sites\/pucv\/magister\/wp-json\/wp\/v2\/pages\/112\/revisions\/1079"}],"wp:attachment":[{"href":"https:\/\/dev.antudigital.cl\/sites\/pucv\/magister\/wp-json\/wp\/v2\/media?parent=112"}],"curies":[{"name":"wp","href":"https:\/\/api.w.org\/{rel}","templated":true}]}}