{"id":18,"date":"2025-03-16T20:51:49","date_gmt":"2025-03-16T23:51:49","guid":{"rendered":"https:\/\/dev.antudigital.cl\/sites\/pucv\/magister\/?page_id=18"},"modified":"2025-03-24T23:34:28","modified_gmt":"2025-03-25T02:34:28","slug":"politica-de-privacidad","status":"publish","type":"page","link":"https:\/\/dev.antudigital.cl\/sites\/pucv\/magister\/politica-de-privacidad\/","title":{"rendered":"Pol\u00edtica de Privacidad"},"content":{"rendered":"\t\t<div data-elementor-type=\"wp-page\" data-elementor-id=\"18\" class=\"elementor elementor-18\" data-elementor-post-type=\"page\">\n\t\t\t\t<div class=\"elementor-element elementor-element-6ddece6a e-flex e-con-boxed e-con e-parent\" data-id=\"6ddece6a\" data-element_type=\"container\">\n\t\t\t\t\t<div class=\"e-con-inner\">\n\t\t\t\t<div class=\"elementor-element elementor-element-54730457 elementor-widget elementor-widget-text-editor\" data-id=\"54730457\" data-element_type=\"widget\" data-widget_type=\"text-editor.default\">\n\t\t\t\t<div class=\"elementor-widget-container\">\n\t\t\t\t\t\t\t\t\t\n<p>Esta Pol\u00edtica de privacidad describe c\u00f3mo se recopila, utiliza y comparte su informaci\u00f3n personal cuando visita\u00a0https:\/\/www.pucv.cl\/uuaa\/instituto-de-biologia\/magister-en-ciencias-microbiologicas (denominado en lo sucesivo el \u201cSitio\u201d).<\/p>\n\n<h3 class=\"wp-block-heading\">INFORMACI\u00d3N PERSONAL QUE RECOPILAMOS.<\/h3>\n\n<p>Cuando visita el Sitio, recopilamos autom\u00e1ticamente cierta informaci\u00f3n sobre su dispositivo, incluida informaci\u00f3n sobre su navegador web, direcci\u00f3n IP, zona horaria y algunas de las cookies que est\u00e1n instaladas en su dispositivo. Adem\u00e1s, a medida que navega por el Sitio, recopilamos informaci\u00f3n sobre las p\u00e1ginas web individuales o los productos que ve, las p\u00e1ginas web o los t\u00e9rminos de b\u00fasqueda que lo remitieron al Sitio e informaci\u00f3n sobre c\u00f3mo interact\u00faa usted con el Sitio. Nos referimos a esta informaci\u00f3n recopilada autom\u00e1ticamente como \u201cInformaci\u00f3n del dispositivo\u201d.<br \/><br \/>Recopilamos Informaci\u00f3n del dispositivo mediante el uso de las siguientes tecnolog\u00edas:<br \/><br \/>Los \u201cArchivos de registro\u201d rastrean las acciones que ocurren en el Sitio y recopilan datos, incluyendo su direcci\u00f3n IP, tipo de navegador, proveedor de servicio de Internet, p\u00e1ginas de referencia\/salida y marcas de fecha\/horario.<br \/>Las \u201cbalizas web\u201d, las \u201cetiquetas\u201d y los \u201cp\u00edxeles\u201d son archivos electr\u00f3nicos utilizados para registrar informaci\u00f3n sobre c\u00f3mo navega usted por el Sitio.<br \/>Cuando hablamos de \u201cInformaci\u00f3n personal\u201d en la presente Pol\u00edtica de privacidad, nos referimos tanto a la Informaci\u00f3n del dispositivo como a la Informaci\u00f3n del pedido.<\/p>\n\n<h3 class=\"wp-block-heading\">\u00bfC\u00d3MO UTILIZAMOS SU INFORMACI\u00d3N PERSONAL?<\/h3>\n\n<p>Usamos la Informaci\u00f3n que recopilamos a trav\u00e9s de nuestro formulario de contacto a trav\u00e9s del Sitio. Adem\u00e1s, utilizamos esta Informaci\u00f3n del pedido para: comunicarnos con usted; y cuando de acuerdo con las preferencias que usted comparti\u00f3 con nosotros, le proporcionamos informaci\u00f3n o publicidad relacionada con nuestros productos o servicios.<br \/><br \/>Utilizamos la Informaci\u00f3n del dispositivo que recopilamos para ayudarnos a detectar posibles riesgos y fraudes (en particular, su direcci\u00f3n IP) y, en general, para mejorar y optimizar nuestro Sitio (por ejemplo, al generar informes y estad\u00edsticas sobre c\u00f3mo nuestros clientes navegan e interact\u00faan con el Sitio y para evaluar el \u00e9xito de nuestras campa\u00f1as publicitarias y de marketing).<br \/><br \/>Compartimos su Informaci\u00f3n personal con terceros para que nos ayuden a utilizar su Informaci\u00f3n personal, tal como se describi\u00f3 anteriormente. Por ejemplo, utilizamos Google Analytics para ayudarnos a comprender c\u00f3mo usan nuestros clientes\u00a0el\u00a0Sitio. Puede obtener m\u00e1s informaci\u00f3n sobre c\u00f3mo Google utiliza su Informaci\u00f3n personal aqu\u00ed:\u00a0https:\/\/policies.google.com\/privacy?hl=es. Puede darse de baja de Google Analytics aqu\u00ed:\u00a0https:\/\/tools.google.com\/dlpage\/gaoptout.<br \/><br \/>Finalmente, tambi\u00e9n podemos compartir su Informaci\u00f3n personal para cumplir con las leyes y regulaciones aplicables, para responder a una citaci\u00f3n, orden de registro u otra solicitud legal de informaci\u00f3n que recibamos, o para proteger nuestros derechos.<\/p>\n\n<h3 class=\"wp-block-heading\">PUBLICIDAD ORIENTADA POR EL COMPORTAMIENTO<\/h3>\n\n<p>Como se describi\u00f3 anteriormente, utilizamos su Informaci\u00f3n personal para proporcionarle anuncios publicitarios dirigidos o comunicaciones de marketing que creemos que pueden ser de su inter\u00e9s. Para m\u00e1s informaci\u00f3n sobre c\u00f3mo funciona la publicidad dirigida, puede visitar la p\u00e1gina educativa de la Iniciativa Publicitaria en la Red (\u00abNAI\u00bb por sus siglas en ingl\u00e9s) en http:\/\/www.networkadvertising.org\/understanding-online-advertising\/how-does-it-work.<br \/><br \/>Puede darse de baja de la publicidad dirigida mediante los siguientes enlaces:<br \/><br \/>FACEBOOK: https:\/\/www.facebook.com\/settings\/?tab=ads<br \/>GOOGLE: https:\/\/adssettings.google.com\/authenticated?hl=es<br \/>BING: https:\/\/about.ads.microsoft.com\/es-es\/recursos\/directivas\/anuncios-personalizados<br \/>Adem\u00e1s, puede darse de baja de algunos de estos servicios visitando el portal de exclusi\u00f3n voluntaria de Digital Advertising Alliance en: ttp:\/\/optout.aboutads.info\/.<br \/><br \/>NO RASTREAR<br \/>Tenga en cuenta que no alteramos las pr\u00e1cticas de recopilaci\u00f3n y uso de datos de nuestro Sitio cuando vemos una se\u00f1al de No rastrear desde su navegador.<br \/><br \/><br \/>RETENCI\u00d3N DE DATOS<br \/>Cuando realiza una consulta a trav\u00e9s del Sitio, mantendremos su informaci\u00f3n para nuestros registros a menos que y hasta que nos pida que eliminemos esta informaci\u00f3n.<br \/><br \/><br \/>CAMBIOS<br \/>Podemos actualizar esta pol\u00edtica de privacidad peri\u00f3dicamente para reflejar, por ejemplo, cambios en nuestras pr\u00e1cticas o por otros motivos operativos, legales o reglamentarios.<br \/><br \/><br \/><\/p>\n<h4>CONT\u00c1CTENOS<\/h4>\n<p><br \/>Para obtener m\u00e1s informaci\u00f3n sobre nuestras pr\u00e1cticas de privacidad, si tiene alguna pregunta o si desea presentar una queja, cont\u00e1ctenos por correo electr\u00f3nico a\u00a0soporte@antudigital.cl<br \/><br \/><br \/>\u00daltima actualizaci\u00f3n: 12 de Marzo del 2025<\/p>\n\t\t\t\t\t\t\t\t<\/div>\n\t\t\t\t<\/div>\n\t\t\t\t\t<\/div>\n\t\t\t\t<\/div>\n\t\t<div class=\"elementor-element elementor-element-2382849 e-flex e-con-boxed e-con e-parent\" data-id=\"2382849\" data-element_type=\"container\">\n\t\t\t\t\t<div class=\"e-con-inner\">\n\t\t\t\t<div class=\"elementor-element elementor-element-82c2f00 elementor-widget elementor-widget-image\" data-id=\"82c2f00\" data-element_type=\"widget\" data-widget_type=\"image.default\">\n\t\t\t\t<div class=\"elementor-widget-container\">\n\t\t\t\t\t\t\t\t\t\t\t\t\t\t\t<img decoding=\"async\" width=\"245\" height=\"103\" src=\"https:\/\/dev.antudigital.cl\/sites\/pucv\/magister\/wp-content\/uploads\/2025\/03\/CNA-logo.jpg\" class=\"attachment-full size-full wp-image-232\" alt=\"\" \/>\t\t\t\t\t\t\t\t\t\t\t\t\t\t\t<\/div>\n\t\t\t\t<\/div>\n\t\t\t\t<div class=\"elementor-element elementor-element-0e706f5 elementor-widget elementor-widget-image\" data-id=\"0e706f5\" data-element_type=\"widget\" data-widget_type=\"image.default\">\n\t\t\t\t<div class=\"elementor-widget-container\">\n\t\t\t\t\t\t\t\t\t\t\t\t\t\t\t<img fetchpriority=\"high\" decoding=\"async\" width=\"418\" height=\"148\" src=\"https:\/\/dev.antudigital.cl\/sites\/pucv\/magister\/wp-content\/uploads\/2025\/03\/postgrados_logo.jpg\" class=\"attachment-full size-full wp-image-233\" alt=\"\" srcset=\"https:\/\/dev.antudigital.cl\/sites\/pucv\/magister\/wp-content\/uploads\/2025\/03\/postgrados_logo.jpg 418w, https:\/\/dev.antudigital.cl\/sites\/pucv\/magister\/wp-content\/uploads\/2025\/03\/postgrados_logo-300x106.jpg 300w\" sizes=\"(max-width: 418px) 100vw, 418px\" \/>\t\t\t\t\t\t\t\t\t\t\t\t\t\t\t<\/div>\n\t\t\t\t<\/div>\n\t\t\t\t\t<\/div>\n\t\t\t\t<\/div>\n\t\t\t\t<\/div>\n\t\t","protected":false},"excerpt":{"rendered":"<p>Esta Pol\u00edtica de privacidad describe c\u00f3mo se recopila, utiliza y comparte su informaci\u00f3n personal cuando visita\u00a0https:\/\/www.pucv.cl\/uuaa\/instituto-de-biologia\/magister-en-ciencias-microbiologicas (denominado en lo sucesivo el \u201cSitio\u201d). INFORMACI\u00d3N PERSONAL QUE RECOPILAMOS. Cuando visita el Sitio, recopilamos autom\u00e1ticamente cierta informaci\u00f3n sobre su dispositivo, incluida informaci\u00f3n sobre su navegador web, direcci\u00f3n IP, zona horaria y algunas de las cookies que est\u00e1n instaladas [&hellip;]<\/p>\n","protected":false},"author":1,"featured_media":0,"parent":0,"menu_order":0,"comment_status":"closed","ping_status":"closed","template":"elementor_theme","meta":{"_acf_changed":false,"footnotes":""},"class_list":["post-18","page","type-page","status-publish","hentry"],"acf":[],"_links":{"self":[{"href":"https:\/\/dev.antudigital.cl\/sites\/pucv\/magister\/wp-json\/wp\/v2\/pages\/18","targetHints":{"allow":["GET"]}}],"collection":[{"href":"https:\/\/dev.antudigital.cl\/sites\/pucv\/magister\/wp-json\/wp\/v2\/pages"}],"about":[{"href":"https:\/\/dev.antudigital.cl\/sites\/pucv\/magister\/wp-json\/wp\/v2\/types\/page"}],"author":[{"embeddable":true,"href":"https:\/\/dev.antudigital.cl\/sites\/pucv\/magister\/wp-json\/wp\/v2\/users\/1"}],"replies":[{"embeddable":true,"href":"https:\/\/dev.antudigital.cl\/sites\/pucv\/magister\/wp-json\/wp\/v2\/comments?post=18"}],"version-history":[{"count":29,"href":"https:\/\/dev.antudigital.cl\/sites\/pucv\/magister\/wp-json\/wp\/v2\/pages\/18\/revisions"}],"predecessor-version":[{"id":375,"href":"https:\/\/dev.antudigital.cl\/sites\/pucv\/magister\/wp-json\/wp\/v2\/pages\/18\/revisions\/375"}],"wp:attachment":[{"href":"https:\/\/dev.antudigital.cl\/sites\/pucv\/magister\/wp-json\/wp\/v2\/media?parent=18"}],"curies":[{"name":"wp","href":"https:\/\/api.w.org\/{rel}","templated":true}]}}