{"id":30,"date":"2025-10-01T22:46:23","date_gmt":"2025-10-02T01:46:23","guid":{"rendered":"https:\/\/dev.antudigital.cl\/sites\/rutaiglesiaschiloe\/?page_id=30"},"modified":"2025-10-06T21:15:07","modified_gmt":"2025-10-07T00:15:07","slug":"iglesias","status":"publish","type":"page","link":"https:\/\/dev.antudigital.cl\/sites\/rutaiglesiaschiloe\/iglesias\/","title":{"rendered":"Iglesias"},"content":{"rendered":"\t\t<div data-elementor-type=\"wp-page\" data-elementor-id=\"30\" class=\"elementor elementor-30\" data-elementor-post-type=\"page\">\n\t\t\t\t<div class=\"elementor-element elementor-element-c5d69e9 e-flex e-con-boxed e-con e-parent\" data-id=\"c5d69e9\" data-element_type=\"container\" data-settings=\"{&quot;background_background&quot;:&quot;classic&quot;}\">\n\t\t\t\t\t<div class=\"e-con-inner\">\n\t\t\t\t<div class=\"elementor-element elementor-element-6129bdf elementor-widget elementor-widget-heading\" data-id=\"6129bdf\" data-element_type=\"widget\" data-widget_type=\"heading.default\">\n\t\t\t\t\t<h1 class=\"elementor-heading-title elementor-size-default\">Iglesias<\/h1>\t\t\t\t<\/div>\n\t\t\t\t\t<\/div>\n\t\t\t\t<\/div>\n\t\t<div class=\"elementor-element elementor-element-32f8618 e-grid e-con-boxed e-con e-parent\" data-id=\"32f8618\" data-element_type=\"container\">\n\t\t\t\t\t<div class=\"e-con-inner\">\n\t\t\t\t<div class=\"elementor-element elementor-element-955d54d elementor-flip-box--effect-fade elementor-widget elementor-widget-flip-box\" data-id=\"955d54d\" data-element_type=\"widget\" data-widget_type=\"flip-box.default\">\n\t\t\t\t\t\t\t<div class=\"elementor-flip-box\" tabindex=\"0\">\n\t\t\t<div class=\"elementor-flip-box__layer elementor-flip-box__front\">\n\t\t\t\t<div class=\"elementor-flip-box__layer__overlay\">\n\t\t\t\t\t<div class=\"elementor-flip-box__layer__inner\">\n\t\t\t\t\t\t\n\t\t\t\t\t\t\n\t\t\t\t\t\t\t\t\t\t\t<\/div>\n\t\t\t\t<\/div>\n\t\t\t<\/div>\n\t\t\t<a class=\"elementor-flip-box__layer elementor-flip-box__back\" href=\"https:\/\/dev.antudigital.cl\/sites\/rutaiglesiaschiloe\/patrimonio\/\">\n\t\t\t<div class=\"elementor-flip-box__layer__overlay\">\n\t\t\t\t<div class=\"elementor-flip-box__layer__inner\">\n\t\t\t\t\t\t\t\t\t\t\t<h3 class=\"elementor-flip-box__layer__title\">\n\t\t\t\t\t\t\tPatrimonio de la humanidad\t\t\t\t\t\t<\/h3>\n\t\t\t\t\t\n\t\t\t\t\t\n\t\t\t\t\t\t\t\t\t\t\t<span class=\"elementor-flip-box__button elementor-button elementor-size-sm\">\n\t\t\t\t\t\t\tVer m\u00e1s\t\t\t\t\t\t<\/span>\n\t\t\t\t\t\t\t\t<\/div>\n\t\t<\/div>\n\t\t<\/a>\n\t\t<\/div>\n\t\t\t\t\t\t<\/div>\n\t\t\t\t<div class=\"elementor-element elementor-element-7bc0951 elementor-flip-box--effect-fade elementor-widget elementor-widget-flip-box\" data-id=\"7bc0951\" data-element_type=\"widget\" data-widget_type=\"flip-box.default\">\n\t\t\t\t\t\t\t<div class=\"elementor-flip-box\" tabindex=\"0\">\n\t\t\t<div class=\"elementor-flip-box__layer elementor-flip-box__front\">\n\t\t\t\t<div class=\"elementor-flip-box__layer__overlay\">\n\t\t\t\t\t<div class=\"elementor-flip-box__layer__inner\">\n\t\t\t\t\t\t\n\t\t\t\t\t\t\n\t\t\t\t\t\t\t\t\t\t\t<\/div>\n\t\t\t\t<\/div>\n\t\t\t<\/div>\n\t\t\t<a class=\"elementor-flip-box__layer elementor-flip-box__back\" href=\"https:\/\/dev.antudigital.cl\/sites\/rutaiglesiaschiloe\/historia\/\">\n\t\t\t<div class=\"elementor-flip-box__layer__overlay\">\n\t\t\t\t<div class=\"elementor-flip-box__layer__inner\">\n\t\t\t\t\t\t\t\t\t\t\t<h3 class=\"elementor-flip-box__layer__title\">\n\t\t\t\t\t\t\tLa Historia\t\t\t\t\t\t<\/h3>\n\t\t\t\t\t\n\t\t\t\t\t\n\t\t\t\t\t\t\t\t\t\t\t<span class=\"elementor-flip-box__button elementor-button elementor-size-sm\">\n\t\t\t\t\t\t\tVer m\u00e1s\t\t\t\t\t\t<\/span>\n\t\t\t\t\t\t\t\t<\/div>\n\t\t<\/div>\n\t\t<\/a>\n\t\t<\/div>\n\t\t\t\t\t\t<\/div>\n\t\t\t\t<div class=\"elementor-element elementor-element-12d6046 elementor-flip-box--effect-fade elementor-widget elementor-widget-flip-box\" data-id=\"12d6046\" data-element_type=\"widget\" data-widget_type=\"flip-box.default\">\n\t\t\t\t\t\t\t<div class=\"elementor-flip-box\" tabindex=\"0\">\n\t\t\t<div class=\"elementor-flip-box__layer elementor-flip-box__front\">\n\t\t\t\t<div class=\"elementor-flip-box__layer__overlay\">\n\t\t\t\t\t<div class=\"elementor-flip-box__layer__inner\">\n\t\t\t\t\t\t\n\t\t\t\t\t\t\n\t\t\t\t\t\t\t\t\t\t\t<\/div>\n\t\t\t\t<\/div>\n\t\t\t<\/div>\n\t\t\t<a class=\"elementor-flip-box__layer elementor-flip-box__back\" href=\"https:\/\/dev.antudigital.cl\/sites\/rutaiglesiaschiloe\/arquitectura\/\">\n\t\t\t<div class=\"elementor-flip-box__layer__overlay\">\n\t\t\t\t<div class=\"elementor-flip-box__layer__inner\">\n\t\t\t\t\t\t\t\t\t\t\t<h3 class=\"elementor-flip-box__layer__title\">\n\t\t\t\t\t\t\tLa Arquitectura\t\t\t\t\t\t<\/h3>\n\t\t\t\t\t\n\t\t\t\t\t\n\t\t\t\t\t\t\t\t\t\t\t<span class=\"elementor-flip-box__button elementor-button elementor-size-sm\">\n\t\t\t\t\t\t\tVer m\u00e1s\t\t\t\t\t\t<\/span>\n\t\t\t\t\t\t\t\t<\/div>\n\t\t<\/div>\n\t\t<\/a>\n\t\t<\/div>\n\t\t\t\t\t\t<\/div>\n\t\t\t\t<div class=\"elementor-element elementor-element-64d8c33 elementor-flip-box--effect-fade elementor-widget elementor-widget-flip-box\" data-id=\"64d8c33\" data-element_type=\"widget\" data-widget_type=\"flip-box.default\">\n\t\t\t\t\t\t\t<div class=\"elementor-flip-box\" tabindex=\"0\">\n\t\t\t<div class=\"elementor-flip-box__layer elementor-flip-box__front\">\n\t\t\t\t<div class=\"elementor-flip-box__layer__overlay\">\n\t\t\t\t\t<div class=\"elementor-flip-box__layer__inner\">\n\t\t\t\t\t\t\n\t\t\t\t\t\t\n\t\t\t\t\t\t\t\t\t\t\t<\/div>\n\t\t\t\t<\/div>\n\t\t\t<\/div>\n\t\t\t<a class=\"elementor-flip-box__layer elementor-flip-box__back\" href=\"https:\/\/dev.antudigital.cl\/sites\/rutaiglesiaschiloe\/comunidades\/\">\n\t\t\t<div class=\"elementor-flip-box__layer__overlay\">\n\t\t\t\t<div class=\"elementor-flip-box__layer__inner\">\n\t\t\t\t\t\t\t\t\t\t\t<h3 class=\"elementor-flip-box__layer__title\">\n\t\t\t\t\t\t\tLas comunidades\t\t\t\t\t\t<\/h3>\n\t\t\t\t\t\n\t\t\t\t\t\n\t\t\t\t\t\t\t\t\t\t\t<span class=\"elementor-flip-box__button elementor-button elementor-size-sm\">\n\t\t\t\t\t\t\tVer m\u00e1s\t\t\t\t\t\t<\/span>\n\t\t\t\t\t\t\t\t<\/div>\n\t\t<\/div>\n\t\t<\/a>\n\t\t<\/div>\n\t\t\t\t\t\t<\/div>\n\t\t\t\t\t<\/div>\n\t\t\t\t<\/div>\n\t\t<div class=\"elementor-element elementor-element-a3d1c9b e-flex e-con-boxed e-con e-parent\" data-id=\"a3d1c9b\" data-element_type=\"container\">\n\t\t\t\t\t<div class=\"e-con-inner\">\n\t\t\t\t<div class=\"elementor-element elementor-element-bb5a87f elementor-widget elementor-widget-heading\" data-id=\"bb5a87f\" data-element_type=\"widget\" data-widget_type=\"heading.default\">\n\t\t\t\t\t<h3 class=\"elementor-heading-title elementor-size-default\">16 IGLESIAS PATRIMONIO DE LA HUMANIDAD<\/h3>\t\t\t\t<\/div>\n\t\t\t\t<div class=\"elementor-element elementor-element-8910c13 elementor-grid-4 elementor-grid-tablet-2 elementor-grid-mobile-1 elementor-widget elementor-widget-loop-grid\" data-id=\"8910c13\" data-element_type=\"widget\" data-settings=\"{&quot;template_id&quot;:151,&quot;columns&quot;:4,&quot;_skin&quot;:&quot;post&quot;,&quot;columns_tablet&quot;:&quot;2&quot;,&quot;columns_mobile&quot;:&quot;1&quot;,&quot;edit_handle_selector&quot;:&quot;[data-elementor-type=\\&quot;loop-item\\&quot;]&quot;,&quot;row_gap&quot;:{&quot;unit&quot;:&quot;px&quot;,&quot;size&quot;:&quot;&quot;,&quot;sizes&quot;:[]},&quot;row_gap_tablet&quot;:{&quot;unit&quot;:&quot;px&quot;,&quot;size&quot;:&quot;&quot;,&quot;sizes&quot;:[]},&quot;row_gap_mobile&quot;:{&quot;unit&quot;:&quot;px&quot;,&quot;size&quot;:&quot;&quot;,&quot;sizes&quot;:[]}}\" data-widget_type=\"loop-grid.post\">\n\t\t\t\t<div class=\"elementor-widget-container\">\n\t\t\t\t\t\t\t<div class=\"elementor-loop-container elementor-grid\" role=\"list\">\n\t\t<style id=\"loop-dynamic-151\">.e-loop-item-169 .elementor-element.elementor-element-f5ecaa1 .elementor-flip-box__front{background-image:url(\"https:\/\/dev.antudigital.cl\/sites\/rutaiglesiaschiloe\/wp-content\/uploads\/2025\/10\/castro-01.webp\");}<\/style><style id=\"loop-151\">.elementor-151 .elementor-element.elementor-element-eaaed71{--display:flex;--padding-top:0px;--padding-bottom:0px;--padding-left:0px;--padding-right:0px;}.elementor-widget-flip-box .elementor-flip-box__front .elementor-flip-box__layer__title{font-family:var( --e-global-typography-primary-font-family ), Sans-serif;font-size:var( --e-global-typography-primary-font-size );font-weight:var( --e-global-typography-primary-font-weight );line-height:var( --e-global-typography-primary-line-height );}.elementor-widget-flip-box .elementor-flip-box__front .elementor-flip-box__layer__description{font-family:var( --e-global-typography-text-font-family ), Sans-serif;font-size:var( --e-global-typography-text-font-size );font-weight:var( --e-global-typography-text-font-weight );line-height:var( --e-global-typography-text-line-height );}.elementor-widget-flip-box .elementor-flip-box__back .elementor-flip-box__layer__title{font-family:var( --e-global-typography-primary-font-family ), Sans-serif;font-size:var( --e-global-typography-primary-font-size );font-weight:var( --e-global-typography-primary-font-weight );line-height:var( --e-global-typography-primary-line-height );}.elementor-widget-flip-box .elementor-flip-box__back .elementor-flip-box__layer__description{font-family:var( --e-global-typography-text-font-family ), Sans-serif;font-size:var( --e-global-typography-text-font-size );font-weight:var( --e-global-typography-text-font-weight );line-height:var( --e-global-typography-text-line-height );}.elementor-widget-flip-box .elementor-flip-box__button{font-family:var( --e-global-typography-accent-font-family ), Sans-serif;font-size:var( --e-global-typography-accent-font-size );font-weight:var( --e-global-typography-accent-font-weight );line-height:var( --e-global-typography-accent-line-height );}.elementor-151 .elementor-element.elementor-element-f5ecaa1 .elementor-flip-box__front{background-color:var( --e-global-color-6a1435a );background-position:center center;background-repeat:no-repeat;background-size:cover;}.elementor-151 .elementor-element.elementor-element-f5ecaa1 .elementor-flip-box__back{background-color:var( --e-global-color-6a1435a );}.elementor-151 .elementor-element.elementor-element-f5ecaa1 .elementor-flip-box__button{background-color:var( --e-global-color-6a1435a );margin-center:0;font-family:\"Barlow\", Sans-serif;font-size:14px;font-weight:300;text-transform:uppercase;line-height:1em;letter-spacing:0.6px;color:var( --e-global-color-primary );border-color:var( --e-global-color-6a1435a );border-width:0px;border-radius:0px;}.elementor-151 .elementor-element.elementor-element-f5ecaa1 .elementor-flip-box__button:hover{background-color:var( --e-global-color-6a1435a );}.elementor-151 .elementor-element.elementor-element-f5ecaa1 .elementor-flip-box{height:300px;}.elementor-151 .elementor-element.elementor-element-f5ecaa1 .elementor-flip-box__front .elementor-flip-box__layer__overlay{text-align:center;}.elementor-151 .elementor-element.elementor-element-f5ecaa1 .elementor-flip-box__back .elementor-flip-box__layer__overlay{text-align:center;}.elementor-151 .elementor-element.elementor-element-f5ecaa1 .elementor-flip-box__back .elementor-flip-box__layer__title{color:var( --e-global-color-primary );font-family:\"Barlow\", Sans-serif;font-size:20px;font-weight:500;text-transform:uppercase;line-height:1.4em;}@media(max-width:1024px){.elementor-widget-flip-box .elementor-flip-box__front .elementor-flip-box__layer__title{font-size:var( --e-global-typography-primary-font-size );line-height:var( --e-global-typography-primary-line-height );}.elementor-widget-flip-box .elementor-flip-box__front .elementor-flip-box__layer__description{font-size:var( --e-global-typography-text-font-size );line-height:var( --e-global-typography-text-line-height );}.elementor-widget-flip-box .elementor-flip-box__back .elementor-flip-box__layer__title{font-size:var( --e-global-typography-primary-font-size );line-height:var( --e-global-typography-primary-line-height );}.elementor-widget-flip-box .elementor-flip-box__back .elementor-flip-box__layer__description{font-size:var( --e-global-typography-text-font-size );line-height:var( --e-global-typography-text-line-height );}.elementor-widget-flip-box .elementor-flip-box__button{font-size:var( --e-global-typography-accent-font-size );line-height:var( --e-global-typography-accent-line-height );}.elementor-151 .elementor-element.elementor-element-f5ecaa1 .elementor-flip-box{height:340px;}}@media(max-width:767px){.elementor-widget-flip-box .elementor-flip-box__front .elementor-flip-box__layer__title{font-size:var( --e-global-typography-primary-font-size );line-height:var( --e-global-typography-primary-line-height );}.elementor-widget-flip-box .elementor-flip-box__front .elementor-flip-box__layer__description{font-size:var( --e-global-typography-text-font-size );line-height:var( --e-global-typography-text-line-height );}.elementor-widget-flip-box .elementor-flip-box__back .elementor-flip-box__layer__title{font-size:var( --e-global-typography-primary-font-size );line-height:var( --e-global-typography-primary-line-height );}.elementor-widget-flip-box .elementor-flip-box__back .elementor-flip-box__layer__description{font-size:var( --e-global-typography-text-font-size );line-height:var( --e-global-typography-text-line-height );}.elementor-widget-flip-box .elementor-flip-box__button{font-size:var( --e-global-typography-accent-font-size );line-height:var( --e-global-typography-accent-line-height );}}<\/style>\t\t<div data-elementor-type=\"loop-item\" data-elementor-id=\"151\" class=\"elementor elementor-151 e-loop-item e-loop-item-169 post-169 iglesia type-iglesia status-publish has-post-thumbnail hentry\" data-elementor-post-type=\"elementor_library\" data-custom-edit-handle=\"1\">\n\t\t\t<div class=\"elementor-element elementor-element-eaaed71 e-flex e-con-boxed e-con e-parent\" data-id=\"eaaed71\" data-element_type=\"container\">\n\t\t\t\t\t<div class=\"e-con-inner\">\n\t\t\t\t<div class=\"elementor-element elementor-element-f5ecaa1 elementor-flip-box--effect-fade elementor-widget elementor-widget-flip-box\" data-id=\"f5ecaa1\" data-element_type=\"widget\" data-widget_type=\"flip-box.default\">\n\t\t\t\t\t\t\t<div class=\"elementor-flip-box\" tabindex=\"0\">\n\t\t\t<div class=\"elementor-flip-box__layer elementor-flip-box__front\">\n\t\t\t\t<div class=\"elementor-flip-box__layer__overlay\">\n\t\t\t\t\t<div class=\"elementor-flip-box__layer__inner\">\n\t\t\t\t\t\t\n\t\t\t\t\t\t\n\t\t\t\t\t\t\t\t\t\t\t<\/div>\n\t\t\t\t<\/div>\n\t\t\t<\/div>\n\t\t\t<a class=\"elementor-flip-box__layer elementor-flip-box__back\" href=\"https:\/\/dev.antudigital.cl\/sites\/rutaiglesiaschiloe\/iglesia\/iglesia-san-francisco-de-castro\/\">\n\t\t\t<div class=\"elementor-flip-box__layer__overlay\">\n\t\t\t\t<div class=\"elementor-flip-box__layer__inner\">\n\t\t\t\t\t\t\t\t\t\t\t<h3 class=\"elementor-flip-box__layer__title\">\n\t\t\t\t\t\t\tIglesia San Francisco de Castro\t\t\t\t\t\t<\/h3>\n\t\t\t\t\t\n\t\t\t\t\t\n\t\t\t\t\t\t\t\t\t\t\t<span class=\"elementor-flip-box__button elementor-button elementor-size-sm\">\n\t\t\t\t\t\t\tver m\u00e1s\t\t\t\t\t\t<\/span>\n\t\t\t\t\t\t\t\t<\/div>\n\t\t<\/div>\n\t\t<\/a>\n\t\t<\/div>\n\t\t\t\t\t\t<\/div>\n\t\t\t\t\t<\/div>\n\t\t\t\t<\/div>\n\t\t\t\t<\/div>\n\t\t\t\t<\/div>\n\t\t\n\t\t\t\t\t\t<\/div>\n\t\t\t\t<\/div>\n\t\t\t\t\t<\/div>\n\t\t\t\t<\/div>\n\t\t\t\t<\/div>\n\t\t","protected":false},"excerpt":{"rendered":"<p>Patrimonio de la humanidad Ver m\u00e1s La Historia Ver m\u00e1s La Arquitectura Ver m\u00e1s Las comunidades Ver m\u00e1s 16 IGLESIAS PATRIMONIO DE LA HUMANIDAD<\/p>\n","protected":false},"author":1,"featured_media":0,"parent":0,"menu_order":0,"comment_status":"closed","ping_status":"closed","template":"elementor_header_footer","meta":{"_acf_changed":false,"footnotes":""},"class_list":["post-30","page","type-page","status-publish","hentry"],"acf":[],"_links":{"self":[{"href":"https:\/\/dev.antudigital.cl\/sites\/rutaiglesiaschiloe\/wp-json\/wp\/v2\/pages\/30","targetHints":{"allow":["GET"]}}],"collection":[{"href":"https:\/\/dev.antudigital.cl\/sites\/rutaiglesiaschiloe\/wp-json\/wp\/v2\/pages"}],"about":[{"href":"https:\/\/dev.antudigital.cl\/sites\/rutaiglesiaschiloe\/wp-json\/wp\/v2\/types\/page"}],"author":[{"embeddable":true,"href":"https:\/\/dev.antudigital.cl\/sites\/rutaiglesiaschiloe\/wp-json\/wp\/v2\/users\/1"}],"replies":[{"embeddable":true,"href":"https:\/\/dev.antudigital.cl\/sites\/rutaiglesiaschiloe\/wp-json\/wp\/v2\/comments?post=30"}],"version-history":[{"count":28,"href":"https:\/\/dev.antudigital.cl\/sites\/rutaiglesiaschiloe\/wp-json\/wp\/v2\/pages\/30\/revisions"}],"predecessor-version":[{"id":298,"href":"https:\/\/dev.antudigital.cl\/sites\/rutaiglesiaschiloe\/wp-json\/wp\/v2\/pages\/30\/revisions\/298"}],"wp:attachment":[{"href":"https:\/\/dev.antudigital.cl\/sites\/rutaiglesiaschiloe\/wp-json\/wp\/v2\/media?parent=30"}],"curies":[{"name":"wp","href":"https:\/\/api.w.org\/{rel}","templated":true}]}}