{"id":71,"date":"2025-10-02T13:57:03","date_gmt":"2025-10-02T16:57:03","guid":{"rendered":"https:\/\/dev.antudigital.cl\/sites\/rutaiglesiaschiloe\/?page_id=71"},"modified":"2025-10-06T22:32:38","modified_gmt":"2025-10-07T01:32:38","slug":"historia","status":"publish","type":"page","link":"https:\/\/dev.antudigital.cl\/sites\/rutaiglesiaschiloe\/historia\/","title":{"rendered":"Historia"},"content":{"rendered":"\t\t<div data-elementor-type=\"wp-page\" data-elementor-id=\"71\" class=\"elementor elementor-71\" data-elementor-post-type=\"page\">\n\t\t\t\t<div class=\"elementor-element elementor-element-55cd1ef2 e-flex e-con-boxed e-con e-parent\" data-id=\"55cd1ef2\" data-element_type=\"container\" data-settings=\"{&quot;background_background&quot;:&quot;classic&quot;}\">\n\t\t\t\t\t<div class=\"e-con-inner\">\n\t\t\t\t<div class=\"elementor-element elementor-element-3a458367 elementor-widget elementor-widget-heading\" data-id=\"3a458367\" data-element_type=\"widget\" data-widget_type=\"heading.default\">\n\t\t\t\t\t<h1 class=\"elementor-heading-title elementor-size-default\">Historia<\/h1>\t\t\t\t<\/div>\n\t\t\t\t\t<\/div>\n\t\t\t\t<\/div>\n\t\t<div class=\"elementor-element elementor-element-34f1370 e-flex e-con-boxed e-con e-parent\" data-id=\"34f1370\" data-element_type=\"container\">\n\t\t\t\t\t<div class=\"e-con-inner\">\n\t\t\t\t<div class=\"elementor-element elementor-element-430cba4 elementor-widget elementor-widget-video\" data-id=\"430cba4\" data-element_type=\"widget\" data-settings=\"{&quot;youtube_url&quot;:&quot;https:\\\/\\\/www.youtube.com\\\/watch?v=B7t_Pp9ku5c&quot;,&quot;video_type&quot;:&quot;youtube&quot;,&quot;controls&quot;:&quot;yes&quot;}\" data-widget_type=\"video.default\">\n\t\t\t\t\t\t\t<div class=\"elementor-wrapper elementor-open-inline\">\n\t\t\t<div class=\"elementor-video\"><\/div>\t\t<\/div>\n\t\t\t\t\t\t<\/div>\n\t\t\t\t\t<\/div>\n\t\t\t\t<\/div>\n\t\t<div class=\"elementor-element elementor-element-544e5793 e-flex e-con-boxed e-con e-parent\" data-id=\"544e5793\" data-element_type=\"container\" data-settings=\"{&quot;background_background&quot;:&quot;classic&quot;}\">\n\t\t\t\t\t<div class=\"e-con-inner\">\n\t\t\t\t<div class=\"elementor-element elementor-element-12212790 elementor-widget elementor-widget-heading\" data-id=\"12212790\" data-element_type=\"widget\" data-widget_type=\"heading.default\">\n\t\t\t\t\t<h3 class=\"elementor-heading-title elementor-size-default\">TESTIGOS DEL PASADO\n<\/h3>\t\t\t\t<\/div>\n\t\t\t\t<div class=\"elementor-element elementor-element-99adaea elementor-widget elementor-widget-text-editor\" data-id=\"99adaea\" data-element_type=\"widget\" data-widget_type=\"text-editor.default\">\n\t\t\t\t\t\t\t\t\t<p class=\"font-thin text-tinto text-[18px] mb-[20px] leading-normal md:text-[26px] md:leading-[34px] md:mb-[25px]\">Las iglesias de Chilo\u00e9 son el resultado de un sincretismo cultural \u00fanico, que se produce del rico intercambio entre espa\u00f1oles y pueblos originarios.<\/p><p class=\"font-thin text-tinto text-[18px] mb-[20px] leading-normal md:text-[26px] md:leading-[34px] md:mb-[25px]\">Este sincretismo tiene sus ra\u00edces en un proceso hist\u00f3rico llamado\u00a0<b>Misi\u00f3n circular<\/b>, que se desarroll\u00f3 durante la Colonia, entre los siglos XVII y XVIII, y que fue implementado primero por los jesuitas y luego por los franciscanos para la evangelizaci\u00f3n del archipi\u00e9lago.<\/p><p class=\"font-thin text-tinto text-[18px] mb-[20px] leading-normal md:text-[26px] md:leading-[34px] md:mb-[25px]\">Esta misi\u00f3n consist\u00eda en un\u00a0<b>recorrido anual por parte de los sacerdotes<\/b>, que part\u00edan desde la ciudad de Castro cuando el clima era propicio. Navegaban en dalcas de madera enfrentando las duras condiciones clim\u00e1ticas de la regi\u00f3n. Durante estas visitas,\u00a0<b>los misioneros organizaban a las comunidades ind\u00edgenas alrededor de una iglesia central<\/b>, que se convert\u00eda en el punto focal de la vida religiosa, social y cultural.<\/p><p class=\"font-thin text-tinto text-[18px] mb-[20px] leading-normal md:text-[26px] md:leading-[34px] md:mb-[25px]\">Estas iglesias se erig\u00edan en sitios costeros que ya ten\u00edan una importancia ritual y social para los pueblos originarios, tanto canoeros como huilliches. Dado que las visitas de los misioneros eran espor\u00e1dicas, una vez que se establec\u00edan comunidades de creyentes en los distintos sectores,\u00a0<b>se designaba a personas locales para cuidar las iglesias y prestar servicios religiosos b\u00e1sicos<\/b>. As\u00ed nacieron los patrones de iglesia y los fiscales, que perduran hasta hoy.<\/p><p class=\"font-thin text-tinto text-[18px] mb-[20px] leading-normal md:text-[26px] md:leading-[34px] md:mb-[25px]\">Ya en el per\u00edodo Republicano, durante los siglos XIX y principios del XX, se continu\u00f3 con la construcci\u00f3n de estos templos, siguiendo el mismo modelo arquitect\u00f3nico.<\/p><p class=\"font-thin text-tinto text-[18px] mb-[20px] leading-normal md:text-[26px] md:leading-[34px] md:mb-[25px]\">Las iglesias que se pueden visitar en la actualidad son generalmente construcciones posteriores a las originales. Las primeras capillas, as\u00ed como muchas de las que les sucedieron, sufrieron la destrucci\u00f3n causada por incendios o por las adversidades del clima.<\/p>\t\t\t\t\t\t\t\t<\/div>\n\t\t\t\t\t<\/div>\n\t\t\t\t<\/div>\n\t\t<div class=\"elementor-element elementor-element-48ffe14 e-flex e-con-boxed e-con e-parent\" data-id=\"48ffe14\" data-element_type=\"container\">\n\t\t\t\t\t<div class=\"e-con-inner\">\n\t\t\t\t<div class=\"elementor-element elementor-element-0b77a72 elementor-widget elementor-widget-gallery\" data-id=\"0b77a72\" data-element_type=\"widget\" data-settings=\"{&quot;gallery_layout&quot;:&quot;justified&quot;,&quot;ideal_row_height_tablet&quot;:{&quot;unit&quot;:&quot;px&quot;,&quot;size&quot;:250,&quot;sizes&quot;:[]},&quot;ideal_row_height_mobile&quot;:{&quot;unit&quot;:&quot;px&quot;,&quot;size&quot;:260,&quot;sizes&quot;:[]},&quot;gap&quot;:{&quot;unit&quot;:&quot;px&quot;,&quot;size&quot;:15,&quot;sizes&quot;:[]},&quot;lazyload&quot;:&quot;yes&quot;,&quot;ideal_row_height&quot;:{&quot;unit&quot;:&quot;px&quot;,&quot;size&quot;:200,&quot;sizes&quot;:[]},&quot;gap_tablet&quot;:{&quot;unit&quot;:&quot;px&quot;,&quot;size&quot;:10,&quot;sizes&quot;:[]},&quot;gap_mobile&quot;:{&quot;unit&quot;:&quot;px&quot;,&quot;size&quot;:10,&quot;sizes&quot;:[]},&quot;link_to&quot;:&quot;file&quot;,&quot;overlay_background&quot;:&quot;yes&quot;,&quot;content_hover_animation&quot;:&quot;fade-in&quot;}\" data-widget_type=\"gallery.default\">\n\t\t\t\t\t\t\t<div class=\"elementor-gallery__container\">\n\t\t\t\t\t\t\t<a class=\"e-gallery-item elementor-gallery-item elementor-animated-content\" href=\"https:\/\/dev.antudigital.cl\/sites\/rutaiglesiaschiloe\/wp-content\/uploads\/2025\/10\/historia_galeria_08.jpg\" data-elementor-open-lightbox=\"yes\" data-elementor-lightbox-slideshow=\"0b77a72\" data-elementor-lightbox-title=\"Iglesia de Caguach\" data-e-action-hash=\"#elementor-action%3Aaction%3Dlightbox%26settings%3DeyJpZCI6MzM4LCJ1cmwiOiJodHRwczpcL1wvZGV2LmFudHVkaWdpdGFsLmNsXC9zaXRlc1wvcnV0YWlnbGVzaWFzY2hpbG9lXC93cC1jb250ZW50XC91cGxvYWRzXC8yMDI1XC8xMFwvaGlzdG9yaWFfZ2FsZXJpYV8wOC5qcGciLCJzbGlkZXNob3ciOiIwYjc3YTcyIn0%3D\">\n\t\t\t\t\t<div class=\"e-gallery-image elementor-gallery-item__image\" data-thumbnail=\"https:\/\/dev.antudigital.cl\/sites\/rutaiglesiaschiloe\/wp-content\/uploads\/2025\/10\/historia_galeria_08.jpg\" data-width=\"1333\" data-height=\"2000\" aria-label=\"\" role=\"img\" ><\/div>\n\t\t\t\t\t\t\t\t\t\t\t<div class=\"elementor-gallery-item__overlay\"><\/div>\n\t\t\t\t\t\t\t\t\t\t\t\t\t\t<\/a>\n\t\t\t\t\t\t\t<a class=\"e-gallery-item elementor-gallery-item elementor-animated-content\" href=\"https:\/\/dev.antudigital.cl\/sites\/rutaiglesiaschiloe\/wp-content\/uploads\/2025\/10\/historia_galeria_01.jpg\" data-elementor-open-lightbox=\"yes\" data-elementor-lightbox-slideshow=\"0b77a72\" data-elementor-lightbox-title=\"Iglesia de Vilupulli\" data-e-action-hash=\"#elementor-action%3Aaction%3Dlightbox%26settings%3DeyJpZCI6MzM5LCJ1cmwiOiJodHRwczpcL1wvZGV2LmFudHVkaWdpdGFsLmNsXC9zaXRlc1wvcnV0YWlnbGVzaWFzY2hpbG9lXC93cC1jb250ZW50XC91cGxvYWRzXC8yMDI1XC8xMFwvaGlzdG9yaWFfZ2FsZXJpYV8wMS5qcGciLCJzbGlkZXNob3ciOiIwYjc3YTcyIn0%3D\">\n\t\t\t\t\t<div class=\"e-gallery-image elementor-gallery-item__image\" data-thumbnail=\"https:\/\/dev.antudigital.cl\/sites\/rutaiglesiaschiloe\/wp-content\/uploads\/2025\/10\/historia_galeria_01.jpg\" data-width=\"1860\" data-height=\"1240\" aria-label=\"\" role=\"img\" ><\/div>\n\t\t\t\t\t\t\t\t\t\t\t<div class=\"elementor-gallery-item__overlay\"><\/div>\n\t\t\t\t\t\t\t\t\t\t\t\t\t\t<\/a>\n\t\t\t\t\t\t\t<a class=\"e-gallery-item elementor-gallery-item elementor-animated-content\" href=\"https:\/\/dev.antudigital.cl\/sites\/rutaiglesiaschiloe\/wp-content\/uploads\/2025\/10\/historia_galeria_02.jpg\" data-elementor-open-lightbox=\"yes\" data-elementor-lightbox-slideshow=\"0b77a72\" data-elementor-lightbox-title=\"Iglesia de Chonchi\" data-e-action-hash=\"#elementor-action%3Aaction%3Dlightbox%26settings%3DeyJpZCI6MzQwLCJ1cmwiOiJodHRwczpcL1wvZGV2LmFudHVkaWdpdGFsLmNsXC9zaXRlc1wvcnV0YWlnbGVzaWFzY2hpbG9lXC93cC1jb250ZW50XC91cGxvYWRzXC8yMDI1XC8xMFwvaGlzdG9yaWFfZ2FsZXJpYV8wMi5qcGciLCJzbGlkZXNob3ciOiIwYjc3YTcyIn0%3D\">\n\t\t\t\t\t<div class=\"e-gallery-image elementor-gallery-item__image\" data-thumbnail=\"https:\/\/dev.antudigital.cl\/sites\/rutaiglesiaschiloe\/wp-content\/uploads\/2025\/10\/historia_galeria_02.jpg\" data-width=\"1860\" data-height=\"1240\" aria-label=\"\" role=\"img\" ><\/div>\n\t\t\t\t\t\t\t\t\t\t\t<div class=\"elementor-gallery-item__overlay\"><\/div>\n\t\t\t\t\t\t\t\t\t\t\t\t\t\t<\/a>\n\t\t\t\t\t\t\t<a class=\"e-gallery-item elementor-gallery-item elementor-animated-content\" href=\"https:\/\/dev.antudigital.cl\/sites\/rutaiglesiaschiloe\/wp-content\/uploads\/2025\/10\/historia_galeria_03.jpg\" data-elementor-open-lightbox=\"yes\" data-elementor-lightbox-slideshow=\"0b77a72\" data-elementor-lightbox-title=\"Iglesia de Ril\u00e1n\" data-e-action-hash=\"#elementor-action%3Aaction%3Dlightbox%26settings%3DeyJpZCI6MzQxLCJ1cmwiOiJodHRwczpcL1wvZGV2LmFudHVkaWdpdGFsLmNsXC9zaXRlc1wvcnV0YWlnbGVzaWFzY2hpbG9lXC93cC1jb250ZW50XC91cGxvYWRzXC8yMDI1XC8xMFwvaGlzdG9yaWFfZ2FsZXJpYV8wMy5qcGciLCJzbGlkZXNob3ciOiIwYjc3YTcyIn0%3D\">\n\t\t\t\t\t<div class=\"e-gallery-image elementor-gallery-item__image\" data-thumbnail=\"https:\/\/dev.antudigital.cl\/sites\/rutaiglesiaschiloe\/wp-content\/uploads\/2025\/10\/historia_galeria_03.jpg\" data-width=\"1860\" data-height=\"1240\" aria-label=\"\" role=\"img\" ><\/div>\n\t\t\t\t\t\t\t\t\t\t\t<div class=\"elementor-gallery-item__overlay\"><\/div>\n\t\t\t\t\t\t\t\t\t\t\t\t\t\t<\/a>\n\t\t\t\t\t\t\t<a class=\"e-gallery-item elementor-gallery-item elementor-animated-content\" href=\"https:\/\/dev.antudigital.cl\/sites\/rutaiglesiaschiloe\/wp-content\/uploads\/2025\/10\/historia_galeria_04.jpg\" data-elementor-open-lightbox=\"yes\" data-elementor-lightbox-slideshow=\"0b77a72\" data-elementor-lightbox-title=\"Iglesia de Castro\" data-e-action-hash=\"#elementor-action%3Aaction%3Dlightbox%26settings%3DeyJpZCI6MzQyLCJ1cmwiOiJodHRwczpcL1wvZGV2LmFudHVkaWdpdGFsLmNsXC9zaXRlc1wvcnV0YWlnbGVzaWFzY2hpbG9lXC93cC1jb250ZW50XC91cGxvYWRzXC8yMDI1XC8xMFwvaGlzdG9yaWFfZ2FsZXJpYV8wNC5qcGciLCJzbGlkZXNob3ciOiIwYjc3YTcyIn0%3D\">\n\t\t\t\t\t<div class=\"e-gallery-image elementor-gallery-item__image\" data-thumbnail=\"https:\/\/dev.antudigital.cl\/sites\/rutaiglesiaschiloe\/wp-content\/uploads\/2025\/10\/historia_galeria_04.jpg\" data-width=\"1333\" data-height=\"1999\" aria-label=\"\" role=\"img\" ><\/div>\n\t\t\t\t\t\t\t\t\t\t\t<div class=\"elementor-gallery-item__overlay\"><\/div>\n\t\t\t\t\t\t\t\t\t\t\t\t\t\t<\/a>\n\t\t\t\t\t\t\t<a class=\"e-gallery-item elementor-gallery-item elementor-animated-content\" href=\"https:\/\/dev.antudigital.cl\/sites\/rutaiglesiaschiloe\/wp-content\/uploads\/2025\/10\/historia_galeria_05.jpg\" data-elementor-open-lightbox=\"yes\" data-elementor-lightbox-slideshow=\"0b77a72\" data-elementor-lightbox-title=\"Iglesia de Castro\" data-e-action-hash=\"#elementor-action%3Aaction%3Dlightbox%26settings%3DeyJpZCI6MzQzLCJ1cmwiOiJodHRwczpcL1wvZGV2LmFudHVkaWdpdGFsLmNsXC9zaXRlc1wvcnV0YWlnbGVzaWFzY2hpbG9lXC93cC1jb250ZW50XC91cGxvYWRzXC8yMDI1XC8xMFwvaGlzdG9yaWFfZ2FsZXJpYV8wNS5qcGciLCJzbGlkZXNob3ciOiIwYjc3YTcyIn0%3D\">\n\t\t\t\t\t<div class=\"e-gallery-image elementor-gallery-item__image\" data-thumbnail=\"https:\/\/dev.antudigital.cl\/sites\/rutaiglesiaschiloe\/wp-content\/uploads\/2025\/10\/historia_galeria_05.jpg\" data-width=\"1860\" data-height=\"1240\" aria-label=\"\" role=\"img\" ><\/div>\n\t\t\t\t\t\t\t\t\t\t\t<div class=\"elementor-gallery-item__overlay\"><\/div>\n\t\t\t\t\t\t\t\t\t\t\t\t\t\t<\/a>\n\t\t\t\t\t\t\t<a class=\"e-gallery-item elementor-gallery-item elementor-animated-content\" href=\"https:\/\/dev.antudigital.cl\/sites\/rutaiglesiaschiloe\/wp-content\/uploads\/2025\/10\/historia_galeria_06.jpg\" data-elementor-open-lightbox=\"yes\" data-elementor-lightbox-slideshow=\"0b77a72\" data-elementor-lightbox-title=\"Iglesia de Ichuac\" data-e-action-hash=\"#elementor-action%3Aaction%3Dlightbox%26settings%3DeyJpZCI6MzQ0LCJ1cmwiOiJodHRwczpcL1wvZGV2LmFudHVkaWdpdGFsLmNsXC9zaXRlc1wvcnV0YWlnbGVzaWFzY2hpbG9lXC93cC1jb250ZW50XC91cGxvYWRzXC8yMDI1XC8xMFwvaGlzdG9yaWFfZ2FsZXJpYV8wNi5qcGciLCJzbGlkZXNob3ciOiIwYjc3YTcyIn0%3D\">\n\t\t\t\t\t<div class=\"e-gallery-image elementor-gallery-item__image\" data-thumbnail=\"https:\/\/dev.antudigital.cl\/sites\/rutaiglesiaschiloe\/wp-content\/uploads\/2025\/10\/historia_galeria_06.jpg\" data-width=\"1860\" data-height=\"1240\" aria-label=\"\" role=\"img\" ><\/div>\n\t\t\t\t\t\t\t\t\t\t\t<div class=\"elementor-gallery-item__overlay\"><\/div>\n\t\t\t\t\t\t\t\t\t\t\t\t\t\t<\/a>\n\t\t\t\t\t\t\t<a class=\"e-gallery-item elementor-gallery-item elementor-animated-content\" href=\"https:\/\/dev.antudigital.cl\/sites\/rutaiglesiaschiloe\/wp-content\/uploads\/2025\/10\/historia_galeria_07.jpg\" data-elementor-open-lightbox=\"yes\" data-elementor-lightbox-slideshow=\"0b77a72\" data-elementor-lightbox-title=\"Iglesia de Quinchao\" data-e-action-hash=\"#elementor-action%3Aaction%3Dlightbox%26settings%3DeyJpZCI6MzQ1LCJ1cmwiOiJodHRwczpcL1wvZGV2LmFudHVkaWdpdGFsLmNsXC9zaXRlc1wvcnV0YWlnbGVzaWFzY2hpbG9lXC93cC1jb250ZW50XC91cGxvYWRzXC8yMDI1XC8xMFwvaGlzdG9yaWFfZ2FsZXJpYV8wNy5qcGciLCJzbGlkZXNob3ciOiIwYjc3YTcyIn0%3D\">\n\t\t\t\t\t<div class=\"e-gallery-image elementor-gallery-item__image\" data-thumbnail=\"https:\/\/dev.antudigital.cl\/sites\/rutaiglesiaschiloe\/wp-content\/uploads\/2025\/10\/historia_galeria_07.jpg\" data-width=\"1860\" data-height=\"1240\" aria-label=\"\" role=\"img\" ><\/div>\n\t\t\t\t\t\t\t\t\t\t\t<div class=\"elementor-gallery-item__overlay\"><\/div>\n\t\t\t\t\t\t\t\t\t\t\t\t\t\t<\/a>\n\t\t\t\t\t<\/div>\n\t\t\t\t\t<\/div>\n\t\t\t\t<div class=\"elementor-element elementor-element-7168ea6 elementor-widget elementor-widget-image\" data-id=\"7168ea6\" data-element_type=\"widget\" data-widget_type=\"image.default\">\n\t\t\t\t\t\t\t\t\t\t\t\t\t\t\t\t<a href=\"https:\/\/dev.antudigital.cl\/sites\/rutaiglesiaschiloe\/iglesias\/\">\n\t\t\t\t\t\t\t<img decoding=\"async\" width=\"248\" height=\"64\" src=\"https:\/\/dev.antudigital.cl\/sites\/rutaiglesiaschiloe\/wp-content\/uploads\/2025\/10\/btn-volver.svg\" class=\"elementor-animation-grow attachment-full size-full wp-image-204\" alt=\"\" \/>\t\t\t\t\t\t\t\t<\/a>\n\t\t\t\t\t\t\t\t\t\t\t\t\t\t\t<\/div>\n\t\t\t\t\t<\/div>\n\t\t\t\t<\/div>\n\t\t\t\t<\/div>\n\t\t","protected":false},"excerpt":{"rendered":"<p>https:\/\/www.youtube.com\/watch?v=B7t_Pp9ku5c TESTIGOS DEL PASADO Las iglesias de Chilo\u00e9 son el resultado de un sincretismo cultural \u00fanico, que se produce del rico intercambio entre espa\u00f1oles y pueblos originarios. Este sincretismo tiene sus ra\u00edces en un proceso hist\u00f3rico llamado\u00a0Misi\u00f3n circular, que se desarroll\u00f3 durante la Colonia, entre los siglos XVII y XVIII, y que fue implementado primero [&hellip;]<\/p>\n","protected":false},"author":1,"featured_media":0,"parent":0,"menu_order":0,"comment_status":"closed","ping_status":"closed","template":"elementor_header_footer","meta":{"_acf_changed":false,"footnotes":""},"class_list":["post-71","page","type-page","status-publish","hentry"],"acf":[],"_links":{"self":[{"href":"https:\/\/dev.antudigital.cl\/sites\/rutaiglesiaschiloe\/wp-json\/wp\/v2\/pages\/71","targetHints":{"allow":["GET"]}}],"collection":[{"href":"https:\/\/dev.antudigital.cl\/sites\/rutaiglesiaschiloe\/wp-json\/wp\/v2\/pages"}],"about":[{"href":"https:\/\/dev.antudigital.cl\/sites\/rutaiglesiaschiloe\/wp-json\/wp\/v2\/types\/page"}],"author":[{"embeddable":true,"href":"https:\/\/dev.antudigital.cl\/sites\/rutaiglesiaschiloe\/wp-json\/wp\/v2\/users\/1"}],"replies":[{"embeddable":true,"href":"https:\/\/dev.antudigital.cl\/sites\/rutaiglesiaschiloe\/wp-json\/wp\/v2\/comments?post=71"}],"version-history":[{"count":10,"href":"https:\/\/dev.antudigital.cl\/sites\/rutaiglesiaschiloe\/wp-json\/wp\/v2\/pages\/71\/revisions"}],"predecessor-version":[{"id":356,"href":"https:\/\/dev.antudigital.cl\/sites\/rutaiglesiaschiloe\/wp-json\/wp\/v2\/pages\/71\/revisions\/356"}],"wp:attachment":[{"href":"https:\/\/dev.antudigital.cl\/sites\/rutaiglesiaschiloe\/wp-json\/wp\/v2\/media?parent=71"}],"curies":[{"name":"wp","href":"https:\/\/api.w.org\/{rel}","templated":true}]}}