{"id":73,"date":"2025-10-02T13:59:29","date_gmt":"2025-10-02T16:59:29","guid":{"rendered":"https:\/\/dev.antudigital.cl\/sites\/rutaiglesiaschiloe\/?page_id=73"},"modified":"2025-10-06T22:39:59","modified_gmt":"2025-10-07T01:39:59","slug":"arquitectura","status":"publish","type":"page","link":"https:\/\/dev.antudigital.cl\/sites\/rutaiglesiaschiloe\/arquitectura\/","title":{"rendered":"Arquitectura"},"content":{"rendered":"\t\t<div data-elementor-type=\"wp-page\" data-elementor-id=\"73\" class=\"elementor elementor-73\" data-elementor-post-type=\"page\">\n\t\t\t\t<div class=\"elementor-element elementor-element-8a33780 e-flex e-con-boxed e-con e-parent\" data-id=\"8a33780\" data-element_type=\"container\" data-settings=\"{&quot;background_background&quot;:&quot;classic&quot;}\">\n\t\t\t\t\t<div class=\"e-con-inner\">\n\t\t\t\t<div class=\"elementor-element elementor-element-d21119d elementor-widget elementor-widget-heading\" data-id=\"d21119d\" data-element_type=\"widget\" data-widget_type=\"heading.default\">\n\t\t\t\t\t<h1 class=\"elementor-heading-title elementor-size-default\">Arquitectura<\/h1>\t\t\t\t<\/div>\n\t\t\t\t\t<\/div>\n\t\t\t\t<\/div>\n\t\t<div class=\"elementor-element elementor-element-33857f8 e-flex e-con-boxed e-con e-parent\" data-id=\"33857f8\" data-element_type=\"container\">\n\t\t\t\t\t<div class=\"e-con-inner\">\n\t\t\t\t<div class=\"elementor-element elementor-element-822b3cd elementor-widget elementor-widget-video\" data-id=\"822b3cd\" data-element_type=\"widget\" data-settings=\"{&quot;youtube_url&quot;:&quot;https:\\\/\\\/www.youtube.com\\\/watch?v=94Yc_Z6ubpo&quot;,&quot;video_type&quot;:&quot;youtube&quot;,&quot;controls&quot;:&quot;yes&quot;}\" data-widget_type=\"video.default\">\n\t\t\t\t\t\t\t<div class=\"elementor-wrapper elementor-open-inline\">\n\t\t\t<div class=\"elementor-video\"><\/div>\t\t<\/div>\n\t\t\t\t\t\t<\/div>\n\t\t\t\t\t<\/div>\n\t\t\t\t<\/div>\n\t\t<div class=\"elementor-element elementor-element-4571c0b e-flex e-con-boxed e-con e-parent\" data-id=\"4571c0b\" data-element_type=\"container\" data-settings=\"{&quot;background_background&quot;:&quot;classic&quot;}\">\n\t\t\t\t\t<div class=\"e-con-inner\">\n\t\t\t\t<div class=\"elementor-element elementor-element-392eebc elementor-widget elementor-widget-heading\" data-id=\"392eebc\" data-element_type=\"widget\" data-widget_type=\"heading.default\">\n\t\t\t\t\t<h3 class=\"elementor-heading-title elementor-size-default\">LEGADO ARQUITECT\u00d3NICO\n<\/h3>\t\t\t\t<\/div>\n\t\t\t\t<div class=\"elementor-element elementor-element-d67c695 elementor-widget elementor-widget-text-editor\" data-id=\"d67c695\" data-element_type=\"widget\" data-widget_type=\"text-editor.default\">\n\t\t\t\t\t\t\t\t\t<p class=\"font-thin text-tinto text-[18px] mb-[20px] leading-normal md:text-[26px] md:leading-[34px] md:mb-[25px]\"><b>La carpinter\u00eda tradicional chilota es fruto del profundo conocimiento que los pueblos originarios, chonos y veliches, ten\u00edan de las propiedades de las maderas nativas del archipi\u00e1lago.\u00a0<\/b>Estos saberes son el resultado de una necesidad de adaptarse al medio que requiri\u00f3 de mucho ingenio.<\/p><p class=\"font-thin text-tinto text-[18px] mb-[20px] leading-normal md:text-[26px] md:leading-[34px] md:mb-[25px]\">Las iglesias de Chilo\u00e9 son la expresi\u00f3n monumental de esta maestr\u00eda y creatividad. En ellas, cada madera nativa, ya fuera el cipr\u00e9s, el coihue, el alerce, el ma\u00f1\u00edo, el laurel, la tepa, el canelo, o el array\u00e1n, cumpl\u00eda una funci\u00f3n particular.<\/p><p class=\"font-thin text-tinto text-[18px] mb-[20px] leading-normal md:text-[26px] md:leading-[34px] md:mb-[25px]\">Destaca en estas obras el\u00a0<b>uso de t\u00e9cnicas constructivas tradicionales, como los ensambles, empalmes y detalles ornamentales.<\/b>Debido a la escasez de metales en las islas, en la obra gruesa casi no se utilizaban clavos de hierro, sino remaches de madera.<\/p><p class=\"font-thin text-tinto text-[18px] mb-[20px] leading-normal md:text-[26px] md:leading-[34px] md:mb-[25px]\">Las iglesias patrimoniales de Chilo\u00e9, representantes de la\u00a0<b>Escuela Chilota de Arquitectura Religiosa en Madera<\/b>\u00a0responden a un<b>modelo tipol\u00f3gico<\/b>\u00a0muy distintivo, ya que tienen todas la misma estructura b\u00e1sica:<\/p><ul class=\"list-disc md:ml-[50px] md:pb-[40px] px-5 md:px-0 mb-[20px]\"><li class=\"font-thin text-tinto text-[18px] md:text-[26px] md:leading-[34px] md:py-[10px]\">Una fachada caracterizada por un p\u00f3rtico y una torre-campanario, que puede tener uno o dos tambores (o pisos).<\/li><li class=\"font-thin text-tinto text-[18px] md:text-[26px] md:leading-[34px] md:py-[10px]\">Un volumen horizontal con techo a dos aguas.<\/li><li class=\"font-thin text-tinto text-[18px] md:text-[26px] md:leading-[34px] md:py-[10px]\">Tres naves en su interior, la central con el techo habitualmente abovedado.<\/li><li class=\"font-thin text-tinto text-[18px] md:text-[26px] md:leading-[34px] md:py-[10px]\">Una gran explanada frente a la edificaci\u00f3n.<\/li><\/ul><p class=\"font-thin text-tinto text-[18px] mb-[20px] leading-normal md:text-[26px] md:leading-[34px] md:mb-[25px]\">Las 16 iglesias reconocidas como Patrimonio de la Humanidad son<b>representativas de un conjunto mucho mayor de iglesias,<\/b>\u00a0distribuidas tanto en el archipi\u00e9lago de Chilo\u00e9 como en el Seno de Reloncav\u00ed.<\/p>\t\t\t\t\t\t\t\t<\/div>\n\t\t\t\t\t<\/div>\n\t\t\t\t<\/div>\n\t\t<div class=\"elementor-element elementor-element-72c7533 e-flex e-con-boxed e-con e-parent\" data-id=\"72c7533\" data-element_type=\"container\">\n\t\t\t\t\t<div class=\"e-con-inner\">\n\t\t\t\t<div class=\"elementor-element elementor-element-66c4a65 elementor-widget elementor-widget-gallery\" data-id=\"66c4a65\" data-element_type=\"widget\" data-settings=\"{&quot;gallery_layout&quot;:&quot;justified&quot;,&quot;ideal_row_height_tablet&quot;:{&quot;unit&quot;:&quot;px&quot;,&quot;size&quot;:250,&quot;sizes&quot;:[]},&quot;ideal_row_height_mobile&quot;:{&quot;unit&quot;:&quot;px&quot;,&quot;size&quot;:260,&quot;sizes&quot;:[]},&quot;gap&quot;:{&quot;unit&quot;:&quot;px&quot;,&quot;size&quot;:15,&quot;sizes&quot;:[]},&quot;lazyload&quot;:&quot;yes&quot;,&quot;ideal_row_height&quot;:{&quot;unit&quot;:&quot;px&quot;,&quot;size&quot;:200,&quot;sizes&quot;:[]},&quot;gap_tablet&quot;:{&quot;unit&quot;:&quot;px&quot;,&quot;size&quot;:10,&quot;sizes&quot;:[]},&quot;gap_mobile&quot;:{&quot;unit&quot;:&quot;px&quot;,&quot;size&quot;:10,&quot;sizes&quot;:[]},&quot;link_to&quot;:&quot;file&quot;,&quot;overlay_background&quot;:&quot;yes&quot;,&quot;content_hover_animation&quot;:&quot;fade-in&quot;}\" data-widget_type=\"gallery.default\">\n\t\t\t\t\t\t\t<div class=\"elementor-gallery__container\">\n\t\t\t\t\t\t\t<a class=\"e-gallery-item elementor-gallery-item elementor-animated-content\" href=\"https:\/\/dev.antudigital.cl\/sites\/rutaiglesiaschiloe\/wp-content\/uploads\/2025\/10\/arquitectura_galeria_08.jpg\" data-elementor-open-lightbox=\"yes\" data-elementor-lightbox-slideshow=\"66c4a65\" data-elementor-lightbox-title=\"Iglesia de Nerc\u00f3n\" data-elementor-lightbox-description=\"Vista exterior de la b\u00f3veda\" data-e-action-hash=\"#elementor-action%3Aaction%3Dlightbox%26settings%3DeyJpZCI6MzYyLCJ1cmwiOiJodHRwczpcL1wvZGV2LmFudHVkaWdpdGFsLmNsXC9zaXRlc1wvcnV0YWlnbGVzaWFzY2hpbG9lXC93cC1jb250ZW50XC91cGxvYWRzXC8yMDI1XC8xMFwvYXJxdWl0ZWN0dXJhX2dhbGVyaWFfMDguanBnIiwic2xpZGVzaG93IjoiNjZjNGE2NSJ9\">\n\t\t\t\t\t<div class=\"e-gallery-image elementor-gallery-item__image\" data-thumbnail=\"https:\/\/dev.antudigital.cl\/sites\/rutaiglesiaschiloe\/wp-content\/uploads\/2025\/10\/arquitectura_galeria_08.jpg\" data-width=\"1860\" data-height=\"1240\" aria-label=\"\" role=\"img\" ><\/div>\n\t\t\t\t\t\t\t\t\t\t\t<div class=\"elementor-gallery-item__overlay\"><\/div>\n\t\t\t\t\t\t\t\t\t\t\t\t\t\t<\/a>\n\t\t\t\t\t\t\t<a class=\"e-gallery-item elementor-gallery-item elementor-animated-content\" href=\"https:\/\/dev.antudigital.cl\/sites\/rutaiglesiaschiloe\/wp-content\/uploads\/2025\/10\/arquitectura_galeria_01.jpg\" data-elementor-open-lightbox=\"yes\" data-elementor-lightbox-slideshow=\"66c4a65\" data-elementor-lightbox-title=\"Iglesia de Aldachildo\" data-elementor-lightbox-description=\"Fachada\" data-e-action-hash=\"#elementor-action%3Aaction%3Dlightbox%26settings%3DeyJpZCI6MzYzLCJ1cmwiOiJodHRwczpcL1wvZGV2LmFudHVkaWdpdGFsLmNsXC9zaXRlc1wvcnV0YWlnbGVzaWFzY2hpbG9lXC93cC1jb250ZW50XC91cGxvYWRzXC8yMDI1XC8xMFwvYXJxdWl0ZWN0dXJhX2dhbGVyaWFfMDEuanBnIiwic2xpZGVzaG93IjoiNjZjNGE2NSJ9\">\n\t\t\t\t\t<div class=\"e-gallery-image elementor-gallery-item__image\" data-thumbnail=\"https:\/\/dev.antudigital.cl\/sites\/rutaiglesiaschiloe\/wp-content\/uploads\/2025\/10\/arquitectura_galeria_01.jpg\" data-width=\"1333\" data-height=\"1999\" aria-label=\"\" role=\"img\" ><\/div>\n\t\t\t\t\t\t\t\t\t\t\t<div class=\"elementor-gallery-item__overlay\"><\/div>\n\t\t\t\t\t\t\t\t\t\t\t\t\t\t<\/a>\n\t\t\t\t\t\t\t<a class=\"e-gallery-item elementor-gallery-item elementor-animated-content\" href=\"https:\/\/dev.antudigital.cl\/sites\/rutaiglesiaschiloe\/wp-content\/uploads\/2025\/10\/arquitectura_galeria_02.jpg\" data-elementor-open-lightbox=\"yes\" data-elementor-lightbox-slideshow=\"66c4a65\" data-elementor-lightbox-title=\"Iglesia de Detif\" data-elementor-lightbox-description=\"B\u00f3veda\" data-e-action-hash=\"#elementor-action%3Aaction%3Dlightbox%26settings%3DeyJpZCI6MzY0LCJ1cmwiOiJodHRwczpcL1wvZGV2LmFudHVkaWdpdGFsLmNsXC9zaXRlc1wvcnV0YWlnbGVzaWFzY2hpbG9lXC93cC1jb250ZW50XC91cGxvYWRzXC8yMDI1XC8xMFwvYXJxdWl0ZWN0dXJhX2dhbGVyaWFfMDIuanBnIiwic2xpZGVzaG93IjoiNjZjNGE2NSJ9\">\n\t\t\t\t\t<div class=\"e-gallery-image elementor-gallery-item__image\" data-thumbnail=\"https:\/\/dev.antudigital.cl\/sites\/rutaiglesiaschiloe\/wp-content\/uploads\/2025\/10\/arquitectura_galeria_02.jpg\" data-width=\"1860\" data-height=\"1240\" aria-label=\"\" role=\"img\" ><\/div>\n\t\t\t\t\t\t\t\t\t\t\t<div class=\"elementor-gallery-item__overlay\"><\/div>\n\t\t\t\t\t\t\t\t\t\t\t\t\t\t<\/a>\n\t\t\t\t\t\t\t<a class=\"e-gallery-item elementor-gallery-item elementor-animated-content\" href=\"https:\/\/dev.antudigital.cl\/sites\/rutaiglesiaschiloe\/wp-content\/uploads\/2025\/10\/arquitectura_galeria_03.jpg\" data-elementor-open-lightbox=\"yes\" data-elementor-lightbox-slideshow=\"66c4a65\" data-elementor-lightbox-title=\"Iglesia de Quinchao\" data-elementor-lightbox-description=\"Detalle Constructivo\" data-e-action-hash=\"#elementor-action%3Aaction%3Dlightbox%26settings%3DeyJpZCI6MzY1LCJ1cmwiOiJodHRwczpcL1wvZGV2LmFudHVkaWdpdGFsLmNsXC9zaXRlc1wvcnV0YWlnbGVzaWFzY2hpbG9lXC93cC1jb250ZW50XC91cGxvYWRzXC8yMDI1XC8xMFwvYXJxdWl0ZWN0dXJhX2dhbGVyaWFfMDMuanBnIiwic2xpZGVzaG93IjoiNjZjNGE2NSJ9\">\n\t\t\t\t\t<div class=\"e-gallery-image elementor-gallery-item__image\" data-thumbnail=\"https:\/\/dev.antudigital.cl\/sites\/rutaiglesiaschiloe\/wp-content\/uploads\/2025\/10\/arquitectura_galeria_03.jpg\" data-width=\"1333\" data-height=\"2000\" aria-label=\"\" role=\"img\" ><\/div>\n\t\t\t\t\t\t\t\t\t\t\t<div class=\"elementor-gallery-item__overlay\"><\/div>\n\t\t\t\t\t\t\t\t\t\t\t\t\t\t<\/a>\n\t\t\t\t\t\t\t<a class=\"e-gallery-item elementor-gallery-item elementor-animated-content\" href=\"https:\/\/dev.antudigital.cl\/sites\/rutaiglesiaschiloe\/wp-content\/uploads\/2025\/10\/arquitectura_galeria_04.jpg\" data-elementor-open-lightbox=\"yes\" data-elementor-lightbox-slideshow=\"66c4a65\" data-elementor-lightbox-title=\"Iglesia de Chelin\" data-elementor-lightbox-description=\"Detalle ornamental\" data-e-action-hash=\"#elementor-action%3Aaction%3Dlightbox%26settings%3DeyJpZCI6MzY2LCJ1cmwiOiJodHRwczpcL1wvZGV2LmFudHVkaWdpdGFsLmNsXC9zaXRlc1wvcnV0YWlnbGVzaWFzY2hpbG9lXC93cC1jb250ZW50XC91cGxvYWRzXC8yMDI1XC8xMFwvYXJxdWl0ZWN0dXJhX2dhbGVyaWFfMDQuanBnIiwic2xpZGVzaG93IjoiNjZjNGE2NSJ9\">\n\t\t\t\t\t<div class=\"e-gallery-image elementor-gallery-item__image\" data-thumbnail=\"https:\/\/dev.antudigital.cl\/sites\/rutaiglesiaschiloe\/wp-content\/uploads\/2025\/10\/arquitectura_galeria_04.jpg\" data-width=\"1860\" data-height=\"1240\" aria-label=\"\" role=\"img\" ><\/div>\n\t\t\t\t\t\t\t\t\t\t\t<div class=\"elementor-gallery-item__overlay\"><\/div>\n\t\t\t\t\t\t\t\t\t\t\t\t\t\t<\/a>\n\t\t\t\t\t\t\t<a class=\"e-gallery-item elementor-gallery-item elementor-animated-content\" href=\"https:\/\/dev.antudigital.cl\/sites\/rutaiglesiaschiloe\/wp-content\/uploads\/2025\/10\/arquitectura_galeria_05.jpg\" data-elementor-open-lightbox=\"yes\" data-elementor-lightbox-slideshow=\"66c4a65\" data-elementor-lightbox-title=\"Iglesia de Ril\u00e1n\" data-elementor-lightbox-description=\"B\u00f3veda de crucer\u00edas\" data-e-action-hash=\"#elementor-action%3Aaction%3Dlightbox%26settings%3DeyJpZCI6MzY3LCJ1cmwiOiJodHRwczpcL1wvZGV2LmFudHVkaWdpdGFsLmNsXC9zaXRlc1wvcnV0YWlnbGVzaWFzY2hpbG9lXC93cC1jb250ZW50XC91cGxvYWRzXC8yMDI1XC8xMFwvYXJxdWl0ZWN0dXJhX2dhbGVyaWFfMDUuanBnIiwic2xpZGVzaG93IjoiNjZjNGE2NSJ9\">\n\t\t\t\t\t<div class=\"e-gallery-image elementor-gallery-item__image\" data-thumbnail=\"https:\/\/dev.antudigital.cl\/sites\/rutaiglesiaschiloe\/wp-content\/uploads\/2025\/10\/arquitectura_galeria_05.jpg\" data-width=\"1860\" data-height=\"1240\" aria-label=\"\" role=\"img\" ><\/div>\n\t\t\t\t\t\t\t\t\t\t\t<div class=\"elementor-gallery-item__overlay\"><\/div>\n\t\t\t\t\t\t\t\t\t\t\t\t\t\t<\/a>\n\t\t\t\t\t\t\t<a class=\"e-gallery-item elementor-gallery-item elementor-animated-content\" href=\"https:\/\/dev.antudigital.cl\/sites\/rutaiglesiaschiloe\/wp-content\/uploads\/2025\/10\/arquitectura_galeria_06.jpg\" data-elementor-open-lightbox=\"yes\" data-elementor-lightbox-slideshow=\"66c4a65\" data-elementor-lightbox-title=\"Iglesia de Dalcahue\" data-elementor-lightbox-description=\"Columnas pintadas imitando el m\u00e1rmol\" data-e-action-hash=\"#elementor-action%3Aaction%3Dlightbox%26settings%3DeyJpZCI6MzY4LCJ1cmwiOiJodHRwczpcL1wvZGV2LmFudHVkaWdpdGFsLmNsXC9zaXRlc1wvcnV0YWlnbGVzaWFzY2hpbG9lXC93cC1jb250ZW50XC91cGxvYWRzXC8yMDI1XC8xMFwvYXJxdWl0ZWN0dXJhX2dhbGVyaWFfMDYuanBnIiwic2xpZGVzaG93IjoiNjZjNGE2NSJ9\">\n\t\t\t\t\t<div class=\"e-gallery-image elementor-gallery-item__image\" data-thumbnail=\"https:\/\/dev.antudigital.cl\/sites\/rutaiglesiaschiloe\/wp-content\/uploads\/2025\/10\/arquitectura_galeria_06.jpg\" data-width=\"1860\" data-height=\"1240\" aria-label=\"\" role=\"img\" ><\/div>\n\t\t\t\t\t\t\t\t\t\t\t<div class=\"elementor-gallery-item__overlay\"><\/div>\n\t\t\t\t\t\t\t\t\t\t\t\t\t\t<\/a>\n\t\t\t\t\t\t\t<a class=\"e-gallery-item elementor-gallery-item elementor-animated-content\" href=\"https:\/\/dev.antudigital.cl\/sites\/rutaiglesiaschiloe\/wp-content\/uploads\/2025\/10\/arquitectura_galeria_07.jpg\" data-elementor-open-lightbox=\"yes\" data-elementor-lightbox-slideshow=\"66c4a65\" data-elementor-lightbox-title=\"Iglesia de Vilupulli\" data-elementor-lightbox-description=\"Plano de la iglesia\" data-e-action-hash=\"#elementor-action%3Aaction%3Dlightbox%26settings%3DeyJpZCI6MzY5LCJ1cmwiOiJodHRwczpcL1wvZGV2LmFudHVkaWdpdGFsLmNsXC9zaXRlc1wvcnV0YWlnbGVzaWFzY2hpbG9lXC93cC1jb250ZW50XC91cGxvYWRzXC8yMDI1XC8xMFwvYXJxdWl0ZWN0dXJhX2dhbGVyaWFfMDcuanBnIiwic2xpZGVzaG93IjoiNjZjNGE2NSJ9\">\n\t\t\t\t\t<div class=\"e-gallery-image elementor-gallery-item__image\" data-thumbnail=\"https:\/\/dev.antudigital.cl\/sites\/rutaiglesiaschiloe\/wp-content\/uploads\/2025\/10\/arquitectura_galeria_07.jpg\" data-width=\"1860\" data-height=\"1240\" aria-label=\"\" role=\"img\" ><\/div>\n\t\t\t\t\t\t\t\t\t\t\t<div class=\"elementor-gallery-item__overlay\"><\/div>\n\t\t\t\t\t\t\t\t\t\t\t\t\t\t<\/a>\n\t\t\t\t\t<\/div>\n\t\t\t\t\t<\/div>\n\t\t\t\t<div class=\"elementor-element elementor-element-4d4668b elementor-widget elementor-widget-image\" data-id=\"4d4668b\" data-element_type=\"widget\" data-widget_type=\"image.default\">\n\t\t\t\t\t\t\t\t\t\t\t\t\t\t\t\t<a href=\"https:\/\/dev.antudigital.cl\/sites\/rutaiglesiaschiloe\/iglesias\/\">\n\t\t\t\t\t\t\t<img decoding=\"async\" width=\"248\" height=\"64\" src=\"https:\/\/dev.antudigital.cl\/sites\/rutaiglesiaschiloe\/wp-content\/uploads\/2025\/10\/btn-volver.svg\" class=\"elementor-animation-grow attachment-full size-full wp-image-204\" alt=\"\" \/>\t\t\t\t\t\t\t\t<\/a>\n\t\t\t\t\t\t\t\t\t\t\t\t\t\t\t<\/div>\n\t\t\t\t\t<\/div>\n\t\t\t\t<\/div>\n\t\t\t\t<\/div>\n\t\t","protected":false},"excerpt":{"rendered":"<p>https:\/\/www.youtube.com\/watch?v=94Yc_Z6ubpo LEGADO ARQUITECT\u00d3NICO La carpinter\u00eda tradicional chilota es fruto del profundo conocimiento que los pueblos originarios, chonos y veliches, ten\u00edan de las propiedades de las maderas nativas del archipi\u00e1lago.\u00a0Estos saberes son el resultado de una necesidad de adaptarse al medio que requiri\u00f3 de mucho ingenio. Las iglesias de Chilo\u00e9 son la expresi\u00f3n monumental de esta [&hellip;]<\/p>\n","protected":false},"author":1,"featured_media":0,"parent":0,"menu_order":0,"comment_status":"closed","ping_status":"closed","template":"elementor_header_footer","meta":{"_acf_changed":false,"footnotes":""},"class_list":["post-73","page","type-page","status-publish","hentry"],"acf":[],"_links":{"self":[{"href":"https:\/\/dev.antudigital.cl\/sites\/rutaiglesiaschiloe\/wp-json\/wp\/v2\/pages\/73","targetHints":{"allow":["GET"]}}],"collection":[{"href":"https:\/\/dev.antudigital.cl\/sites\/rutaiglesiaschiloe\/wp-json\/wp\/v2\/pages"}],"about":[{"href":"https:\/\/dev.antudigital.cl\/sites\/rutaiglesiaschiloe\/wp-json\/wp\/v2\/types\/page"}],"author":[{"embeddable":true,"href":"https:\/\/dev.antudigital.cl\/sites\/rutaiglesiaschiloe\/wp-json\/wp\/v2\/users\/1"}],"replies":[{"embeddable":true,"href":"https:\/\/dev.antudigital.cl\/sites\/rutaiglesiaschiloe\/wp-json\/wp\/v2\/comments?post=73"}],"version-history":[{"count":7,"href":"https:\/\/dev.antudigital.cl\/sites\/rutaiglesiaschiloe\/wp-json\/wp\/v2\/pages\/73\/revisions"}],"predecessor-version":[{"id":372,"href":"https:\/\/dev.antudigital.cl\/sites\/rutaiglesiaschiloe\/wp-json\/wp\/v2\/pages\/73\/revisions\/372"}],"wp:attachment":[{"href":"https:\/\/dev.antudigital.cl\/sites\/rutaiglesiaschiloe\/wp-json\/wp\/v2\/media?parent=73"}],"curies":[{"name":"wp","href":"https:\/\/api.w.org\/{rel}","templated":true}]}}